{"id":10409,"date":"2022-04-05T17:08:57","date_gmt":"2022-04-05T17:08:57","guid":{"rendered":"https:\/\/moveisantunes.com\/?page_id=10409"},"modified":"2022-04-05T17:16:13","modified_gmt":"2022-04-05T17:16:13","slug":"10409-2","status":"publish","type":"page","link":"https:\/\/moveisantunes.com\/?page_id=10409","title":{"rendered":"Sobre N\u00f3s"},"content":{"rendered":"\n<p>Bem vindo ao mundo do Mobili\u00e1rio e dos interiores e ao prazer que pode desfrutar do seu conforto e decora\u00e7\u00e3o que tornam os espa\u00e7os da sua casa num ambiente mais acolhedor.<\/p>\n\n\n\n<p>Apresentamos-lhe aqui o nosso espa\u00e7o online, criado a pensar em si, onde pode desfrutar da consulta de alguns dos nossos produtos e novidades.<\/p>\n\n\n\n<p>Depois do nosso armaz\u00e9m e loja aberta ao p\u00fablico na vila da Goleg\u00e3 capital do cavalo, queremos com este novo espa\u00e7o proporcionar aos nossos clientes a possibilidade de consulta de cat\u00e1logos, realizar encomendas e pedir or\u00e7amentos ou informa\u00e7\u00f5es para os M\u00f3veis que pretende.<\/p>\n\n\n\n<p>Oferecemos-lhe servi\u00e7os de qualidade com entregas em todo o pais, flexibilidade nas suas encomendas e ideias para criar produtos ao seu gosto e medida onde o limite \u00e9 a sua imagina\u00e7\u00e3o. Isto tudo com a qualidade e a efici\u00eancia a que os nossos clientes j\u00e1 conhecem de uma empresa no mercado desde 1981. Temos tudo o que diz respeito a mobili\u00e1rio e decora\u00e7\u00f5es desde mesas, cadeiras sof\u00e1s, candeeiros&#8230; tudo o que precisa pode estar aqui nas nossas m\u00e3os.<\/p>\n\n\n\n<p>Deixe-se fascinar pela eleg\u00e2ncia do Cl\u00e1ssico, pelo tosco do R\u00fastico e pelo design e suavidade do Moderno neste maravilhoso mundo dos interiores que principalmente \u00e9 o seu\u2026<\/p>\n","protected":false},"excerpt":{"rendered":"<p>Bem vindo ao mundo do Mobili\u00e1rio e dos interiores e ao prazer que pode desfrutar do seu conforto e decora\u00e7\u00e3o<\/p>\n","protected":false},"author":1,"featured_media":0,"parent":0,"menu_order":0,"comment_status":"closed","ping_status":"closed","template":"","meta":{"_monsterinsights_skip_tracking":false,"_monsterinsights_sitenote_active":false,"_monsterinsights_sitenote_note":"","_monsterinsights_sitenote_category":0,"footnotes":""},"class_list":["post-10409","page","type-page","status-publish","hentry"],"aioseo_notices":[],"_links":{"self":[{"href":"https:\/\/moveisantunes.com\/index.php?rest_route=\/wp\/v2\/pages\/10409","targetHints":{"allow":["GET"]}}],"collection":[{"href":"https:\/\/moveisantunes.com\/index.php?rest_route=\/wp\/v2\/pages"}],"about":[{"href":"https:\/\/moveisantunes.com\/index.php?rest_route=\/wp\/v2\/types\/page"}],"author":[{"embeddable":true,"href":"https:\/\/moveisantunes.com\/index.php?rest_route=\/wp\/v2\/users\/1"}],"replies":[{"embeddable":true,"href":"https:\/\/moveisantunes.com\/index.php?rest_route=%2Fwp%2Fv2%2Fcomments&post=10409"}],"version-history":[{"count":3,"href":"https:\/\/moveisantunes.com\/index.php?rest_route=\/wp\/v2\/pages\/10409\/revisions"}],"predecessor-version":[{"id":10412,"href":"https:\/\/moveisantunes.com\/index.php?rest_route=\/wp\/v2\/pages\/10409\/revisions\/10412"}],"wp:attachment":[{"href":"https:\/\/moveisantunes.com\/index.php?rest_route=%2Fwp%2Fv2%2Fmedia&parent=10409"}],"curies":[{"name":"wp","href":"https:\/\/api.w.org\/{rel}","templated":true}]}}