{"id":10415,"date":"2022-04-05T17:17:42","date_gmt":"2022-04-05T17:17:42","guid":{"rendered":"https:\/\/moveisantunes.com\/?page_id=10415"},"modified":"2022-06-20T21:50:33","modified_gmt":"2022-06-20T21:50:33","slug":"politica-de-privacidade","status":"publish","type":"page","link":"https:\/\/moveisantunes.com\/?page_id=10415","title":{"rendered":"Pol\u00edtica de Privacidade"},"content":{"rendered":"\n<p>A&nbsp;<strong>M\u00f3veis Antunes<\/strong>&nbsp;no cumprimento do Regulamento Geral de Prote\u00e7\u00e3o de Dados, em vigor informa que:<br>1. Os seus dados pessoais recolhidos no \u00e2mbito do exerc\u00edcio da atividade da empresa, ser\u00e3o tratados por&nbsp;<strong>Cust\u00f3dio dos Reis Pereira Antunes com\u00e9rcio de mobili\u00e1rio Lda, representada por\u00e1 Cust\u00f3dio dos Reis Pereira Antunes e Jorge Gon\u00e7alo Pereira Antunes<\/strong>.<\/p>\n\n\n\n<p>2. Todos os seus dados pessoais e da atividade, ser\u00e3o conservados apenas durante a rela\u00e7\u00e3o comercial que vigorar e pelo per\u00edodo legalmente obrigat\u00f3rio, respeitando a sua adequada conserva\u00e7\u00e3o, as garantias de sigilo e confidencialidade preconizadas pelo RGPD.<\/p>\n\n\n\n<p>3. A nossa legitimidade para proceder ao tratamento dos dados pessoais e da atividade, encontra-se prevista na al\u00ednea a) do n.\u00ba 1 do Art\u00ba 6.\u00ba do RGDP.<\/p>\n\n\n\n<p>4. Disp\u00f5e V. Ex\u00aa, do direito de nos solicitar o acesso aos dados pessoais e da atividade que lhe digam respeito, bem como \u00e0 sua retifica\u00e7\u00e3o ou ao seu apagamento.<\/p>\n\n\n\n<p>5. Disp\u00f5e V. Ex\u00aa, do direito \u00e0 limita\u00e7\u00e3o do tratamento dos dados pessoais e da atividade que lhe digam respeito, bem como do direito \u00e0 limita\u00e7\u00e3o da portabilidade dos dados, podendo para o efeito solicitar documento espec\u00edfico para o exerc\u00edcio desse direito.<\/p>\n\n\n\n<p>6. Pode, V. Ex\u00aa, retirar-nos o consentimento para o tratamento dos seus dados pessoais e da atividade, em qualquer altura, sem comprometer a licitude do tratamento efetuado com base no consentimento j\u00e1 prestado no \u00e2mbito deste documento.<\/p>\n\n\n\n<p>7. Caso considere ter sido violado o RGPD poder\u00e1 apresentar reclama\u00e7\u00e3o a uma autoridade de controlo.<\/p>\n\n\n\n<p>8. Havendo lugar a decis\u00f5es automatizadas, incluindo a defini\u00e7\u00e3o de perfis, poder\u00e1 V. Ex\u00aa opor-se \u00e0s mesmas, nos termos e para os efeitos do Art\u00ba 22.\u00ba do RGPD.<\/p>\n\n\n\n<p>9.A partir do momento em que um Cliente se regista no nosso site e \u00e9 aprovado no Back-Office, est\u00e1 a autorizar a&nbsp;<strong>M\u00f3veis Antunes<\/strong>&nbsp;a monitorizar os seus movimentos no site.<\/p>\n\n\n\n<p>Aconselhamos todos os clientes a lerem tamb\u00e9m os nossos\u00a0<a href=\"https:\/\/moveisantunes.com\/?page_id=10417\">Termos e Condi\u00e7\u00f5es<\/a><\/p>\n","protected":false},"excerpt":{"rendered":"<p>A&nbsp;M\u00f3veis Antunes&nbsp;no cumprimento do Regulamento Geral de Prote\u00e7\u00e3o de Dados, em vigor informa que:1. Os seus dados pessoais recolhidos no<\/p>\n","protected":false},"author":1,"featured_media":0,"parent":0,"menu_order":0,"comment_status":"closed","ping_status":"closed","template":"","meta":{"_monsterinsights_skip_tracking":false,"_monsterinsights_sitenote_active":false,"_monsterinsights_sitenote_note":"","_monsterinsights_sitenote_category":0,"footnotes":""},"class_list":["post-10415","page","type-page","status-publish","hentry"],"aioseo_notices":[],"_links":{"self":[{"href":"https:\/\/moveisantunes.com\/index.php?rest_route=\/wp\/v2\/pages\/10415","targetHints":{"allow":["GET"]}}],"collection":[{"href":"https:\/\/moveisantunes.com\/index.php?rest_route=\/wp\/v2\/pages"}],"about":[{"href":"https:\/\/moveisantunes.com\/index.php?rest_route=\/wp\/v2\/types\/page"}],"author":[{"embeddable":true,"href":"https:\/\/moveisantunes.com\/index.php?rest_route=\/wp\/v2\/users\/1"}],"replies":[{"embeddable":true,"href":"https:\/\/moveisantunes.com\/index.php?rest_route=%2Fwp%2Fv2%2Fcomments&post=10415"}],"version-history":[{"count":3,"href":"https:\/\/moveisantunes.com\/index.php?rest_route=\/wp\/v2\/pages\/10415\/revisions"}],"predecessor-version":[{"id":10628,"href":"https:\/\/moveisantunes.com\/index.php?rest_route=\/wp\/v2\/pages\/10415\/revisions\/10628"}],"wp:attachment":[{"href":"https:\/\/moveisantunes.com\/index.php?rest_route=%2Fwp%2Fv2%2Fmedia&parent=10415"}],"curies":[{"name":"wp","href":"https:\/\/api.w.org\/{rel}","templated":true}]}}