{"id":10019,"date":"2021-06-17T09:10:41","date_gmt":"2021-06-17T09:10:41","guid":{"rendered":"https:\/\/moveisantunes.com\/?product=sofa-roma"},"modified":"2021-06-17T10:03:22","modified_gmt":"2021-06-17T10:03:22","slug":"sofa-roma","status":"publish","type":"product","link":"https:\/\/moveisantunes.com\/?product=sofa-roma","title":{"rendered":"Sof\u00e1 Roma"},"content":{"rendered":"<p>Sof\u00e1 Roma<\/p>\n<p>Dimens\u00f5es: <br \/>Chaise: L 265 \/ P 85-155 \/ A 90<br \/>Sof\u00e1 3 Lugares: L 205 \/ P 85 \/ A 90<br \/>Puff Chaise: L 75 \/ P 75<\/p>\n<p>Sofa Chaiselong com cama e possibilidade de arruma\u00e7\u00e3o, Ou sof\u00e1 com cama e puff chaise amov\u00edvel. Temos v\u00e1rias cores dispon\u00edveis. <\/p>\n<p><\/p>\n","protected":false},"excerpt":{"rendered":"<p>Sof\u00e1 Roma Dimens\u00f5es: Chaise: L 265 \/ P 85-155 \/ A 90Sof\u00e1 3 Lugares: L 205 \/ P 85 \/<\/p>\n","protected":false},"featured_media":10020,"comment_status":"open","ping_status":"closed","template":"","meta":{"_monsterinsights_skip_tracking":false,"_monsterinsights_sitenote_active":false,"_monsterinsights_sitenote_note":"","_monsterinsights_sitenote_category":0},"product_cat":[130],"product_tag":[537],"class_list":{"0":"post-10019","1":"product","2":"type-product","3":"status-publish","4":"has-post-thumbnail","6":"product_cat-sofas1647012387","7":"product_tag-sofa-roma","9":"first","10":"instock","11":"taxable","12":"shipping-taxable","13":"purchasable","14":"product-type-variable"},"aioseo_notices":[],"_links":{"self":[{"href":"https:\/\/moveisantunes.com\/index.php?rest_route=\/wp\/v2\/product\/10019","targetHints":{"allow":["GET"]}}],"collection":[{"href":"https:\/\/moveisantunes.com\/index.php?rest_route=\/wp\/v2\/product"}],"about":[{"href":"https:\/\/moveisantunes.com\/index.php?rest_route=\/wp\/v2\/types\/product"}],"replies":[{"embeddable":true,"href":"https:\/\/moveisantunes.com\/index.php?rest_route=%2Fwp%2Fv2%2Fcomments&post=10019"}],"version-history":[{"count":0,"href":"https:\/\/moveisantunes.com\/index.php?rest_route=\/wp\/v2\/product\/10019\/revisions"}],"wp:featuredmedia":[{"embeddable":true,"href":"https:\/\/moveisantunes.com\/index.php?rest_route=\/wp\/v2\/media\/10020"}],"wp:attachment":[{"href":"https:\/\/moveisantunes.com\/index.php?rest_route=%2Fwp%2Fv2%2Fmedia&parent=10019"}],"wp:term":[{"taxonomy":"product_cat","embeddable":true,"href":"https:\/\/moveisantunes.com\/index.php?rest_route=%2Fwp%2Fv2%2Fproduct_cat&post=10019"},{"taxonomy":"product_tag","embeddable":true,"href":"https:\/\/moveisantunes.com\/index.php?rest_route=%2Fwp%2Fv2%2Fproduct_tag&post=10019"}],"curies":[{"name":"wp","href":"https:\/\/api.w.org\/{rel}","templated":true}]}}