{"id":10091,"date":"2021-07-31T11:49:14","date_gmt":"2021-07-31T11:49:14","guid":{"rendered":"https:\/\/moveisantunes.com\/?product=colchao-ortopedico"},"modified":"2021-08-16T12:43:57","modified_gmt":"2021-08-16T12:43:57","slug":"colchao-ortopedico","status":"publish","type":"product","link":"https:\/\/moveisantunes.com\/?product=colchao-ortopedico","title":{"rendered":"Colch\u00e3o Ortop\u00e9dico"},"content":{"rendered":"<p>Colch\u00e3o Ortop\u00e9dico<\/p>\n<p>Colch\u00e3o composto por molas Bonel <\/p>\n<p><span class=\"tlid-translation translation\" lang=\"en\"><span title=\"\"><\/span><\/span><br \/><span class=\"tlid-translation translation\" lang=\"en\"><span title=\"\"><\/span><\/span><\/p>\n<p><span class=\"tlid-translation translation\" lang=\"en\"><span title=\"\">Dimens\u00f5es v\u00e1rias poss\u00edveis.<br \/>Seleccione a medida pretendida, o valor varia consoante a medida. Se n\u00e3o encontrar a medida que necessite contacte-nos. comercial@moveisantunes.com &#8211; 969044261<\/p>\n<p><\/span><\/span><span class=\"tlid-translation translation\" lang=\"en\"><span title=\"\"><\/span><\/span><span class=\"tlid-translation-gender-indicator translation-gender-indicator\"><\/span><span class=\"tlid-trans-verified-button trans-verified-button\" role=\"button\" style=\"display: none;\"><\/span><\/p>\n<p><\/p>\n","protected":false},"excerpt":{"rendered":"<p>Colch\u00e3o Ortop\u00e9dico Colch\u00e3o composto por molas Bonel Dimens\u00f5es v\u00e1rias poss\u00edveis.Seleccione a medida pretendida, o valor varia consoante a medida. Se<\/p>\n","protected":false},"featured_media":10092,"comment_status":"open","ping_status":"closed","template":"","meta":{"_monsterinsights_skip_tracking":false,"_monsterinsights_sitenote_active":false,"_monsterinsights_sitenote_note":"","_monsterinsights_sitenote_category":0},"product_cat":[129],"product_tag":[145,542,557],"class_list":{"0":"post-10091","1":"product","2":"type-product","3":"status-publish","4":"has-post-thumbnail","6":"product_cat-colchoes-e-almofadas","7":"product_tag-estrados","8":"product_tag-newmattress","9":"product_tag-colchao-ortopedico","11":"first","12":"instock","13":"taxable","14":"shipping-taxable","15":"purchasable","16":"product-type-variable"},"aioseo_notices":[],"_links":{"self":[{"href":"https:\/\/moveisantunes.com\/index.php?rest_route=\/wp\/v2\/product\/10091","targetHints":{"allow":["GET"]}}],"collection":[{"href":"https:\/\/moveisantunes.com\/index.php?rest_route=\/wp\/v2\/product"}],"about":[{"href":"https:\/\/moveisantunes.com\/index.php?rest_route=\/wp\/v2\/types\/product"}],"replies":[{"embeddable":true,"href":"https:\/\/moveisantunes.com\/index.php?rest_route=%2Fwp%2Fv2%2Fcomments&post=10091"}],"version-history":[{"count":0,"href":"https:\/\/moveisantunes.com\/index.php?rest_route=\/wp\/v2\/product\/10091\/revisions"}],"wp:featuredmedia":[{"embeddable":true,"href":"https:\/\/moveisantunes.com\/index.php?rest_route=\/wp\/v2\/media\/10092"}],"wp:attachment":[{"href":"https:\/\/moveisantunes.com\/index.php?rest_route=%2Fwp%2Fv2%2Fmedia&parent=10091"}],"wp:term":[{"taxonomy":"product_cat","embeddable":true,"href":"https:\/\/moveisantunes.com\/index.php?rest_route=%2Fwp%2Fv2%2Fproduct_cat&post=10091"},{"taxonomy":"product_tag","embeddable":true,"href":"https:\/\/moveisantunes.com\/index.php?rest_route=%2Fwp%2Fv2%2Fproduct_tag&post=10091"}],"curies":[{"name":"wp","href":"https:\/\/api.w.org\/{rel}","templated":true}]}}