{"id":10154,"date":"2021-08-27T10:25:18","date_gmt":"2021-08-27T10:25:18","guid":{"rendered":"https:\/\/moveisantunes.com\/?product=colchao-baltico"},"modified":"2024-08-20T14:30:30","modified_gmt":"2024-08-20T14:30:30","slug":"colchao-baltico","status":"publish","type":"product","link":"https:\/\/moveisantunes.com\/?product=colchao-baltico","title":{"rendered":"Colch\u00e3o Baltico"},"content":{"rendered":"<p>Colch\u00e3o fabricado com mat\u00e9rias primas selecionadas de excelente qualidade pelo reconhecida marca Serenya do grupo Praticalconfort. Entregas no prazo de 15 dias para medidas normalizadas. Nota, as cores e medidas poder\u00e3o variar em 5% das apresentadas.<\/p>\n<p>Selecione a medida pretendida, o valor varia consoante a medida. Se n\u00e3o encontrar a medida que necessite contacte-nos.<\/p>\n","protected":false},"excerpt":{"rendered":"<p>O colch\u00e3o\u00a0<strong>B\u00e1ltico<\/strong>\u00a0foi desenvolvido para obter um excelente comportamento ergon\u00f3mico. O uso de L\u00e1tex Natural associado \u00e0<br \/>\ntecnologia Comfort Pocket Box (CPB) e espumas de densidade vari\u00e1vel, ajustam o peso do corpo para um melhor apoio,<br \/>\nsustentando a sua coluna para um descanso saud\u00e1vel e regenerador. O seu tecido em Algod\u00e3o Org\u00e2nico, amigo do ambiente, reduz em 25% a n\u00edvel mundial o consumo de inseticidas, possui uma textura extremamente suave, sendo livre de produtos t\u00f3xicos representa um grande benef\u00edcio para a sua sa\u00fade.<\/p>\n","protected":false},"featured_media":10155,"comment_status":"open","ping_status":"closed","template":"","meta":{"_monsterinsights_skip_tracking":false,"_monsterinsights_sitenote_active":false,"_monsterinsights_sitenote_note":"","_monsterinsights_sitenote_category":0},"product_cat":[129],"product_tag":[145,518,517,574],"class_list":{"0":"post-10154","1":"product","2":"type-product","3":"status-publish","4":"has-post-thumbnail","6":"product_cat-colchoes-e-almofadas","7":"product_tag-estrados","8":"product_tag-praticalconfort","9":"product_tag-serenya","10":"product_tag-colchao-baltico","12":"first","13":"onbackorder","14":"sale","15":"taxable","16":"shipping-taxable","17":"purchasable","18":"product-type-variable"},"aioseo_notices":[],"_links":{"self":[{"href":"https:\/\/moveisantunes.com\/index.php?rest_route=\/wp\/v2\/product\/10154","targetHints":{"allow":["GET"]}}],"collection":[{"href":"https:\/\/moveisantunes.com\/index.php?rest_route=\/wp\/v2\/product"}],"about":[{"href":"https:\/\/moveisantunes.com\/index.php?rest_route=\/wp\/v2\/types\/product"}],"replies":[{"embeddable":true,"href":"https:\/\/moveisantunes.com\/index.php?rest_route=%2Fwp%2Fv2%2Fcomments&post=10154"}],"version-history":[{"count":2,"href":"https:\/\/moveisantunes.com\/index.php?rest_route=\/wp\/v2\/product\/10154\/revisions"}],"predecessor-version":[{"id":13098,"href":"https:\/\/moveisantunes.com\/index.php?rest_route=\/wp\/v2\/product\/10154\/revisions\/13098"}],"wp:featuredmedia":[{"embeddable":true,"href":"https:\/\/moveisantunes.com\/index.php?rest_route=\/wp\/v2\/media\/10155"}],"wp:attachment":[{"href":"https:\/\/moveisantunes.com\/index.php?rest_route=%2Fwp%2Fv2%2Fmedia&parent=10154"}],"wp:term":[{"taxonomy":"product_cat","embeddable":true,"href":"https:\/\/moveisantunes.com\/index.php?rest_route=%2Fwp%2Fv2%2Fproduct_cat&post=10154"},{"taxonomy":"product_tag","embeddable":true,"href":"https:\/\/moveisantunes.com\/index.php?rest_route=%2Fwp%2Fv2%2Fproduct_tag&post=10154"}],"curies":[{"name":"wp","href":"https:\/\/api.w.org\/{rel}","templated":true}]}}