{"id":10170,"date":"2021-09-15T08:55:10","date_gmt":"2021-09-15T08:55:10","guid":{"rendered":"https:\/\/moveisantunes.com\/?product=sofa-sevilha"},"modified":"2022-05-03T10:48:17","modified_gmt":"2022-05-03T10:48:17","slug":"sofa-sevilha","status":"publish","type":"product","link":"https:\/\/moveisantunes.com\/?product=sofa-sevilha","title":{"rendered":"Sof\u00e1 Sevilha"},"content":{"rendered":"<p>Sof\u00e1 Sevilha<\/p>\n<p>Dimens\u00f5es: <br \/>Sof\u00e1 3 Lugares: L 200 \/ P 95 \/ A 102<br \/>Sof\u00e1 2 lugares: L 170 \/ P 95 \/ A 105<br \/>Sof\u00e1 individual: L 105 \/ P 95 \/ A 105<\/p>\n<p>Temos v\u00e1rias cores dispon\u00edveis. <\/p>\n<p><\/p>\n","protected":false},"excerpt":{"rendered":"<p>Sof\u00e1 Sevilha Dimens\u00f5es: Sof\u00e1 3 Lugares: L 200 \/ P 95 \/ A 102Sof\u00e1 2 lugares: L 170 \/ P<\/p>\n","protected":false},"featured_media":10171,"comment_status":"open","ping_status":"closed","template":"","meta":{"_monsterinsights_skip_tracking":false,"_monsterinsights_sitenote_active":false,"_monsterinsights_sitenote_note":"","_monsterinsights_sitenote_category":0},"product_cat":[130],"product_tag":[576],"class_list":{"0":"post-10170","1":"product","2":"type-product","3":"status-publish","4":"has-post-thumbnail","6":"product_cat-sofas1647012387","7":"product_tag-sofa-sevilha","9":"first","10":"instock","11":"taxable","12":"shipping-taxable","13":"product-type-simple"},"aioseo_notices":[],"_links":{"self":[{"href":"https:\/\/moveisantunes.com\/index.php?rest_route=\/wp\/v2\/product\/10170","targetHints":{"allow":["GET"]}}],"collection":[{"href":"https:\/\/moveisantunes.com\/index.php?rest_route=\/wp\/v2\/product"}],"about":[{"href":"https:\/\/moveisantunes.com\/index.php?rest_route=\/wp\/v2\/types\/product"}],"replies":[{"embeddable":true,"href":"https:\/\/moveisantunes.com\/index.php?rest_route=%2Fwp%2Fv2%2Fcomments&post=10170"}],"version-history":[{"count":1,"href":"https:\/\/moveisantunes.com\/index.php?rest_route=\/wp\/v2\/product\/10170\/revisions"}],"predecessor-version":[{"id":10550,"href":"https:\/\/moveisantunes.com\/index.php?rest_route=\/wp\/v2\/product\/10170\/revisions\/10550"}],"wp:featuredmedia":[{"embeddable":true,"href":"https:\/\/moveisantunes.com\/index.php?rest_route=\/wp\/v2\/media\/10171"}],"wp:attachment":[{"href":"https:\/\/moveisantunes.com\/index.php?rest_route=%2Fwp%2Fv2%2Fmedia&parent=10170"}],"wp:term":[{"taxonomy":"product_cat","embeddable":true,"href":"https:\/\/moveisantunes.com\/index.php?rest_route=%2Fwp%2Fv2%2Fproduct_cat&post=10170"},{"taxonomy":"product_tag","embeddable":true,"href":"https:\/\/moveisantunes.com\/index.php?rest_route=%2Fwp%2Fv2%2Fproduct_tag&post=10170"}],"curies":[{"name":"wp","href":"https:\/\/api.w.org\/{rel}","templated":true}]}}