{"id":10184,"date":"2021-10-13T11:30:37","date_gmt":"2021-10-13T11:30:37","guid":{"rendered":"https:\/\/moveisantunes.com\/?product=sofa-majm363"},"modified":"2025-03-28T15:11:48","modified_gmt":"2025-03-28T15:11:48","slug":"sofa-majm363","status":"publish","type":"product","link":"https:\/\/moveisantunes.com\/?product=sofa-majm363","title":{"rendered":"Sof\u00e1 MAJM363"},"content":{"rendered":"<p>Sof\u00e1 MAJM363<\/p>\n<p>Dimens\u00f5es:<br \/>\nSof\u00e1 3 Lugares: L 200 \/ P 89<br \/>\nChaise\/mesa centro: L 57 \/ P 57<\/p>\n<p>Fabricamos em v\u00e1rios tipos de tecido e cores diferentes. Podemos fabricar por medida.<\/p>\n<p>&nbsp;<\/p>\n","protected":false},"excerpt":{"rendered":"<p>Sof\u00e1 MAJM363 Dimens\u00f5es: Sof\u00e1 3 Lugares: L 200 \/ P 89 Chaise\/mesa centro: L 57 \/ P 57 Fabricamos em<\/p>\n","protected":false},"featured_media":10185,"comment_status":"open","ping_status":"closed","template":"","meta":{"_monsterinsights_skip_tracking":false,"_monsterinsights_sitenote_active":false,"_monsterinsights_sitenote_note":"","_monsterinsights_sitenote_category":0},"product_cat":[130],"product_tag":[583],"class_list":{"0":"post-10184","1":"product","2":"type-product","3":"status-publish","4":"has-post-thumbnail","6":"product_cat-sofas1647012387","7":"product_tag-sofa-majm363","9":"first","10":"onbackorder","11":"sale","12":"taxable","13":"shipping-taxable","14":"purchasable","15":"product-type-simple"},"aioseo_notices":[],"_links":{"self":[{"href":"https:\/\/moveisantunes.com\/index.php?rest_route=\/wp\/v2\/product\/10184","targetHints":{"allow":["GET"]}}],"collection":[{"href":"https:\/\/moveisantunes.com\/index.php?rest_route=\/wp\/v2\/product"}],"about":[{"href":"https:\/\/moveisantunes.com\/index.php?rest_route=\/wp\/v2\/types\/product"}],"replies":[{"embeddable":true,"href":"https:\/\/moveisantunes.com\/index.php?rest_route=%2Fwp%2Fv2%2Fcomments&post=10184"}],"version-history":[{"count":1,"href":"https:\/\/moveisantunes.com\/index.php?rest_route=\/wp\/v2\/product\/10184\/revisions"}],"predecessor-version":[{"id":14090,"href":"https:\/\/moveisantunes.com\/index.php?rest_route=\/wp\/v2\/product\/10184\/revisions\/14090"}],"wp:featuredmedia":[{"embeddable":true,"href":"https:\/\/moveisantunes.com\/index.php?rest_route=\/wp\/v2\/media\/10185"}],"wp:attachment":[{"href":"https:\/\/moveisantunes.com\/index.php?rest_route=%2Fwp%2Fv2%2Fmedia&parent=10184"}],"wp:term":[{"taxonomy":"product_cat","embeddable":true,"href":"https:\/\/moveisantunes.com\/index.php?rest_route=%2Fwp%2Fv2%2Fproduct_cat&post=10184"},{"taxonomy":"product_tag","embeddable":true,"href":"https:\/\/moveisantunes.com\/index.php?rest_route=%2Fwp%2Fv2%2Fproduct_tag&post=10184"}],"curies":[{"name":"wp","href":"https:\/\/api.w.org\/{rel}","templated":true}]}}