{"id":10189,"date":"2021-11-10T15:39:25","date_gmt":"2021-11-10T15:39:25","guid":{"rendered":"https:\/\/moveisantunes.com\/?product=sofa-majm362"},"modified":"2025-03-28T15:10:27","modified_gmt":"2025-03-28T15:10:27","slug":"sofa-majm362","status":"publish","type":"product","link":"https:\/\/moveisantunes.com\/?product=sofa-majm362","title":{"rendered":"Sof\u00e1 MAJM362"},"content":{"rendered":"<p>Sof\u00e1 MAJM362<\/p>\n<p>Dimens\u00f5es:<br \/>\nSof\u00e1 Chaiselong: L 265 \/ P 90 &#8211; 165 \/ A 90<\/p>\n<p>Fabricamos em v\u00e1rios tipos de tecido e cores diferentes. Podemos fabricar por medida.<\/p>\n<p>&nbsp;<\/p>\n","protected":false},"excerpt":{"rendered":"<p>Sof\u00e1 MAJM362 Dimens\u00f5es: Sof\u00e1 Chaiselong: L 265 \/ P 90 &#8211; 165 \/ A 90 Fabricamos em v\u00e1rios tipos de<\/p>\n","protected":false},"featured_media":10190,"comment_status":"open","ping_status":"closed","template":"","meta":{"_monsterinsights_skip_tracking":false,"_monsterinsights_sitenote_active":false,"_monsterinsights_sitenote_note":"","_monsterinsights_sitenote_category":0},"product_cat":[130],"product_tag":[585],"class_list":{"0":"post-10189","1":"product","2":"type-product","3":"status-publish","4":"has-post-thumbnail","6":"product_cat-sofas1647012387","7":"product_tag-sofa-majm362","9":"first","10":"onbackorder","11":"sale","12":"taxable","13":"shipping-taxable","14":"purchasable","15":"product-type-simple"},"aioseo_notices":[],"_links":{"self":[{"href":"https:\/\/moveisantunes.com\/index.php?rest_route=\/wp\/v2\/product\/10189","targetHints":{"allow":["GET"]}}],"collection":[{"href":"https:\/\/moveisantunes.com\/index.php?rest_route=\/wp\/v2\/product"}],"about":[{"href":"https:\/\/moveisantunes.com\/index.php?rest_route=\/wp\/v2\/types\/product"}],"replies":[{"embeddable":true,"href":"https:\/\/moveisantunes.com\/index.php?rest_route=%2Fwp%2Fv2%2Fcomments&post=10189"}],"version-history":[{"count":2,"href":"https:\/\/moveisantunes.com\/index.php?rest_route=\/wp\/v2\/product\/10189\/revisions"}],"predecessor-version":[{"id":14089,"href":"https:\/\/moveisantunes.com\/index.php?rest_route=\/wp\/v2\/product\/10189\/revisions\/14089"}],"wp:featuredmedia":[{"embeddable":true,"href":"https:\/\/moveisantunes.com\/index.php?rest_route=\/wp\/v2\/media\/10190"}],"wp:attachment":[{"href":"https:\/\/moveisantunes.com\/index.php?rest_route=%2Fwp%2Fv2%2Fmedia&parent=10189"}],"wp:term":[{"taxonomy":"product_cat","embeddable":true,"href":"https:\/\/moveisantunes.com\/index.php?rest_route=%2Fwp%2Fv2%2Fproduct_cat&post=10189"},{"taxonomy":"product_tag","embeddable":true,"href":"https:\/\/moveisantunes.com\/index.php?rest_route=%2Fwp%2Fv2%2Fproduct_tag&post=10189"}],"curies":[{"name":"wp","href":"https:\/\/api.w.org\/{rel}","templated":true}]}}