{"id":10206,"date":"2021-11-17T09:30:56","date_gmt":"2021-11-17T09:30:56","guid":{"rendered":"https:\/\/moveisantunes.com\/?product=sofa-majm361"},"modified":"2025-03-28T15:08:01","modified_gmt":"2025-03-28T15:08:01","slug":"sofa-majm361","status":"publish","type":"product","link":"https:\/\/moveisantunes.com\/?product=sofa-majm361","title":{"rendered":"Sof\u00e1 MAJM361"},"content":{"rendered":"<p>Sof\u00e1 MAJM361<\/p>\n<p>Dimens\u00f5es:<br \/>\nSof\u00e1 Chaiselong: L 285 \/ P 95 &#8211; 170 \/ A 95<\/p>\n<p>Fabricamos em v\u00e1rios tipos de tecido e cores diferentes. Podemos fabricar por medida.<\/p>\n<p>&nbsp;<\/p>\n","protected":false},"excerpt":{"rendered":"<p>Sof\u00e1 MAJM361 Dimens\u00f5es: Sof\u00e1 Chaiselong: L 285 \/ P 95 &#8211; 170 \/ A 95 Fabricamos em v\u00e1rios tipos de<\/p>\n","protected":false},"featured_media":10207,"comment_status":"open","ping_status":"closed","template":"","meta":{"_monsterinsights_skip_tracking":false,"_monsterinsights_sitenote_active":false,"_monsterinsights_sitenote_note":"","_monsterinsights_sitenote_category":0},"product_cat":[130],"product_tag":[588],"class_list":{"0":"post-10206","1":"product","2":"type-product","3":"status-publish","4":"has-post-thumbnail","6":"product_cat-sofas1647012387","7":"product_tag-sofa-majm361","9":"first","10":"onbackorder","11":"sale","12":"taxable","13":"shipping-taxable","14":"purchasable","15":"product-type-simple"},"aioseo_notices":[],"_links":{"self":[{"href":"https:\/\/moveisantunes.com\/index.php?rest_route=\/wp\/v2\/product\/10206","targetHints":{"allow":["GET"]}}],"collection":[{"href":"https:\/\/moveisantunes.com\/index.php?rest_route=\/wp\/v2\/product"}],"about":[{"href":"https:\/\/moveisantunes.com\/index.php?rest_route=\/wp\/v2\/types\/product"}],"replies":[{"embeddable":true,"href":"https:\/\/moveisantunes.com\/index.php?rest_route=%2Fwp%2Fv2%2Fcomments&post=10206"}],"version-history":[{"count":2,"href":"https:\/\/moveisantunes.com\/index.php?rest_route=\/wp\/v2\/product\/10206\/revisions"}],"predecessor-version":[{"id":14087,"href":"https:\/\/moveisantunes.com\/index.php?rest_route=\/wp\/v2\/product\/10206\/revisions\/14087"}],"wp:featuredmedia":[{"embeddable":true,"href":"https:\/\/moveisantunes.com\/index.php?rest_route=\/wp\/v2\/media\/10207"}],"wp:attachment":[{"href":"https:\/\/moveisantunes.com\/index.php?rest_route=%2Fwp%2Fv2%2Fmedia&parent=10206"}],"wp:term":[{"taxonomy":"product_cat","embeddable":true,"href":"https:\/\/moveisantunes.com\/index.php?rest_route=%2Fwp%2Fv2%2Fproduct_cat&post=10206"},{"taxonomy":"product_tag","embeddable":true,"href":"https:\/\/moveisantunes.com\/index.php?rest_route=%2Fwp%2Fv2%2Fproduct_tag&post=10206"}],"curies":[{"name":"wp","href":"https:\/\/api.w.org\/{rel}","templated":true}]}}