{"id":10260,"date":"2022-01-12T10:06:50","date_gmt":"2022-01-12T10:06:50","guid":{"rendered":"https:\/\/moveisantunes.com\/?product=chaiselong-majm357"},"modified":"2025-03-28T14:53:23","modified_gmt":"2025-03-28T14:53:23","slug":"chaiselong-majm357","status":"publish","type":"product","link":"https:\/\/moveisantunes.com\/?product=chaiselong-majm357","title":{"rendered":"Chaiselong MAJM357"},"content":{"rendered":"<p>Chaiselong MAJM357<\/p>\n<p>Dimens\u00f5es:<br \/>\nChaiselong: L 285-160 \/ P 95 \/ A 90<\/p>\n<p>Sof\u00e1 com chaiseloong e assentos relax el\u00e9ctrico , costas ajust\u00e1veis na inclina\u00e7\u00e3o.<br \/>\nFabricamos em v\u00e1rios tipos de tecido e cores diferentes. Podemos fabricar por medida.<\/p>\n<p>&nbsp;<\/p>\n","protected":false},"excerpt":{"rendered":"<p>Chaiselong MAJM357 Dimens\u00f5es: Chaiselong: L 285-160 \/ P 95 \/ A 90 Sof\u00e1 com chaiseloong e assentos relax el\u00e9ctrico ,<\/p>\n","protected":false},"featured_media":10261,"comment_status":"open","ping_status":"closed","template":"","meta":{"_monsterinsights_skip_tracking":false,"_monsterinsights_sitenote_active":false,"_monsterinsights_sitenote_note":"","_monsterinsights_sitenote_category":0},"product_cat":[130],"product_tag":[85],"class_list":{"0":"post-10260","1":"product","2":"type-product","3":"status-publish","4":"has-post-thumbnail","6":"product_cat-sofas1647012387","7":"product_tag-chaiselong-majm357","9":"first","10":"onbackorder","11":"sale","12":"taxable","13":"shipping-taxable","14":"purchasable","15":"product-type-simple"},"aioseo_notices":[],"_links":{"self":[{"href":"https:\/\/moveisantunes.com\/index.php?rest_route=\/wp\/v2\/product\/10260","targetHints":{"allow":["GET"]}}],"collection":[{"href":"https:\/\/moveisantunes.com\/index.php?rest_route=\/wp\/v2\/product"}],"about":[{"href":"https:\/\/moveisantunes.com\/index.php?rest_route=\/wp\/v2\/types\/product"}],"replies":[{"embeddable":true,"href":"https:\/\/moveisantunes.com\/index.php?rest_route=%2Fwp%2Fv2%2Fcomments&post=10260"}],"version-history":[{"count":2,"href":"https:\/\/moveisantunes.com\/index.php?rest_route=\/wp\/v2\/product\/10260\/revisions"}],"predecessor-version":[{"id":14082,"href":"https:\/\/moveisantunes.com\/index.php?rest_route=\/wp\/v2\/product\/10260\/revisions\/14082"}],"wp:featuredmedia":[{"embeddable":true,"href":"https:\/\/moveisantunes.com\/index.php?rest_route=\/wp\/v2\/media\/10261"}],"wp:attachment":[{"href":"https:\/\/moveisantunes.com\/index.php?rest_route=%2Fwp%2Fv2%2Fmedia&parent=10260"}],"wp:term":[{"taxonomy":"product_cat","embeddable":true,"href":"https:\/\/moveisantunes.com\/index.php?rest_route=%2Fwp%2Fv2%2Fproduct_cat&post=10260"},{"taxonomy":"product_tag","embeddable":true,"href":"https:\/\/moveisantunes.com\/index.php?rest_route=%2Fwp%2Fv2%2Fproduct_tag&post=10260"}],"curies":[{"name":"wp","href":"https:\/\/api.w.org\/{rel}","templated":true}]}}