{"id":10285,"date":"2022-01-28T11:44:46","date_gmt":"2022-01-28T11:44:46","guid":{"rendered":"https:\/\/moveisantunes.com\/?product=colchao-blanco-visco"},"modified":"2024-08-20T16:38:21","modified_gmt":"2024-08-20T16:38:21","slug":"colchao-blanco-visco","status":"publish","type":"product","link":"https:\/\/moveisantunes.com\/?product=colchao-blanco-visco","title":{"rendered":"Colch\u00e3o Blanco Visco"},"content":{"rendered":"<p>Colch\u00e3o fabricado com mat\u00e9rias primas selecionadas de excelente qualidade pelo reconhecida marca Serenya do grupo Praticalconfort. Entregas no prazo de 15 dias para medidas normalizadas. Nota, as cores e medidas poder\u00e3o variar em 5% das apresentadas.<\/p>\n<p>Selecione a medida pretendida, o valor varia consoante a medida. Se n\u00e3o encontrar a medida que necessite contacte-nos.<\/p>\n<p><span class=\"tlid-translation translation\" lang=\"en\"><span title=\"\">\u00a0<\/span><\/span><\/p>\n<p>&nbsp;<\/p>\n","protected":false},"excerpt":{"rendered":"<p>O colch\u00e3o <strong>Blanco Visco<\/strong> \u00e9 inspirado na tranquilidade do Mar Branco. Conjuga uma harmonia entre o design e a suavidade caracter\u00edstica do Visco Confort.\u00a0 A estrutura Confort Pocket Box (CPB) molda-se ao seu corpo, proporcionando-lhe uma sensa\u00e7\u00e3o de bem-estar.<\/p>\n","protected":false},"featured_media":10286,"comment_status":"open","ping_status":"closed","template":"","meta":{"_monsterinsights_skip_tracking":false,"_monsterinsights_sitenote_active":false,"_monsterinsights_sitenote_note":"","_monsterinsights_sitenote_category":0},"product_cat":[129],"product_tag":[145,518,517,600],"class_list":{"0":"post-10285","1":"product","2":"type-product","3":"status-publish","4":"has-post-thumbnail","6":"product_cat-colchoes-e-almofadas","7":"product_tag-estrados","8":"product_tag-praticalconfort","9":"product_tag-serenya","10":"product_tag-colchao-blanco-visco","12":"first","13":"onbackorder","14":"sale","15":"taxable","16":"shipping-taxable","17":"purchasable","18":"product-type-variable"},"aioseo_notices":[],"_links":{"self":[{"href":"https:\/\/moveisantunes.com\/index.php?rest_route=\/wp\/v2\/product\/10285","targetHints":{"allow":["GET"]}}],"collection":[{"href":"https:\/\/moveisantunes.com\/index.php?rest_route=\/wp\/v2\/product"}],"about":[{"href":"https:\/\/moveisantunes.com\/index.php?rest_route=\/wp\/v2\/types\/product"}],"replies":[{"embeddable":true,"href":"https:\/\/moveisantunes.com\/index.php?rest_route=%2Fwp%2Fv2%2Fcomments&post=10285"}],"version-history":[{"count":3,"href":"https:\/\/moveisantunes.com\/index.php?rest_route=\/wp\/v2\/product\/10285\/revisions"}],"predecessor-version":[{"id":13107,"href":"https:\/\/moveisantunes.com\/index.php?rest_route=\/wp\/v2\/product\/10285\/revisions\/13107"}],"wp:featuredmedia":[{"embeddable":true,"href":"https:\/\/moveisantunes.com\/index.php?rest_route=\/wp\/v2\/media\/10286"}],"wp:attachment":[{"href":"https:\/\/moveisantunes.com\/index.php?rest_route=%2Fwp%2Fv2%2Fmedia&parent=10285"}],"wp:term":[{"taxonomy":"product_cat","embeddable":true,"href":"https:\/\/moveisantunes.com\/index.php?rest_route=%2Fwp%2Fv2%2Fproduct_cat&post=10285"},{"taxonomy":"product_tag","embeddable":true,"href":"https:\/\/moveisantunes.com\/index.php?rest_route=%2Fwp%2Fv2%2Fproduct_tag&post=10285"}],"curies":[{"name":"wp","href":"https:\/\/api.w.org\/{rel}","templated":true}]}}