{"id":10736,"date":"2022-12-10T16:40:36","date_gmt":"2022-12-10T16:40:36","guid":{"rendered":"https:\/\/moveisantunes.com\/?post_type=product&#038;p=10736"},"modified":"2023-03-07T06:55:20","modified_gmt":"2023-03-07T06:55:20","slug":"cadeirao-relax-florida","status":"publish","type":"product","link":"https:\/\/moveisantunes.com\/?product=cadeirao-relax-florida","title":{"rendered":"Cadeir\u00e3o Relax Fl\u00f3rida"},"content":{"rendered":"<p>Cadeir\u00e3o Relax Fl\u00f3rida<\/p>\n<p>Cadeir\u00e3o com sistema relax manual.<\/p>\n<p>Dimens\u00f5es: L 77 \/ P 86 \/ A 106<\/p>\n","protected":false},"excerpt":{"rendered":"<p>Cadeir\u00e3o Relax Fl\u00f3rida Cadeir\u00e3o com sistema relax manual. Dimens\u00f5es: L 77 \/ P 86 \/ A 106<\/p>\n","protected":false},"featured_media":10737,"comment_status":"open","ping_status":"closed","template":"","meta":{"_monsterinsights_skip_tracking":false,"_monsterinsights_sitenote_active":false,"_monsterinsights_sitenote_note":"","_monsterinsights_sitenote_category":0},"product_cat":[130],"product_tag":[613],"class_list":{"0":"post-10736","1":"product","2":"type-product","3":"status-publish","4":"has-post-thumbnail","6":"product_cat-sofas1647012387","7":"product_tag-cadeirao-relax","9":"first","10":"instock","11":"taxable","12":"shipping-taxable","13":"purchasable","14":"product-type-simple"},"aioseo_notices":[],"_links":{"self":[{"href":"https:\/\/moveisantunes.com\/index.php?rest_route=\/wp\/v2\/product\/10736","targetHints":{"allow":["GET"]}}],"collection":[{"href":"https:\/\/moveisantunes.com\/index.php?rest_route=\/wp\/v2\/product"}],"about":[{"href":"https:\/\/moveisantunes.com\/index.php?rest_route=\/wp\/v2\/types\/product"}],"replies":[{"embeddable":true,"href":"https:\/\/moveisantunes.com\/index.php?rest_route=%2Fwp%2Fv2%2Fcomments&post=10736"}],"version-history":[{"count":1,"href":"https:\/\/moveisantunes.com\/index.php?rest_route=\/wp\/v2\/product\/10736\/revisions"}],"predecessor-version":[{"id":10739,"href":"https:\/\/moveisantunes.com\/index.php?rest_route=\/wp\/v2\/product\/10736\/revisions\/10739"}],"wp:featuredmedia":[{"embeddable":true,"href":"https:\/\/moveisantunes.com\/index.php?rest_route=\/wp\/v2\/media\/10737"}],"wp:attachment":[{"href":"https:\/\/moveisantunes.com\/index.php?rest_route=%2Fwp%2Fv2%2Fmedia&parent=10736"}],"wp:term":[{"taxonomy":"product_cat","embeddable":true,"href":"https:\/\/moveisantunes.com\/index.php?rest_route=%2Fwp%2Fv2%2Fproduct_cat&post=10736"},{"taxonomy":"product_tag","embeddable":true,"href":"https:\/\/moveisantunes.com\/index.php?rest_route=%2Fwp%2Fv2%2Fproduct_tag&post=10736"}],"curies":[{"name":"wp","href":"https:\/\/api.w.org\/{rel}","templated":true}]}}