{"id":10814,"date":"2023-01-28T19:00:28","date_gmt":"2023-01-28T19:00:28","guid":{"rendered":"https:\/\/moveisantunes.com\/?post_type=product&#038;p=10814"},"modified":"2023-02-24T10:21:22","modified_gmt":"2023-02-24T10:21:22","slug":"colchao-luxxie-latex","status":"publish","type":"product","link":"https:\/\/moveisantunes.com\/?product=colchao-luxxie-latex","title":{"rendered":"Colch\u00e3o Luxxie Latex"},"content":{"rendered":"<p>Colch\u00e3o Luxxie Latex.<\/p>\n<p>\u201cDormir \u00e9 um luxo\u201d<br \/>\nAs camadas naturais dentro da gama de colch\u00f5es Luxxie s\u00e3o combinadas com t\u00e9cnicas tradicionais de fabrica\u00e7\u00e3o.<br \/>\nUm rigoroso processo de controle de qualidade \u00e9 realizado em todo o processo de fabrica\u00e7\u00e3o, o que garante um<br \/>\n\u00f3timo acabamento em cada colch\u00e3o.<\/p>\n<p>Colch\u00e3o de luxo com 32cm de altura, conforto e firmeza m\u00e1xima, com duas camadas de molas ensacadas, ergon\u00f3mico, Fabricado com seda e algod\u00e3o natural. Tampo com enchimento L\u00e1tex altamente recomendado pelas suas qualidade intr\u00ednseca de elasticidade, suporte e durabilidade. A sua elasticidade garante um perfeito ajuste ergon\u00f3mico e a sua origem vegetal proporciona um descanso natural e saud\u00e1vel.<\/p>\n<p>Tamb\u00e9m se pode fabricar noutras medidas diferentes sob consulta.<\/p>\n","protected":false},"excerpt":{"rendered":"<p>Colch\u00e3o Luxxie Latex. \u201cDormir \u00e9 um luxo\u201d As camadas naturais dentro da gama de colch\u00f5es Luxxie s\u00e3o combinadas com t\u00e9cnicas<\/p>\n","protected":false},"featured_media":10826,"comment_status":"open","ping_status":"closed","template":"","meta":{"_monsterinsights_skip_tracking":false,"_monsterinsights_sitenote_active":false,"_monsterinsights_sitenote_note":"","_monsterinsights_sitenote_category":0},"product_cat":[129],"product_tag":[437,144,620],"class_list":{"0":"post-10814","1":"product","2":"type-product","3":"status-publish","4":"has-post-thumbnail","6":"product_cat-colchoes-e-almofadas","7":"product_tag-mindoflex","8":"product_tag-mindol","9":"product_tag-colchao-luxxie-latex","11":"first","12":"instock","13":"taxable","14":"shipping-taxable","15":"purchasable","16":"product-type-variable"},"aioseo_notices":[],"_links":{"self":[{"href":"https:\/\/moveisantunes.com\/index.php?rest_route=\/wp\/v2\/product\/10814","targetHints":{"allow":["GET"]}}],"collection":[{"href":"https:\/\/moveisantunes.com\/index.php?rest_route=\/wp\/v2\/product"}],"about":[{"href":"https:\/\/moveisantunes.com\/index.php?rest_route=\/wp\/v2\/types\/product"}],"replies":[{"embeddable":true,"href":"https:\/\/moveisantunes.com\/index.php?rest_route=%2Fwp%2Fv2%2Fcomments&post=10814"}],"version-history":[{"count":2,"href":"https:\/\/moveisantunes.com\/index.php?rest_route=\/wp\/v2\/product\/10814\/revisions"}],"predecessor-version":[{"id":10849,"href":"https:\/\/moveisantunes.com\/index.php?rest_route=\/wp\/v2\/product\/10814\/revisions\/10849"}],"wp:featuredmedia":[{"embeddable":true,"href":"https:\/\/moveisantunes.com\/index.php?rest_route=\/wp\/v2\/media\/10826"}],"wp:attachment":[{"href":"https:\/\/moveisantunes.com\/index.php?rest_route=%2Fwp%2Fv2%2Fmedia&parent=10814"}],"wp:term":[{"taxonomy":"product_cat","embeddable":true,"href":"https:\/\/moveisantunes.com\/index.php?rest_route=%2Fwp%2Fv2%2Fproduct_cat&post=10814"},{"taxonomy":"product_tag","embeddable":true,"href":"https:\/\/moveisantunes.com\/index.php?rest_route=%2Fwp%2Fv2%2Fproduct_tag&post=10814"}],"curies":[{"name":"wp","href":"https:\/\/api.w.org\/{rel}","templated":true}]}}