{"id":10839,"date":"2023-02-23T13:32:09","date_gmt":"2023-02-23T13:32:09","guid":{"rendered":"https:\/\/moveisantunes.com\/?post_type=product&#038;p=10839"},"modified":"2026-03-10T12:09:10","modified_gmt":"2026-03-10T12:09:10","slug":"10839","status":"publish","type":"product","link":"https:\/\/moveisantunes.com\/?product=10839","title":{"rendered":"Quarto CR II 1302"},"content":{"rendered":"<p>Quarto CR II 1302<\/p>\n<p>Dimens\u00f5es:<br \/>\nCama com almofadas estofadas: L 156 \/ P 2100 \/ A 120 (para colch\u00e3o 195*140, fabricamos noutras medidas)<br \/>\nMesa Cabeceira: L 55 \/ P 36 \/ A 56<br \/>\nCamiseiro 5 gavetas: L 55 \/ P 40 \/ A 119<\/p>\n<p>Seleccione a combina\u00e7\u00e3o de produtos que pretende e o tipo de acabamento.<br \/>\nAproveite para adicionar o estrado e colch\u00e3o \u00e0 sua encomenda.<\/p>\n","protected":false},"excerpt":{"rendered":"<p>O pre\u00e7o riscado \u00e9 o pre\u00e7o de venda recomendado de mercado.<\/p>\n<p>Quarto moderno e vers\u00e1til com acabamentos em laminado texturado de ultima gera\u00e7\u00e3o. Linha desenhada e fabricada pela marca de prestigio Neves &amp; Santos.<\/p>\n","protected":false},"featured_media":10846,"comment_status":"open","ping_status":"closed","template":"","meta":{"_monsterinsights_skip_tracking":false,"_monsterinsights_sitenote_active":false,"_monsterinsights_sitenote_note":"","_monsterinsights_sitenote_category":0},"product_cat":[117],"product_tag":[],"class_list":{"0":"post-10839","1":"product","2":"type-product","3":"status-publish","4":"has-post-thumbnail","6":"product_cat-quartos-casal1647012361","8":"first","9":"instock","10":"sale","11":"taxable","12":"shipping-taxable","13":"purchasable","14":"product-type-variable"},"aioseo_notices":[],"_links":{"self":[{"href":"https:\/\/moveisantunes.com\/index.php?rest_route=\/wp\/v2\/product\/10839","targetHints":{"allow":["GET"]}}],"collection":[{"href":"https:\/\/moveisantunes.com\/index.php?rest_route=\/wp\/v2\/product"}],"about":[{"href":"https:\/\/moveisantunes.com\/index.php?rest_route=\/wp\/v2\/types\/product"}],"replies":[{"embeddable":true,"href":"https:\/\/moveisantunes.com\/index.php?rest_route=%2Fwp%2Fv2%2Fcomments&post=10839"}],"version-history":[{"count":5,"href":"https:\/\/moveisantunes.com\/index.php?rest_route=\/wp\/v2\/product\/10839\/revisions"}],"predecessor-version":[{"id":10845,"href":"https:\/\/moveisantunes.com\/index.php?rest_route=\/wp\/v2\/product\/10839\/revisions\/10845"}],"wp:featuredmedia":[{"embeddable":true,"href":"https:\/\/moveisantunes.com\/index.php?rest_route=\/wp\/v2\/media\/10846"}],"wp:attachment":[{"href":"https:\/\/moveisantunes.com\/index.php?rest_route=%2Fwp%2Fv2%2Fmedia&parent=10839"}],"wp:term":[{"taxonomy":"product_cat","embeddable":true,"href":"https:\/\/moveisantunes.com\/index.php?rest_route=%2Fwp%2Fv2%2Fproduct_cat&post=10839"},{"taxonomy":"product_tag","embeddable":true,"href":"https:\/\/moveisantunes.com\/index.php?rest_route=%2Fwp%2Fv2%2Fproduct_tag&post=10839"}],"curies":[{"name":"wp","href":"https:\/\/api.w.org\/{rel}","templated":true}]}}