{"id":10910,"date":"2023-03-12T08:34:28","date_gmt":"2023-03-12T08:34:28","guid":{"rendered":"https:\/\/moveisantunes.com\/?post_type=product&#038;p=10910"},"modified":"2025-10-02T15:14:07","modified_gmt":"2025-10-02T15:14:07","slug":"mesa-centro-cr-ii","status":"publish","type":"product","link":"https:\/\/moveisantunes.com\/?product=mesa-centro-cr-ii","title":{"rendered":"Mesa Centro CR II"},"content":{"rendered":"<p>Mesa de centro moderna e vers\u00e1til com acabamentos em laminado texturado de ultima gera\u00e7\u00e3o. Linha desenhada e fabricada pela marca de prestigio Neves &amp; Santos.<\/p>\n","protected":false},"excerpt":{"rendered":"<p>O pre\u00e7o riscado \u00e9 o pre\u00e7o de venda recomendado de mercado.<\/p>\n<p>Op\u00e7\u00f5es:<br \/>\nMesa de centro CRII quadrada: L 60 \/ P 60 \/ A 35<br \/>\nMesa de centro CRII rectangular: L 100 \/ P 60 \/ A 35<\/p>\n<p>Seleccione a combina\u00e7\u00e3o de produtos que pretende e o tipo de acabamento.<\/p>\n","protected":false},"featured_media":10927,"comment_status":"open","ping_status":"closed","template":"","meta":{"_monsterinsights_skip_tracking":false,"_monsterinsights_sitenote_active":false,"_monsterinsights_sitenote_note":"","_monsterinsights_sitenote_category":0},"product_cat":[124],"product_tag":[],"class_list":{"0":"post-10910","1":"product","2":"type-product","3":"status-publish","4":"has-post-thumbnail","6":"product_cat-mesa-de-centro","8":"first","9":"instock","10":"sale","11":"taxable","12":"shipping-taxable","13":"purchasable","14":"product-type-variable"},"aioseo_notices":[],"_links":{"self":[{"href":"https:\/\/moveisantunes.com\/index.php?rest_route=\/wp\/v2\/product\/10910","targetHints":{"allow":["GET"]}}],"collection":[{"href":"https:\/\/moveisantunes.com\/index.php?rest_route=\/wp\/v2\/product"}],"about":[{"href":"https:\/\/moveisantunes.com\/index.php?rest_route=\/wp\/v2\/types\/product"}],"replies":[{"embeddable":true,"href":"https:\/\/moveisantunes.com\/index.php?rest_route=%2Fwp%2Fv2%2Fcomments&post=10910"}],"version-history":[{"count":1,"href":"https:\/\/moveisantunes.com\/index.php?rest_route=\/wp\/v2\/product\/10910\/revisions"}],"predecessor-version":[{"id":10915,"href":"https:\/\/moveisantunes.com\/index.php?rest_route=\/wp\/v2\/product\/10910\/revisions\/10915"}],"wp:featuredmedia":[{"embeddable":true,"href":"https:\/\/moveisantunes.com\/index.php?rest_route=\/wp\/v2\/media\/10927"}],"wp:attachment":[{"href":"https:\/\/moveisantunes.com\/index.php?rest_route=%2Fwp%2Fv2%2Fmedia&parent=10910"}],"wp:term":[{"taxonomy":"product_cat","embeddable":true,"href":"https:\/\/moveisantunes.com\/index.php?rest_route=%2Fwp%2Fv2%2Fproduct_cat&post=10910"},{"taxonomy":"product_tag","embeddable":true,"href":"https:\/\/moveisantunes.com\/index.php?rest_route=%2Fwp%2Fv2%2Fproduct_tag&post=10910"}],"curies":[{"name":"wp","href":"https:\/\/api.w.org\/{rel}","templated":true}]}}