{"id":10929,"date":"2023-03-14T11:00:34","date_gmt":"2023-03-14T11:00:34","guid":{"rendered":"https:\/\/moveisantunes.com\/?post_type=product&#038;p=10929"},"modified":"2025-10-02T15:17:56","modified_gmt":"2025-10-02T15:17:56","slug":"sapateira-2-portas-cr-ii","status":"publish","type":"product","link":"https:\/\/moveisantunes.com\/?product=sapateira-2-portas-cr-ii","title":{"rendered":"Sapateira 2 portas CR II"},"content":{"rendered":"<p>Sapateira moderna e vers\u00e1til com acabamentos em laminado texturado de ultima gera\u00e7\u00e3o. Linha desenhada e fabricada pela marca de prestigio Neves &amp; Santos.<\/p>\n","protected":false},"excerpt":{"rendered":"<p>O pre\u00e7o riscado \u00e9 o pre\u00e7o de venda recomendado de mercado.<\/p>\n<p>Sapateira 2 portas CR II ( L 100 \/ P 36 \/ A 92)<\/p>\n<p>Seleccione a combina\u00e7\u00e3o de produtos que pretende e o tipo de acabamento.<\/p>\n","protected":false},"featured_media":10934,"comment_status":"open","ping_status":"closed","template":"","meta":{"_monsterinsights_skip_tracking":false,"_monsterinsights_sitenote_active":false,"_monsterinsights_sitenote_note":"","_monsterinsights_sitenote_category":0},"product_cat":[122],"product_tag":[],"class_list":{"0":"post-10929","1":"product","2":"type-product","3":"status-publish","4":"has-post-thumbnail","6":"product_cat-sapateiras","8":"first","9":"onbackorder","10":"sale","11":"taxable","12":"shipping-taxable","13":"purchasable","14":"product-type-variable"},"aioseo_notices":[],"_links":{"self":[{"href":"https:\/\/moveisantunes.com\/index.php?rest_route=\/wp\/v2\/product\/10929","targetHints":{"allow":["GET"]}}],"collection":[{"href":"https:\/\/moveisantunes.com\/index.php?rest_route=\/wp\/v2\/product"}],"about":[{"href":"https:\/\/moveisantunes.com\/index.php?rest_route=\/wp\/v2\/types\/product"}],"replies":[{"embeddable":true,"href":"https:\/\/moveisantunes.com\/index.php?rest_route=%2Fwp%2Fv2%2Fcomments&post=10929"}],"version-history":[{"count":1,"href":"https:\/\/moveisantunes.com\/index.php?rest_route=\/wp\/v2\/product\/10929\/revisions"}],"predecessor-version":[{"id":10935,"href":"https:\/\/moveisantunes.com\/index.php?rest_route=\/wp\/v2\/product\/10929\/revisions\/10935"}],"wp:featuredmedia":[{"embeddable":true,"href":"https:\/\/moveisantunes.com\/index.php?rest_route=\/wp\/v2\/media\/10934"}],"wp:attachment":[{"href":"https:\/\/moveisantunes.com\/index.php?rest_route=%2Fwp%2Fv2%2Fmedia&parent=10929"}],"wp:term":[{"taxonomy":"product_cat","embeddable":true,"href":"https:\/\/moveisantunes.com\/index.php?rest_route=%2Fwp%2Fv2%2Fproduct_cat&post=10929"},{"taxonomy":"product_tag","embeddable":true,"href":"https:\/\/moveisantunes.com\/index.php?rest_route=%2Fwp%2Fv2%2Fproduct_tag&post=10929"}],"curies":[{"name":"wp","href":"https:\/\/api.w.org\/{rel}","templated":true}]}}