{"id":10945,"date":"2023-03-16T16:02:55","date_gmt":"2023-03-16T16:02:55","guid":{"rendered":"https:\/\/moveisantunes.com\/?post_type=product&#038;p=10945"},"modified":"2023-03-16T16:11:57","modified_gmt":"2023-03-16T16:11:57","slug":"chaiselong-reversivel-ma1","status":"publish","type":"product","link":"https:\/\/moveisantunes.com\/?product=chaiselong-reversivel-ma1","title":{"rendered":"Chaiselong Revers\u00edvel MA1"},"content":{"rendered":"<p>Chaiselong revers\u00edvel que pode mudar o lada da sua chaiselong sempre que precisar e sem perder as suas caracter\u00edsticas. Sof\u00e1 fabricado com tecido com caracter\u00edsticas antimancha e com 2 poufs num dos bra\u00e7os para poder aumentar o numero de lugares dispon\u00edveis.<\/p>\n<p>Dimens\u00f5es: L 235 \/ P 85 &#8211; 155 \/ A 95<\/p>\n<p>Selecione a cor que pretende.<\/p>\n","protected":false},"excerpt":{"rendered":"<p>O pre\u00e7o riscado \u00e9 o pre\u00e7o de venda recomendado de mercado.<\/p>\n<p>Chaiselong revers\u00edvel que pode mudar o lada da sua chaiselong sempre que precisar e sem perder as suas caracter\u00edsticas. Sof\u00e1 fabricado com tecido com caracter\u00edsticas antimancha e com 2 poufs num dos bra\u00e7os para poder aumentar o numero de lugares dispon\u00edveis.<\/p>\n<p>Dimens\u00f5es: L 235 \/ P 85 &#8211; 155 \/ A 95<\/p>\n<p>Selecione a cor que pretende.<\/p>\n","protected":false},"featured_media":10948,"comment_status":"open","ping_status":"closed","template":"","meta":{"_monsterinsights_skip_tracking":false,"_monsterinsights_sitenote_active":false,"_monsterinsights_sitenote_note":"","_monsterinsights_sitenote_category":0},"product_cat":[130],"product_tag":[],"class_list":{"0":"post-10945","1":"product","2":"type-product","3":"status-publish","4":"has-post-thumbnail","6":"product_cat-sofas1647012387","8":"first","9":"instock","10":"sale","11":"taxable","12":"shipping-taxable","13":"purchasable","14":"product-type-variable"},"aioseo_notices":[],"_links":{"self":[{"href":"https:\/\/moveisantunes.com\/index.php?rest_route=\/wp\/v2\/product\/10945","targetHints":{"allow":["GET"]}}],"collection":[{"href":"https:\/\/moveisantunes.com\/index.php?rest_route=\/wp\/v2\/product"}],"about":[{"href":"https:\/\/moveisantunes.com\/index.php?rest_route=\/wp\/v2\/types\/product"}],"replies":[{"embeddable":true,"href":"https:\/\/moveisantunes.com\/index.php?rest_route=%2Fwp%2Fv2%2Fcomments&post=10945"}],"version-history":[{"count":3,"href":"https:\/\/moveisantunes.com\/index.php?rest_route=\/wp\/v2\/product\/10945\/revisions"}],"predecessor-version":[{"id":10955,"href":"https:\/\/moveisantunes.com\/index.php?rest_route=\/wp\/v2\/product\/10945\/revisions\/10955"}],"wp:featuredmedia":[{"embeddable":true,"href":"https:\/\/moveisantunes.com\/index.php?rest_route=\/wp\/v2\/media\/10948"}],"wp:attachment":[{"href":"https:\/\/moveisantunes.com\/index.php?rest_route=%2Fwp%2Fv2%2Fmedia&parent=10945"}],"wp:term":[{"taxonomy":"product_cat","embeddable":true,"href":"https:\/\/moveisantunes.com\/index.php?rest_route=%2Fwp%2Fv2%2Fproduct_cat&post=10945"},{"taxonomy":"product_tag","embeddable":true,"href":"https:\/\/moveisantunes.com\/index.php?rest_route=%2Fwp%2Fv2%2Fproduct_tag&post=10945"}],"curies":[{"name":"wp","href":"https:\/\/api.w.org\/{rel}","templated":true}]}}