{"id":11130,"date":"2023-09-20T08:34:02","date_gmt":"2023-09-20T08:34:02","guid":{"rendered":"https:\/\/moveisantunes.com\/?post_type=product&#038;p=11130"},"modified":"2026-02-24T12:42:30","modified_gmt":"2026-02-24T12:42:30","slug":"sala-de-jantar-crii-1331","status":"publish","type":"product","link":"https:\/\/moveisantunes.com\/?product=sala-de-jantar-crii-1331","title":{"rendered":"Sala de Jantar CRII 1331"},"content":{"rendered":"<p>Sala de Jantar moderna e vers\u00e1til com acabamentos em laminado texturado de ultima gera\u00e7\u00e3o. Linha desenhada e fabricada pela marca de prestigio Neves &amp; Santos.<\/p>\n","protected":false},"excerpt":{"rendered":"<p>O pre\u00e7o riscado \u00e9 o pre\u00e7o de venda recomendado de mercado.<\/p>\n<p>Dimens\u00f5es:<br \/>\nAparadro 4 portas: L 200 \/ P 45 \/ A 93<br \/>\nEspelho: L 180 \/ A 60<br \/>\nMesa extens\u00edvel: L 160-230 \/ P 90 \/ A 77<br \/>\nCadeira Maty costa estofada<\/p>\n<p>Seleccione a combina\u00e7\u00e3o de produtos que pretende e o tipo de acabamento.<\/p>\n<p>Tempo fabrico estimado, 4 semanas.<\/p>\n","protected":false},"featured_media":11170,"comment_status":"open","ping_status":"closed","template":"","meta":{"_monsterinsights_skip_tracking":false,"_monsterinsights_sitenote_active":false,"_monsterinsights_sitenote_note":"","_monsterinsights_sitenote_category":0},"product_cat":[125,121],"product_tag":[],"class_list":{"0":"post-11130","1":"product","2":"type-product","3":"status-publish","4":"has-post-thumbnail","6":"product_cat-aparadores","7":"product_cat-sala-de-jantar1647012368","9":"first","10":"instock","11":"sale","12":"taxable","13":"shipping-taxable","14":"purchasable","15":"product-type-variable"},"aioseo_notices":[],"_links":{"self":[{"href":"https:\/\/moveisantunes.com\/index.php?rest_route=\/wp\/v2\/product\/11130","targetHints":{"allow":["GET"]}}],"collection":[{"href":"https:\/\/moveisantunes.com\/index.php?rest_route=\/wp\/v2\/product"}],"about":[{"href":"https:\/\/moveisantunes.com\/index.php?rest_route=\/wp\/v2\/types\/product"}],"replies":[{"embeddable":true,"href":"https:\/\/moveisantunes.com\/index.php?rest_route=%2Fwp%2Fv2%2Fcomments&post=11130"}],"version-history":[{"count":1,"href":"https:\/\/moveisantunes.com\/index.php?rest_route=\/wp\/v2\/product\/11130\/revisions"}],"predecessor-version":[{"id":11169,"href":"https:\/\/moveisantunes.com\/index.php?rest_route=\/wp\/v2\/product\/11130\/revisions\/11169"}],"wp:featuredmedia":[{"embeddable":true,"href":"https:\/\/moveisantunes.com\/index.php?rest_route=\/wp\/v2\/media\/11170"}],"wp:attachment":[{"href":"https:\/\/moveisantunes.com\/index.php?rest_route=%2Fwp%2Fv2%2Fmedia&parent=11130"}],"wp:term":[{"taxonomy":"product_cat","embeddable":true,"href":"https:\/\/moveisantunes.com\/index.php?rest_route=%2Fwp%2Fv2%2Fproduct_cat&post=11130"},{"taxonomy":"product_tag","embeddable":true,"href":"https:\/\/moveisantunes.com\/index.php?rest_route=%2Fwp%2Fv2%2Fproduct_tag&post=11130"}],"curies":[{"name":"wp","href":"https:\/\/api.w.org\/{rel}","templated":true}]}}