{"id":11232,"date":"2024-02-01T18:13:57","date_gmt":"2024-02-01T18:13:57","guid":{"rendered":"https:\/\/moveisantunes.com\/?post_type=product&#038;p=11232"},"modified":"2026-02-12T11:26:29","modified_gmt":"2026-02-12T11:26:29","slug":"quarto-m07","status":"publish","type":"product","link":"https:\/\/moveisantunes.com\/?product=quarto-m07","title":{"rendered":"Quarto M07"},"content":{"rendered":"<p>N\u00f3s somos a gera\u00e7\u00e3o que viu nascer, que viu crescer, que viu errar e que aprendeu.<br \/>\nE hoje, apoiados nos ombros de gigantes, torn\u00e1mo-nos na gera\u00e7\u00e3o capaz de ver mais longe, fazendo de cada dia uma fonte de aprendizagem.<\/p>\n<p>N\u00f3s somos essa gera\u00e7\u00e3o- a gera\u00e7\u00e3o MITUS\u00b4S.<\/p>\n","protected":false},"excerpt":{"rendered":"<p>Quarto M07<\/p>\n<p>Dimens\u00f5es:<\/p>\n<p>Cabeceira Estofada: L170 \/ A120 \/ P50<br \/>\nBase\u00a0 da Cama: L 158 \/ A 200 \/ P 206 (colch\u00e3o 1.95&#215;150)<br \/>\nMesa Cabeceira: L57 \/ A 41 \/ P 40<br \/>\nCamiseiro: L 570 \/ A 113 \/ P 48<br \/>\nEspelho: L 95 \/ A 100 \/ P20<br \/>\nTocador: L100 \/ A76 \/ P48 (op\u00e7\u00e3o com gaveta)<\/p>\n<p>V\u00e1rias cores ou combina\u00e7\u00f5es de cores dispon\u00edveis. O Pre\u00e7o inclui apenas a cama.<br \/>\nAproveite para adicionar estrado e colch\u00e3o \u00e0 sua encomenda.<\/p>\n","protected":false},"featured_media":11233,"comment_status":"open","ping_status":"closed","template":"","meta":{"_monsterinsights_skip_tracking":false,"_monsterinsights_sitenote_active":false,"_monsterinsights_sitenote_note":"","_monsterinsights_sitenote_category":0},"product_cat":[117],"product_tag":[],"class_list":{"0":"post-11232","1":"product","2":"type-product","3":"status-publish","4":"has-post-thumbnail","6":"product_cat-quartos-casal1647012361","8":"first","9":"onbackorder","10":"sale","11":"taxable","12":"shipping-taxable","13":"purchasable","14":"product-type-variable"},"aioseo_notices":[],"_links":{"self":[{"href":"https:\/\/moveisantunes.com\/index.php?rest_route=\/wp\/v2\/product\/11232","targetHints":{"allow":["GET"]}}],"collection":[{"href":"https:\/\/moveisantunes.com\/index.php?rest_route=\/wp\/v2\/product"}],"about":[{"href":"https:\/\/moveisantunes.com\/index.php?rest_route=\/wp\/v2\/types\/product"}],"replies":[{"embeddable":true,"href":"https:\/\/moveisantunes.com\/index.php?rest_route=%2Fwp%2Fv2%2Fcomments&post=11232"}],"version-history":[{"count":3,"href":"https:\/\/moveisantunes.com\/index.php?rest_route=\/wp\/v2\/product\/11232\/revisions"}],"predecessor-version":[{"id":11313,"href":"https:\/\/moveisantunes.com\/index.php?rest_route=\/wp\/v2\/product\/11232\/revisions\/11313"}],"wp:featuredmedia":[{"embeddable":true,"href":"https:\/\/moveisantunes.com\/index.php?rest_route=\/wp\/v2\/media\/11233"}],"wp:attachment":[{"href":"https:\/\/moveisantunes.com\/index.php?rest_route=%2Fwp%2Fv2%2Fmedia&parent=11232"}],"wp:term":[{"taxonomy":"product_cat","embeddable":true,"href":"https:\/\/moveisantunes.com\/index.php?rest_route=%2Fwp%2Fv2%2Fproduct_cat&post=11232"},{"taxonomy":"product_tag","embeddable":true,"href":"https:\/\/moveisantunes.com\/index.php?rest_route=%2Fwp%2Fv2%2Fproduct_tag&post=11232"}],"curies":[{"name":"wp","href":"https:\/\/api.w.org\/{rel}","templated":true}]}}