{"id":11634,"date":"2024-04-24T16:15:38","date_gmt":"2024-04-24T16:15:38","guid":{"rendered":"https:\/\/moveisantunes.com\/?post_type=product&#038;p=11634"},"modified":"2026-02-12T15:43:20","modified_gmt":"2026-02-12T15:43:20","slug":"quarto-juvenil-m22","status":"publish","type":"product","link":"https:\/\/moveisantunes.com\/?product=quarto-juvenil-m22","title":{"rendered":"Quarto Juvenil M22"},"content":{"rendered":"<p>N\u00f3s somos a gera\u00e7\u00e3o que viu nascer, que viu crescer, que viu errar e que aprendeu.<br \/>\nE hoje, apoiados nos ombros de gigantes, torn\u00e1mo-nos na gera\u00e7\u00e3o capaz de ver mais longe, fazendo de cada dia uma fonte de aprendizagem.<\/p>\n<p>N\u00f3s somos essa gera\u00e7\u00e3o- a gera\u00e7\u00e3o MITUS\u00b4S.<\/p>\n","protected":false},"excerpt":{"rendered":"<p>Quarto Juvenil M22<\/p>\n<p>Dimens\u00f5es:<\/p>\n<p>Cama (c\/ gavet\u00e3o): para colch\u00e3o 1.95 \u00d7 95 (Gavet\u00e3o p\/ colch\u00e3o 1.83 x 88)<br \/>\nRoupeiro: L 100 \/ A 195 \/ P 53<br \/>\nSecret\u00e1ria: L 120 \/ A 75 \/ P 55<br \/>\nAl\u00e7ado Parede c\/ porta: L 50 \/ A 30 \/ P 30<br \/>\nAl\u00e7ado Parede: L 40 \/ A 60 \/ P 30<br \/>\nPrateleira de Parede: L 190 \/ A 60 \/ P 30<\/p>\n<p>V\u00e1rias cores ou combina\u00e7\u00f5es de cores dispon\u00edveis. O Pre\u00e7o inclui apenas a cama.<br \/>\nAproveite para adicionar estrado e colch\u00e3o \u00e0 sua encomenda.<\/p>\n","protected":false},"featured_media":11645,"comment_status":"open","ping_status":"closed","template":"","meta":{"_monsterinsights_skip_tracking":false,"_monsterinsights_sitenote_active":false,"_monsterinsights_sitenote_note":"","_monsterinsights_sitenote_category":0},"product_cat":[118],"product_tag":[],"class_list":{"0":"post-11634","1":"product","2":"type-product","3":"status-publish","4":"has-post-thumbnail","6":"product_cat-quartos-crianca-e-juvenil1647012364","8":"first","9":"onbackorder","10":"sale","11":"taxable","12":"shipping-taxable","13":"purchasable","14":"product-type-variable"},"aioseo_notices":[],"_links":{"self":[{"href":"https:\/\/moveisantunes.com\/index.php?rest_route=\/wp\/v2\/product\/11634","targetHints":{"allow":["GET"]}}],"collection":[{"href":"https:\/\/moveisantunes.com\/index.php?rest_route=\/wp\/v2\/product"}],"about":[{"href":"https:\/\/moveisantunes.com\/index.php?rest_route=\/wp\/v2\/types\/product"}],"replies":[{"embeddable":true,"href":"https:\/\/moveisantunes.com\/index.php?rest_route=%2Fwp%2Fv2%2Fcomments&post=11634"}],"version-history":[{"count":1,"href":"https:\/\/moveisantunes.com\/index.php?rest_route=\/wp\/v2\/product\/11634\/revisions"}],"predecessor-version":[{"id":11644,"href":"https:\/\/moveisantunes.com\/index.php?rest_route=\/wp\/v2\/product\/11634\/revisions\/11644"}],"wp:featuredmedia":[{"embeddable":true,"href":"https:\/\/moveisantunes.com\/index.php?rest_route=\/wp\/v2\/media\/11645"}],"wp:attachment":[{"href":"https:\/\/moveisantunes.com\/index.php?rest_route=%2Fwp%2Fv2%2Fmedia&parent=11634"}],"wp:term":[{"taxonomy":"product_cat","embeddable":true,"href":"https:\/\/moveisantunes.com\/index.php?rest_route=%2Fwp%2Fv2%2Fproduct_cat&post=11634"},{"taxonomy":"product_tag","embeddable":true,"href":"https:\/\/moveisantunes.com\/index.php?rest_route=%2Fwp%2Fv2%2Fproduct_tag&post=11634"}],"curies":[{"name":"wp","href":"https:\/\/api.w.org\/{rel}","templated":true}]}}