{"id":11685,"date":"2024-04-27T10:05:14","date_gmt":"2024-04-27T10:05:14","guid":{"rendered":"https:\/\/moveisantunes.com\/?post_type=product&#038;p=11685"},"modified":"2025-08-30T09:41:06","modified_gmt":"2025-08-30T09:41:06","slug":"quarto-aq-02","status":"publish","type":"product","link":"https:\/\/moveisantunes.com\/?product=quarto-aq-02","title":{"rendered":"Quarto AQ 02"},"content":{"rendered":"<p>Quarto Aqua AQ 02, moderno e vers\u00e1til com acabamentos em laminado texturado de ultima gera\u00e7\u00e3o.<br \/>\nNa imagem temos o acabamento laminado Carvalho Glaciar com a costa das mesas de cabeceira ripado em laminado Carvalho Amazonas e os tampos das mesas de cabeceira e da c\u00f3moda tamb\u00e9m em laminado Carvalho Amazonas, qualquer uma destas op\u00e7\u00f5es \u00e9 personaliz\u00e1vel.<br \/>\nLinha desenhada e fabricada pela marca de prestigio Neves &amp; Santos.<\/p>\n","protected":false},"excerpt":{"rendered":"<p>O pre\u00e7o riscado \u00e9 o pre\u00e7o de venda recomendado de mercado.<br \/>\nDimens\u00f5es:<br \/>\nCama: L 165 \/ P 211 \/ A 120 (Para colch\u00e3o de 200*140, fabricamos noutras medidas)<br \/>\nLaterais cabeceira costa ripada: L 70 \/ A 120<br \/>\nMesa cabeceira 2 gavetas: L 59 \/ P 42 \/ A 56<br \/>\nC\u00f3moda 3 gavetas: L 119 \/ P 48 \/ A 80<br \/>\nEspelho: L 100 \/ A 65<\/p>\n<p>Tempo m\u00e9dio de produ\u00e7\u00e3o entre 4 a 5 semanas<\/p>\n","protected":false},"featured_media":11715,"comment_status":"open","ping_status":"closed","template":"","meta":{"_monsterinsights_skip_tracking":false,"_monsterinsights_sitenote_active":false,"_monsterinsights_sitenote_note":"","_monsterinsights_sitenote_category":0},"product_cat":[117],"product_tag":[686],"class_list":{"0":"post-11685","1":"product","2":"type-product","3":"status-publish","4":"has-post-thumbnail","6":"product_cat-quartos-casal1647012361","7":"product_tag-quarto-aq01","9":"first","10":"instock","11":"sale","12":"taxable","13":"shipping-taxable","14":"purchasable","15":"product-type-variable","16":"has-default-attributes"},"aioseo_notices":[],"_links":{"self":[{"href":"https:\/\/moveisantunes.com\/index.php?rest_route=\/wp\/v2\/product\/11685","targetHints":{"allow":["GET"]}}],"collection":[{"href":"https:\/\/moveisantunes.com\/index.php?rest_route=\/wp\/v2\/product"}],"about":[{"href":"https:\/\/moveisantunes.com\/index.php?rest_route=\/wp\/v2\/types\/product"}],"replies":[{"embeddable":true,"href":"https:\/\/moveisantunes.com\/index.php?rest_route=%2Fwp%2Fv2%2Fcomments&post=11685"}],"version-history":[{"count":2,"href":"https:\/\/moveisantunes.com\/index.php?rest_route=\/wp\/v2\/product\/11685\/revisions"}],"predecessor-version":[{"id":13041,"href":"https:\/\/moveisantunes.com\/index.php?rest_route=\/wp\/v2\/product\/11685\/revisions\/13041"}],"wp:featuredmedia":[{"embeddable":true,"href":"https:\/\/moveisantunes.com\/index.php?rest_route=\/wp\/v2\/media\/11715"}],"wp:attachment":[{"href":"https:\/\/moveisantunes.com\/index.php?rest_route=%2Fwp%2Fv2%2Fmedia&parent=11685"}],"wp:term":[{"taxonomy":"product_cat","embeddable":true,"href":"https:\/\/moveisantunes.com\/index.php?rest_route=%2Fwp%2Fv2%2Fproduct_cat&post=11685"},{"taxonomy":"product_tag","embeddable":true,"href":"https:\/\/moveisantunes.com\/index.php?rest_route=%2Fwp%2Fv2%2Fproduct_tag&post=11685"}],"curies":[{"name":"wp","href":"https:\/\/api.w.org\/{rel}","templated":true}]}}