{"id":11720,"date":"2024-04-29T12:23:30","date_gmt":"2024-04-29T12:23:30","guid":{"rendered":"https:\/\/moveisantunes.com\/?post_type=product&#038;p=11720"},"modified":"2024-04-29T12:28:41","modified_gmt":"2024-04-29T12:28:41","slug":"topper-vintage-lux-prime","status":"publish","type":"product","link":"https:\/\/moveisantunes.com\/?product=topper-vintage-lux-prime","title":{"rendered":"Topper Vintage Lux Prime"},"content":{"rendered":"<p>Topper VINTAGE LUX Prime da Mindol &#8211; Mindoflex<\/p>\n<p>Premium Sleep<br \/>\nInspirado na NATUREZA, feito \u00e0 m\u00e3o!<\/p>\n<p>A l\u00e3 e o algod\u00e3o s\u00e3o fibra naturais, com uma alta capacidade de absorver e libertar a humidade.<\/p>\n<p>A sua excelente moldabilidade transforma-o numa fonte garantida de conforto.<\/p>\n","protected":false},"excerpt":{"rendered":"<p>O pre\u00e7o riscado \u00e9 o pre\u00e7o recomendado de mercado.<\/p>\n<p>Constitui\u00e7\u00e3o:<br \/>\n-Tecido strecht<br \/>\n-Fibras quelf<br \/>\n-l\u00e3 100% natural<br \/>\n-Placa eliocel super suave<br \/>\n-Fibras quelf<br \/>\n-algod\u00e3o 100% natural<br \/>\n-Fibras quelf<br \/>\n-Tecido strecht<\/p>\n<p>Altura 9 cm<\/p>\n<p>Nota &#8211; As cores e medidas poder\u00e3o variar um 5% das apresentadas na foto.<\/p>\n<p>Disponibilidade :Aproximadamente 15 dias.<br \/>\nSe pretender outras medidas contacte-nos: 969 044 261 ou encomendas@moveisantunes.com<\/p>\n","protected":false},"featured_media":11731,"comment_status":"open","ping_status":"closed","template":"","meta":{"_monsterinsights_skip_tracking":false,"_monsterinsights_sitenote_active":false,"_monsterinsights_sitenote_note":"","_monsterinsights_sitenote_category":0},"product_cat":[129],"product_tag":[687],"class_list":{"0":"post-11720","1":"product","2":"type-product","3":"status-publish","4":"has-post-thumbnail","6":"product_cat-colchoes-e-almofadas","7":"product_tag-topper-prime","9":"first","10":"instock","11":"sale","12":"taxable","13":"shipping-taxable","14":"purchasable","15":"product-type-variable"},"aioseo_notices":[],"_links":{"self":[{"href":"https:\/\/moveisantunes.com\/index.php?rest_route=\/wp\/v2\/product\/11720","targetHints":{"allow":["GET"]}}],"collection":[{"href":"https:\/\/moveisantunes.com\/index.php?rest_route=\/wp\/v2\/product"}],"about":[{"href":"https:\/\/moveisantunes.com\/index.php?rest_route=\/wp\/v2\/types\/product"}],"replies":[{"embeddable":true,"href":"https:\/\/moveisantunes.com\/index.php?rest_route=%2Fwp%2Fv2%2Fcomments&post=11720"}],"version-history":[{"count":3,"href":"https:\/\/moveisantunes.com\/index.php?rest_route=\/wp\/v2\/product\/11720\/revisions"}],"predecessor-version":[{"id":11735,"href":"https:\/\/moveisantunes.com\/index.php?rest_route=\/wp\/v2\/product\/11720\/revisions\/11735"}],"wp:featuredmedia":[{"embeddable":true,"href":"https:\/\/moveisantunes.com\/index.php?rest_route=\/wp\/v2\/media\/11731"}],"wp:attachment":[{"href":"https:\/\/moveisantunes.com\/index.php?rest_route=%2Fwp%2Fv2%2Fmedia&parent=11720"}],"wp:term":[{"taxonomy":"product_cat","embeddable":true,"href":"https:\/\/moveisantunes.com\/index.php?rest_route=%2Fwp%2Fv2%2Fproduct_cat&post=11720"},{"taxonomy":"product_tag","embeddable":true,"href":"https:\/\/moveisantunes.com\/index.php?rest_route=%2Fwp%2Fv2%2Fproduct_tag&post=11720"}],"curies":[{"name":"wp","href":"https:\/\/api.w.org\/{rel}","templated":true}]}}