{"id":12255,"date":"2024-05-22T08:50:32","date_gmt":"2024-05-22T08:50:32","guid":{"rendered":"https:\/\/moveisantunes.com\/?post_type=product&#038;p=12255"},"modified":"2024-05-22T09:10:48","modified_gmt":"2024-05-22T09:10:48","slug":"cabeceira-estofada-emilia","status":"publish","type":"product","link":"https:\/\/moveisantunes.com\/?product=cabeceira-estofada-emilia","title":{"rendered":"Cabeceira estofada Emilia"},"content":{"rendered":"<p>Fabricamos noutro tipos de tecidos ou tamanhos por or\u00e7amento.<\/p>\n<p>Para mais informa\u00e7\u00f5es ligue: 969044261<\/p>\n<p>ou<\/p>\n<p>email: para comercial@moveisantunes.com<\/p>\n","protected":false},"excerpt":{"rendered":"<p>O pre\u00e7o riscado \u00e9 o pre\u00e7o de venda recomendado de mercado.<\/p>\n<p>Altura da cabeceira 120cm.<\/p>\n<p>Seleccione a combina\u00e7\u00e3o de tamanho (em cm) que pretende e a cor.<\/p>\n","protected":false},"featured_media":12292,"comment_status":"open","ping_status":"closed","template":"","meta":{"_monsterinsights_skip_tracking":false,"_monsterinsights_sitenote_active":false,"_monsterinsights_sitenote_note":"","_monsterinsights_sitenote_category":0},"product_cat":[128],"product_tag":[],"class_list":{"0":"post-12255","1":"product","2":"type-product","3":"status-publish","4":"has-post-thumbnail","6":"product_cat-estrados-e-somier","8":"first","9":"onbackorder","10":"sale","11":"taxable","12":"shipping-taxable","13":"purchasable","14":"product-type-variable"},"aioseo_notices":[],"_links":{"self":[{"href":"https:\/\/moveisantunes.com\/index.php?rest_route=\/wp\/v2\/product\/12255","targetHints":{"allow":["GET"]}}],"collection":[{"href":"https:\/\/moveisantunes.com\/index.php?rest_route=\/wp\/v2\/product"}],"about":[{"href":"https:\/\/moveisantunes.com\/index.php?rest_route=\/wp\/v2\/types\/product"}],"replies":[{"embeddable":true,"href":"https:\/\/moveisantunes.com\/index.php?rest_route=%2Fwp%2Fv2%2Fcomments&post=12255"}],"version-history":[{"count":1,"href":"https:\/\/moveisantunes.com\/index.php?rest_route=\/wp\/v2\/product\/12255\/revisions"}],"predecessor-version":[{"id":12293,"href":"https:\/\/moveisantunes.com\/index.php?rest_route=\/wp\/v2\/product\/12255\/revisions\/12293"}],"wp:featuredmedia":[{"embeddable":true,"href":"https:\/\/moveisantunes.com\/index.php?rest_route=\/wp\/v2\/media\/12292"}],"wp:attachment":[{"href":"https:\/\/moveisantunes.com\/index.php?rest_route=%2Fwp%2Fv2%2Fmedia&parent=12255"}],"wp:term":[{"taxonomy":"product_cat","embeddable":true,"href":"https:\/\/moveisantunes.com\/index.php?rest_route=%2Fwp%2Fv2%2Fproduct_cat&post=12255"},{"taxonomy":"product_tag","embeddable":true,"href":"https:\/\/moveisantunes.com\/index.php?rest_route=%2Fwp%2Fv2%2Fproduct_tag&post=12255"}],"curies":[{"name":"wp","href":"https:\/\/api.w.org\/{rel}","templated":true}]}}