{"id":12373,"date":"2024-05-23T08:36:42","date_gmt":"2024-05-23T08:36:42","guid":{"rendered":"https:\/\/moveisantunes.com\/?post_type=product&#038;p=12373"},"modified":"2024-05-23T08:40:37","modified_gmt":"2024-05-23T08:40:37","slug":"colchao-superb","status":"publish","type":"product","link":"https:\/\/moveisantunes.com\/?product=colchao-superb","title":{"rendered":"Colch\u00e3o Superb"},"content":{"rendered":"<p>Suave, natural e elegante.<br \/>\nSuperb&#8230; o colch\u00e3o perfeito como um ref\u00fagio para o seu corpo, mente e alma. Uma zona constante de sa\u00fade e bem-estar longe do ritmo do nosso quotidiano. Um lugar para o qual voltamos para uma \u00f3tima noite de sono e confiamos para acordar sentindo-nos revigorados, prontos para o dia seguinte.<br \/>\nColch\u00e3o Superb, mais um colch\u00e3o e op\u00e7\u00e3o de excel\u00eancia fabricado pelo grupo Mindol, Mindoflex&#8230;<\/p>\n","protected":false},"excerpt":{"rendered":"<p>O pre\u00e7o riscado o o pre\u00e7o recomendado de mercado<\/p>\n<p>Prazo de entrega entre 2 a 3 semanas. Fabricamos outras medidas por encomenda.<\/p>\n","protected":false},"featured_media":12462,"comment_status":"open","ping_status":"closed","template":"","meta":{"_monsterinsights_skip_tracking":false,"_monsterinsights_sitenote_active":false,"_monsterinsights_sitenote_note":"","_monsterinsights_sitenote_category":0},"product_cat":[129],"product_tag":[437,144,734,733],"class_list":{"0":"post-12373","1":"product","2":"type-product","3":"status-publish","4":"has-post-thumbnail","6":"product_cat-colchoes-e-almofadas","7":"product_tag-mindoflex","8":"product_tag-mindol","9":"product_tag-colchao-superb","10":"product_tag-superb","12":"first","13":"onbackorder","14":"sale","15":"taxable","16":"shipping-taxable","17":"purchasable","18":"product-type-variable"},"aioseo_notices":[],"_links":{"self":[{"href":"https:\/\/moveisantunes.com\/index.php?rest_route=\/wp\/v2\/product\/12373","targetHints":{"allow":["GET"]}}],"collection":[{"href":"https:\/\/moveisantunes.com\/index.php?rest_route=\/wp\/v2\/product"}],"about":[{"href":"https:\/\/moveisantunes.com\/index.php?rest_route=\/wp\/v2\/types\/product"}],"replies":[{"embeddable":true,"href":"https:\/\/moveisantunes.com\/index.php?rest_route=%2Fwp%2Fv2%2Fcomments&post=12373"}],"version-history":[{"count":3,"href":"https:\/\/moveisantunes.com\/index.php?rest_route=\/wp\/v2\/product\/12373\/revisions"}],"predecessor-version":[{"id":12466,"href":"https:\/\/moveisantunes.com\/index.php?rest_route=\/wp\/v2\/product\/12373\/revisions\/12466"}],"wp:featuredmedia":[{"embeddable":true,"href":"https:\/\/moveisantunes.com\/index.php?rest_route=\/wp\/v2\/media\/12462"}],"wp:attachment":[{"href":"https:\/\/moveisantunes.com\/index.php?rest_route=%2Fwp%2Fv2%2Fmedia&parent=12373"}],"wp:term":[{"taxonomy":"product_cat","embeddable":true,"href":"https:\/\/moveisantunes.com\/index.php?rest_route=%2Fwp%2Fv2%2Fproduct_cat&post=12373"},{"taxonomy":"product_tag","embeddable":true,"href":"https:\/\/moveisantunes.com\/index.php?rest_route=%2Fwp%2Fv2%2Fproduct_tag&post=12373"}],"curies":[{"name":"wp","href":"https:\/\/api.w.org\/{rel}","templated":true}]}}