{"id":12640,"date":"2024-05-23T15:13:08","date_gmt":"2024-05-23T15:13:08","guid":{"rendered":"https:\/\/moveisantunes.com\/?post_type=product&#038;p=12640"},"modified":"2026-02-11T11:20:18","modified_gmt":"2026-02-11T11:20:18","slug":"sala-de-estar-m35","status":"publish","type":"product","link":"https:\/\/moveisantunes.com\/?product=sala-de-estar-m35","title":{"rendered":"Sala de Estar M35"},"content":{"rendered":"<p>N\u00f3s somos a gera\u00e7\u00e3o que viu nascer, que viu crescer, que viu errar e que aprendeu.<br \/>\nE hoje, apoiados nos ombros de gigantes, torn\u00e1mo-nos na gera\u00e7\u00e3o capaz de ver mais longe, fazendo de cada dia uma fonte de aprendizagem.<\/p>\n<p>N\u00f3s somos essa gera\u00e7\u00e3o- a gera\u00e7\u00e3o MITUS\u00b4S.<\/p>\n<p>&nbsp;<\/p>\n","protected":false},"excerpt":{"rendered":"<p>Sala de Estar M35<br style=\"box-sizing: border-box;\" \/><br style=\"box-sizing: border-box;\" \/>Dimens\u00f5es:<br \/>\nM\u00f3vel Tv: L 160 \/ P 40 \/ A 46<br \/>\nElemento c\/porta: L 80 \/ P 40 \/ A 180<br \/>\nElemento parede c\/porta: L 40 \/ P 30 \/ A 84<br \/>\nBloco parede: L40 \/ P30 \/ A 40<br \/>\nPrateleira parede: L 150 \/ P 30 \/ A 30<br \/>\nMesa centro: L 87 \/ P 53 \/ A 43<\/p>\n<p>Podemos vender tudo em separado. V\u00e1rios acabamentos dispon\u00edveis.<\/p>\n","protected":false},"featured_media":12653,"comment_status":"open","ping_status":"closed","template":"","meta":{"_monsterinsights_skip_tracking":false,"_monsterinsights_sitenote_active":false,"_monsterinsights_sitenote_note":"","_monsterinsights_sitenote_category":0},"product_cat":[120],"product_tag":[],"class_list":{"0":"post-12640","1":"product","2":"type-product","3":"status-publish","4":"has-post-thumbnail","6":"product_cat-salas-de-estar1647012367","8":"first","9":"onbackorder","10":"sale","11":"taxable","12":"shipping-taxable","13":"purchasable","14":"product-type-variable"},"aioseo_notices":[],"_links":{"self":[{"href":"https:\/\/moveisantunes.com\/index.php?rest_route=\/wp\/v2\/product\/12640","targetHints":{"allow":["GET"]}}],"collection":[{"href":"https:\/\/moveisantunes.com\/index.php?rest_route=\/wp\/v2\/product"}],"about":[{"href":"https:\/\/moveisantunes.com\/index.php?rest_route=\/wp\/v2\/types\/product"}],"replies":[{"embeddable":true,"href":"https:\/\/moveisantunes.com\/index.php?rest_route=%2Fwp%2Fv2%2Fcomments&post=12640"}],"version-history":[{"count":1,"href":"https:\/\/moveisantunes.com\/index.php?rest_route=\/wp\/v2\/product\/12640\/revisions"}],"predecessor-version":[{"id":12654,"href":"https:\/\/moveisantunes.com\/index.php?rest_route=\/wp\/v2\/product\/12640\/revisions\/12654"}],"wp:featuredmedia":[{"embeddable":true,"href":"https:\/\/moveisantunes.com\/index.php?rest_route=\/wp\/v2\/media\/12653"}],"wp:attachment":[{"href":"https:\/\/moveisantunes.com\/index.php?rest_route=%2Fwp%2Fv2%2Fmedia&parent=12640"}],"wp:term":[{"taxonomy":"product_cat","embeddable":true,"href":"https:\/\/moveisantunes.com\/index.php?rest_route=%2Fwp%2Fv2%2Fproduct_cat&post=12640"},{"taxonomy":"product_tag","embeddable":true,"href":"https:\/\/moveisantunes.com\/index.php?rest_route=%2Fwp%2Fv2%2Fproduct_tag&post=12640"}],"curies":[{"name":"wp","href":"https:\/\/api.w.org\/{rel}","templated":true}]}}