{"id":12768,"date":"2024-06-01T11:00:35","date_gmt":"2024-06-01T11:00:35","guid":{"rendered":"https:\/\/moveisantunes.com\/?post_type=product&#038;p=12768"},"modified":"2026-02-11T15:19:52","modified_gmt":"2026-02-11T15:19:52","slug":"sala-de-jantar-m47","status":"publish","type":"product","link":"https:\/\/moveisantunes.com\/?product=sala-de-jantar-m47","title":{"rendered":"Sala de Jantar M47"},"content":{"rendered":"<p>N\u00f3s somos a gera\u00e7\u00e3o que viu nascer, que viu crescer, que viu errar e que aprendeu.<br \/>\nE hoje, apoiados nos ombros de gigantes, torn\u00e1mo-nos na gera\u00e7\u00e3o capaz de ver mais longe, fazendo de cada dia uma fonte de aprendizagem.<\/p>\n<p>N\u00f3s somos essa gera\u00e7\u00e3o- a gera\u00e7\u00e3o MITUS\u00b4S.<\/p>\n<p>&nbsp;<\/p>\n","protected":false},"excerpt":{"rendered":"<p>Sala de Jantar M47\u00a0<br style=\"box-sizing: border-box;\" \/><br style=\"box-sizing: border-box;\" \/>Dimens\u00f5es:<br \/>\nAparador : L 150 \/ P 45 \/ A 82<br \/>\nElemento largo: L 100 \/ P 40 \/ A 170<br \/>\nMesa Extens\u00edvel:\u00a0 <strong>Aberto &#8211;<\/strong> L 200 \/ P 90 \/ A 75\u00a0 \/\/\u00a0 <strong>Fechado &#8211;<\/strong> L 160 \/ P 90 \/ A 75<br \/>\nCadeira: L 45 \/ P 47 \/ A 101<br \/>\nMoldura: L 150 \/ P 20 \/ A 80<\/p>\n<p>Podemos vender tudo em separado. V\u00e1rios acabamentos dispon\u00edveis.<\/p>\n","protected":false},"featured_media":12782,"comment_status":"open","ping_status":"closed","template":"","meta":{"_monsterinsights_skip_tracking":false,"_monsterinsights_sitenote_active":false,"_monsterinsights_sitenote_note":"","_monsterinsights_sitenote_category":0},"product_cat":[121],"product_tag":[],"class_list":{"0":"post-12768","1":"product","2":"type-product","3":"status-publish","4":"has-post-thumbnail","6":"product_cat-sala-de-jantar1647012368","8":"first","9":"onbackorder","10":"sale","11":"taxable","12":"shipping-taxable","13":"purchasable","14":"product-type-variable"},"aioseo_notices":[],"_links":{"self":[{"href":"https:\/\/moveisantunes.com\/index.php?rest_route=\/wp\/v2\/product\/12768","targetHints":{"allow":["GET"]}}],"collection":[{"href":"https:\/\/moveisantunes.com\/index.php?rest_route=\/wp\/v2\/product"}],"about":[{"href":"https:\/\/moveisantunes.com\/index.php?rest_route=\/wp\/v2\/types\/product"}],"replies":[{"embeddable":true,"href":"https:\/\/moveisantunes.com\/index.php?rest_route=%2Fwp%2Fv2%2Fcomments&post=12768"}],"version-history":[{"count":1,"href":"https:\/\/moveisantunes.com\/index.php?rest_route=\/wp\/v2\/product\/12768\/revisions"}],"predecessor-version":[{"id":12775,"href":"https:\/\/moveisantunes.com\/index.php?rest_route=\/wp\/v2\/product\/12768\/revisions\/12775"}],"wp:featuredmedia":[{"embeddable":true,"href":"https:\/\/moveisantunes.com\/index.php?rest_route=\/wp\/v2\/media\/12782"}],"wp:attachment":[{"href":"https:\/\/moveisantunes.com\/index.php?rest_route=%2Fwp%2Fv2%2Fmedia&parent=12768"}],"wp:term":[{"taxonomy":"product_cat","embeddable":true,"href":"https:\/\/moveisantunes.com\/index.php?rest_route=%2Fwp%2Fv2%2Fproduct_cat&post=12768"},{"taxonomy":"product_tag","embeddable":true,"href":"https:\/\/moveisantunes.com\/index.php?rest_route=%2Fwp%2Fv2%2Fproduct_tag&post=12768"}],"curies":[{"name":"wp","href":"https:\/\/api.w.org\/{rel}","templated":true}]}}