{"id":12796,"date":"2024-06-12T15:23:46","date_gmt":"2024-06-12T15:23:46","guid":{"rendered":"https:\/\/moveisantunes.com\/?post_type=product&#038;p=12796"},"modified":"2025-08-30T10:33:14","modified_gmt":"2025-08-30T10:33:14","slug":"quarto-aq-04","status":"publish","type":"product","link":"https:\/\/moveisantunes.com\/?product=quarto-aq-04","title":{"rendered":"Quarto AQ 04"},"content":{"rendered":"<p>Quarto Aqua AQ 04, moderno e vers\u00e1til com acabamentos em laminado texturado de ultima gera\u00e7\u00e3o.<br \/>\nNa imagem temos o acabamento laminado Carvalho Amazonas com a costa da cama em P\u00e9rola Suave como pormenor, qualquer uma destas op\u00e7\u00f5es \u00e9 personaliz\u00e1vel.<br \/>\nLinha desenhada pela marca de prestigio Neves &amp; Santos.<\/p>\n","protected":false},"excerpt":{"rendered":"<p>O pre\u00e7o riscado \u00e9 o pre\u00e7o de venda recomendado de mercado.<\/p>\n<p>Dimens\u00f5es:<br \/>\nCama com Cabeceira suspensa: L 310 \/ A\u00a0 70 (para colch\u00e3o de 200*140, temos outras medidas dispon\u00edveis)<br \/>\nMesa de Cabeceira: L 59 \/ P 42 \/ A\u00a0 56<br \/>\nCamiseiro 5 gavetas: L 59 \/ P 42 \/ A 120<\/p>\n<p>Tempo m\u00e9dio de entrega entre 3 a 4 semanas.<\/p>\n","protected":false},"featured_media":12813,"comment_status":"open","ping_status":"closed","template":"","meta":{"_monsterinsights_skip_tracking":false,"_monsterinsights_sitenote_active":false,"_monsterinsights_sitenote_note":"","_monsterinsights_sitenote_category":0},"product_cat":[116,117],"product_tag":[],"class_list":{"0":"post-12796","1":"product","2":"type-product","3":"status-publish","4":"has-post-thumbnail","6":"product_cat-mobiliario1647012361","7":"product_cat-quartos-casal1647012361","9":"first","10":"onbackorder","11":"sale","12":"taxable","13":"shipping-taxable","14":"purchasable","15":"product-type-variable"},"aioseo_notices":[],"_links":{"self":[{"href":"https:\/\/moveisantunes.com\/index.php?rest_route=\/wp\/v2\/product\/12796","targetHints":{"allow":["GET"]}}],"collection":[{"href":"https:\/\/moveisantunes.com\/index.php?rest_route=\/wp\/v2\/product"}],"about":[{"href":"https:\/\/moveisantunes.com\/index.php?rest_route=\/wp\/v2\/types\/product"}],"replies":[{"embeddable":true,"href":"https:\/\/moveisantunes.com\/index.php?rest_route=%2Fwp%2Fv2%2Fcomments&post=12796"}],"version-history":[{"count":1,"href":"https:\/\/moveisantunes.com\/index.php?rest_route=\/wp\/v2\/product\/12796\/revisions"}],"predecessor-version":[{"id":12816,"href":"https:\/\/moveisantunes.com\/index.php?rest_route=\/wp\/v2\/product\/12796\/revisions\/12816"}],"wp:featuredmedia":[{"embeddable":true,"href":"https:\/\/moveisantunes.com\/index.php?rest_route=\/wp\/v2\/media\/12813"}],"wp:attachment":[{"href":"https:\/\/moveisantunes.com\/index.php?rest_route=%2Fwp%2Fv2%2Fmedia&parent=12796"}],"wp:term":[{"taxonomy":"product_cat","embeddable":true,"href":"https:\/\/moveisantunes.com\/index.php?rest_route=%2Fwp%2Fv2%2Fproduct_cat&post=12796"},{"taxonomy":"product_tag","embeddable":true,"href":"https:\/\/moveisantunes.com\/index.php?rest_route=%2Fwp%2Fv2%2Fproduct_tag&post=12796"}],"curies":[{"name":"wp","href":"https:\/\/api.w.org\/{rel}","templated":true}]}}