{"id":12817,"date":"2024-06-15T11:10:47","date_gmt":"2024-06-15T11:10:47","guid":{"rendered":"https:\/\/moveisantunes.com\/?post_type=product&#038;p=12817"},"modified":"2025-03-16T19:28:59","modified_gmt":"2025-03-16T19:28:59","slug":"colchao-natural-lux","status":"publish","type":"product","link":"https:\/\/moveisantunes.com\/?product=colchao-natural-lux","title":{"rendered":"Colch\u00e3o Natural Lux"},"content":{"rendered":"<p>Colch\u00f5es da Gama Nature s\u00e3o inspirados na Natureza que nos d\u00e1 os materiais mais confort\u00e1veis para o descanso, como a l\u00e3 ou o algod\u00e3o, a Gama Nature al\u00e9m de um aspeto luxuoso tem um n\u00edvel de conforto \u00fanico. Este conforto \u00e9 essencial para que as noites sejam de descanso e de recupera\u00e7\u00e3o r\u00e1pida da energia esgotada no stress di\u00e1rio.<br \/>\nAs formas geom\u00e9tricas da gama e o tecido exterior em seda javanesa, com um enchimento generoso, criam um conjunto est\u00e9tico luxuoso, que convida ao repouso.<\/p>\n<p>Carca\u00e7a de Molas Ensacadas. Formado por molas independentes em forma de barril, revestidas por tecido TNT.<br \/>\nBloco que permite uma completa independ\u00eancia de leitos, permitindo a utiliza\u00e7\u00e3o do colch\u00e3o por usu\u00e1rios com significante<br \/>\ndiferen\u00e7a de peso e volume, sem que sintam os movimentos de cada um.<br \/>\nPermite um ajuste progressivo em fun\u00e7\u00e3o da press\u00e3o ou peso que receba.<\/p>\n<p>100% L\u00e3 100% natural, a l\u00e3 mais pura respira, relaxa o corpo e regula a temperatura corporal.<\/p>\n<p>Algod\u00e3o, material leve, confort\u00e1vel e macio, natural e hipoalerg\u00e9nico, com elevada capacidade de absor\u00e7\u00e3o de humidade.<\/p>\n","protected":false},"excerpt":{"rendered":"<p>Colch\u00f5es da Gama Nature s\u00e3o inspirados na Natureza que nos d\u00e1 os materiais mais confort\u00e1veis para o descanso, como a l\u00e3 ou o algod\u00e3o, a Gama Nature al\u00e9m de um aspeto luxuoso tem um n\u00edvel de conforto \u00fanico. Este conforto \u00e9 essencial para que as noites sejam de descanso e de recupera\u00e7\u00e3o r\u00e1pida da energia esgotada no stress di\u00e1rio.<br \/>\nAs formas geom\u00e9tricas da gama e o tecido exterior em seda javanesa, com um enchimento generoso, criam um conjunto est\u00e9tico luxuoso, que convida ao repouso.<\/p>\n<p>Prazo de disponibilidade entre 1 a 2 semanas. Fabricamos outras medidas por encomenda.<\/p>\n","protected":false},"featured_media":14070,"comment_status":"open","ping_status":"closed","template":"","meta":{"_monsterinsights_skip_tracking":false,"_monsterinsights_sitenote_active":false,"_monsterinsights_sitenote_note":"","_monsterinsights_sitenote_category":0},"product_cat":[129],"product_tag":[437,144,734,733],"class_list":{"0":"post-12817","1":"product","2":"type-product","3":"status-publish","4":"has-post-thumbnail","6":"product_cat-colchoes-e-almofadas","7":"product_tag-mindoflex","8":"product_tag-mindol","9":"product_tag-colchao-superb","10":"product_tag-superb","12":"first","13":"onbackorder","14":"taxable","15":"shipping-taxable","16":"purchasable","17":"product-type-variable"},"aioseo_notices":[],"_links":{"self":[{"href":"https:\/\/moveisantunes.com\/index.php?rest_route=\/wp\/v2\/product\/12817","targetHints":{"allow":["GET"]}}],"collection":[{"href":"https:\/\/moveisantunes.com\/index.php?rest_route=\/wp\/v2\/product"}],"about":[{"href":"https:\/\/moveisantunes.com\/index.php?rest_route=\/wp\/v2\/types\/product"}],"replies":[{"embeddable":true,"href":"https:\/\/moveisantunes.com\/index.php?rest_route=%2Fwp%2Fv2%2Fcomments&post=12817"}],"version-history":[{"count":4,"href":"https:\/\/moveisantunes.com\/index.php?rest_route=\/wp\/v2\/product\/12817\/revisions"}],"predecessor-version":[{"id":14072,"href":"https:\/\/moveisantunes.com\/index.php?rest_route=\/wp\/v2\/product\/12817\/revisions\/14072"}],"wp:featuredmedia":[{"embeddable":true,"href":"https:\/\/moveisantunes.com\/index.php?rest_route=\/wp\/v2\/media\/14070"}],"wp:attachment":[{"href":"https:\/\/moveisantunes.com\/index.php?rest_route=%2Fwp%2Fv2%2Fmedia&parent=12817"}],"wp:term":[{"taxonomy":"product_cat","embeddable":true,"href":"https:\/\/moveisantunes.com\/index.php?rest_route=%2Fwp%2Fv2%2Fproduct_cat&post=12817"},{"taxonomy":"product_tag","embeddable":true,"href":"https:\/\/moveisantunes.com\/index.php?rest_route=%2Fwp%2Fv2%2Fproduct_tag&post=12817"}],"curies":[{"name":"wp","href":"https:\/\/api.w.org\/{rel}","templated":true}]}}