{"id":13066,"date":"2024-08-20T10:44:52","date_gmt":"2024-08-20T10:44:52","guid":{"rendered":"https:\/\/moveisantunes.com\/?post_type=product&#038;p=13066"},"modified":"2025-08-30T10:55:35","modified_gmt":"2025-08-30T10:55:35","slug":"quarto-aq-05","status":"publish","type":"product","link":"https:\/\/moveisantunes.com\/?product=quarto-aq-05","title":{"rendered":"Quarto AQ 05"},"content":{"rendered":"<p>Quarto Aqua AQ 05, moderno e vers\u00e1til com acabamentos em laminado texturado de ultima gera\u00e7\u00e3o.<br \/>\nNa imagem temos o acabamento laminado Carvalho Glaciar com a cabeceira da cama estofada em gomos, qualquer uma destas op\u00e7\u00f5es \u00e9 personaliz\u00e1vel.<br \/>\nLinha desenhada pela marca de prestigio Neves &amp; Santos.<\/p>\n","protected":false},"excerpt":{"rendered":"<p>O pre\u00e7o riscado \u00e9 o pre\u00e7o de venda recomendado de mercado.<\/p>\n<p>Dimens\u00f5es:<br \/>\nCama: L 155 \/ P\u00a0 214 \/ A\u00a0 70 (para colch\u00e3o de 200*140, temos outras medidas dispon\u00edveis)<br \/>\nMesa de Cabeceira: L 59 \/ P 42 \/ A\u00a0 56<br \/>\nConsola 1 gaveta: L 100 \/ P 36 \/ A 85<\/p>\n<p>Tempo m\u00e9dio de entrega entre 3 a 4 semanas.<\/p>\n","protected":false},"featured_media":13096,"comment_status":"open","ping_status":"closed","template":"","meta":{"_monsterinsights_skip_tracking":false,"_monsterinsights_sitenote_active":false,"_monsterinsights_sitenote_note":"","_monsterinsights_sitenote_category":0},"product_cat":[116,117],"product_tag":[],"class_list":{"0":"post-13066","1":"product","2":"type-product","3":"status-publish","4":"has-post-thumbnail","6":"product_cat-mobiliario1647012361","7":"product_cat-quartos-casal1647012361","9":"first","10":"onbackorder","11":"sale","12":"taxable","13":"shipping-taxable","14":"purchasable","15":"product-type-variable","16":"has-default-attributes"},"aioseo_notices":[],"_links":{"self":[{"href":"https:\/\/moveisantunes.com\/index.php?rest_route=\/wp\/v2\/product\/13066","targetHints":{"allow":["GET"]}}],"collection":[{"href":"https:\/\/moveisantunes.com\/index.php?rest_route=\/wp\/v2\/product"}],"about":[{"href":"https:\/\/moveisantunes.com\/index.php?rest_route=\/wp\/v2\/types\/product"}],"replies":[{"embeddable":true,"href":"https:\/\/moveisantunes.com\/index.php?rest_route=%2Fwp%2Fv2%2Fcomments&post=13066"}],"version-history":[{"count":1,"href":"https:\/\/moveisantunes.com\/index.php?rest_route=\/wp\/v2\/product\/13066\/revisions"}],"predecessor-version":[{"id":13083,"href":"https:\/\/moveisantunes.com\/index.php?rest_route=\/wp\/v2\/product\/13066\/revisions\/13083"}],"wp:featuredmedia":[{"embeddable":true,"href":"https:\/\/moveisantunes.com\/index.php?rest_route=\/wp\/v2\/media\/13096"}],"wp:attachment":[{"href":"https:\/\/moveisantunes.com\/index.php?rest_route=%2Fwp%2Fv2%2Fmedia&parent=13066"}],"wp:term":[{"taxonomy":"product_cat","embeddable":true,"href":"https:\/\/moveisantunes.com\/index.php?rest_route=%2Fwp%2Fv2%2Fproduct_cat&post=13066"},{"taxonomy":"product_tag","embeddable":true,"href":"https:\/\/moveisantunes.com\/index.php?rest_route=%2Fwp%2Fv2%2Fproduct_tag&post=13066"}],"curies":[{"name":"wp","href":"https:\/\/api.w.org\/{rel}","templated":true}]}}