{"id":13130,"date":"2024-08-27T11:00:11","date_gmt":"2024-08-27T11:00:11","guid":{"rendered":"https:\/\/moveisantunes.com\/?post_type=product&#038;p=13130"},"modified":"2024-08-27T11:05:50","modified_gmt":"2024-08-27T11:05:50","slug":"consola-aqua","status":"publish","type":"product","link":"https:\/\/moveisantunes.com\/?product=consola-aqua","title":{"rendered":"Consola Aqua"},"content":{"rendered":"<p>Consola Aqua&#8230;<br \/>\nUma consola de design moderno e elegante, com estrutura fabricada em laminado de ultima gera\u00e7\u00e3o e base em metal, com 1 gaveta<\/p>\n","protected":false},"excerpt":{"rendered":"<p>O pre\u00e7o riscado \u00e9 o pre\u00e7o recomendado de mercado.<\/p>\n<p>Dimens\u00f5es: L 100 \/ L 36 \/ A 85<\/p>\n<p>Entrega, aproximadamente 4 semanas.<\/p>\n","protected":false},"featured_media":13133,"comment_status":"open","ping_status":"closed","template":"","meta":{"_monsterinsights_skip_tracking":false,"_monsterinsights_sitenote_active":false,"_monsterinsights_sitenote_note":"","_monsterinsights_sitenote_category":0},"product_cat":[123,116],"product_tag":[579,795,797,796],"class_list":{"0":"post-13130","1":"product","2":"type-product","3":"status-publish","4":"has-post-thumbnail","6":"product_cat-credencias-e-consolas","7":"product_cat-mobiliario1647012361","8":"product_tag-consolas","9":"product_tag-consola","10":"product_tag-consola-aqua","11":"product_tag-credencia","13":"first","14":"onbackorder","15":"sale","16":"taxable","17":"shipping-taxable","18":"purchasable","19":"product-type-variable"},"aioseo_notices":[],"_links":{"self":[{"href":"https:\/\/moveisantunes.com\/index.php?rest_route=\/wp\/v2\/product\/13130","targetHints":{"allow":["GET"]}}],"collection":[{"href":"https:\/\/moveisantunes.com\/index.php?rest_route=\/wp\/v2\/product"}],"about":[{"href":"https:\/\/moveisantunes.com\/index.php?rest_route=\/wp\/v2\/types\/product"}],"replies":[{"embeddable":true,"href":"https:\/\/moveisantunes.com\/index.php?rest_route=%2Fwp%2Fv2%2Fcomments&post=13130"}],"version-history":[{"count":2,"href":"https:\/\/moveisantunes.com\/index.php?rest_route=\/wp\/v2\/product\/13130\/revisions"}],"predecessor-version":[{"id":13136,"href":"https:\/\/moveisantunes.com\/index.php?rest_route=\/wp\/v2\/product\/13130\/revisions\/13136"}],"wp:featuredmedia":[{"embeddable":true,"href":"https:\/\/moveisantunes.com\/index.php?rest_route=\/wp\/v2\/media\/13133"}],"wp:attachment":[{"href":"https:\/\/moveisantunes.com\/index.php?rest_route=%2Fwp%2Fv2%2Fmedia&parent=13130"}],"wp:term":[{"taxonomy":"product_cat","embeddable":true,"href":"https:\/\/moveisantunes.com\/index.php?rest_route=%2Fwp%2Fv2%2Fproduct_cat&post=13130"},{"taxonomy":"product_tag","embeddable":true,"href":"https:\/\/moveisantunes.com\/index.php?rest_route=%2Fwp%2Fv2%2Fproduct_tag&post=13130"}],"curies":[{"name":"wp","href":"https:\/\/api.w.org\/{rel}","templated":true}]}}