{"id":13138,"date":"2024-09-13T10:10:53","date_gmt":"2024-09-13T10:10:53","guid":{"rendered":"https:\/\/moveisantunes.com\/?post_type=product&#038;p=13138"},"modified":"2025-03-24T22:30:05","modified_gmt":"2025-03-24T22:30:05","slug":"colchao-maxisac-firm","status":"publish","type":"product","link":"https:\/\/moveisantunes.com\/?product=colchao-maxisac-firm","title":{"rendered":"Colch\u00e3o Maxisac Firm"},"content":{"rendered":"<h2 class=\"c-kzxGrr\">Detalhes do Produto<\/h2>\n<div class=\"c-fkoqBN\">\n<div>\n<div id=\"description_kk_product\" data-created-id=\"10929\">\n<p>Colch\u00e3o Maxisac Firm , molas Ensacadas Honeycomb da Mindol. \u00a0Com sistema inovador de molas ensacadas, com mais 20% de molas do que o tradicional, permitindo uma cobertura da superf\u00edcie de descanso completa.Este tipo de molas torna\u00a0o apoio do colch\u00e3o\u00a0 mais responsivo para o sei corpo.\u00a0Caracter\u00ed &#8211; malha strecht Placa de eliocel Fibras hipoalerg\u00e9nicas Placa de eliocel Bloco Honeycomb\u00a0 em box de eliocel c\/ 18 cm\u00a0Colch\u00e3o firme Altura do colch\u00e3o\u00a0+- 29 cmSuperf\u00edcie firme e uniforme com um acolchoado de elevada qualidade. Colch\u00e3o com certifica\u00e7\u00e3o Ecolabel (certifica\u00e7\u00e3o ambiental oficial da Uni\u00e3o Europeia, que premeia produtos e servi\u00e7os de excel\u00eancia ambiental).Caracter\u00edsticas:Face 1 e 2Tecido &#8211; malha strecht;Placa de eliocel( Material que oferece conforto, elasticidade e resist\u00eancia);Fibras hipoalerg\u00e9nicas;Placa de eliocelPlaca de eliocel;Bloco &#8211; Molas ensacadas Honeycomb 18 cm (+- 800 molas na medida 200x160cm) com perif\u00e9ricos de eliocel.Colch\u00e3o firme.Altura: 29 cm.<\/p>\n<\/div>\n<\/div>\n<\/div>\n","protected":false},"excerpt":{"rendered":"<p>O pre\u00e7o riscado \u00e9 o pre\u00e7o recomendado de mercado.<\/p>\n<p>Colch\u00e3o Mindol Maxisac Firm &#8211; Est\u00e9tica aliada ao conforto, bem estar e inova\u00e7\u00e3o.<\/p>\n<p>Colch\u00e3o de firmeza alta, com molas ensacadas, hipoalerg\u00e9nico, ergon\u00f3mico com 29cm de espessura e asas em tecido.<\/p>\n<p>Prazo de disponibilidade entre 1 a 10 dias \u00fateis. Fabricamos outras medidas por encomenda<\/p>\n","protected":false},"featured_media":13151,"comment_status":"open","ping_status":"closed","template":"","meta":{"_monsterinsights_skip_tracking":false,"_monsterinsights_sitenote_active":false,"_monsterinsights_sitenote_note":"","_monsterinsights_sitenote_category":0},"product_cat":[129],"product_tag":[144,798,799],"class_list":{"0":"post-13138","1":"product","2":"type-product","3":"status-publish","4":"has-post-thumbnail","6":"product_cat-colchoes-e-almofadas","7":"product_tag-mindol","8":"product_tag-colchao","9":"product_tag-colchao-maxisac-firm","11":"first","12":"onbackorder","13":"sale","14":"taxable","15":"shipping-taxable","16":"purchasable","17":"product-type-variable"},"aioseo_notices":[],"_links":{"self":[{"href":"https:\/\/moveisantunes.com\/index.php?rest_route=\/wp\/v2\/product\/13138","targetHints":{"allow":["GET"]}}],"collection":[{"href":"https:\/\/moveisantunes.com\/index.php?rest_route=\/wp\/v2\/product"}],"about":[{"href":"https:\/\/moveisantunes.com\/index.php?rest_route=\/wp\/v2\/types\/product"}],"replies":[{"embeddable":true,"href":"https:\/\/moveisantunes.com\/index.php?rest_route=%2Fwp%2Fv2%2Fcomments&post=13138"}],"version-history":[{"count":1,"href":"https:\/\/moveisantunes.com\/index.php?rest_route=\/wp\/v2\/product\/13138\/revisions"}],"predecessor-version":[{"id":13149,"href":"https:\/\/moveisantunes.com\/index.php?rest_route=\/wp\/v2\/product\/13138\/revisions\/13149"}],"wp:featuredmedia":[{"embeddable":true,"href":"https:\/\/moveisantunes.com\/index.php?rest_route=\/wp\/v2\/media\/13151"}],"wp:attachment":[{"href":"https:\/\/moveisantunes.com\/index.php?rest_route=%2Fwp%2Fv2%2Fmedia&parent=13138"}],"wp:term":[{"taxonomy":"product_cat","embeddable":true,"href":"https:\/\/moveisantunes.com\/index.php?rest_route=%2Fwp%2Fv2%2Fproduct_cat&post=13138"},{"taxonomy":"product_tag","embeddable":true,"href":"https:\/\/moveisantunes.com\/index.php?rest_route=%2Fwp%2Fv2%2Fproduct_tag&post=13138"}],"curies":[{"name":"wp","href":"https:\/\/api.w.org\/{rel}","templated":true}]}}