{"id":13153,"date":"2024-09-16T11:57:48","date_gmt":"2024-09-16T11:57:48","guid":{"rendered":"https:\/\/moveisantunes.com\/?post_type=product&#038;p=13153"},"modified":"2024-09-16T11:57:49","modified_gmt":"2024-09-16T11:57:49","slug":"sapateira-2-portas-aqua","status":"publish","type":"product","link":"https:\/\/moveisantunes.com\/?product=sapateira-2-portas-aqua","title":{"rendered":"Sapateira 2 portas Aqua"},"content":{"rendered":"<p>Sapateira 2 portas AQ2501<\/p>\n<ul>\n<li>Fabricado em Melamina, com rodap\u00e9<\/li>\n<li>Com 2 portas e 2 prateleiras interiores<\/li>\n<li><b>Acabamento da foto em destaque: melamina nogueira siroko, com tampo laminado M\u00e1rmore Branco<\/b><\/li>\n<li>V\u00e1rias op\u00e7\u00f5es de acabamentos<\/li>\n<\/ul>\n","protected":false},"excerpt":{"rendered":"<p>O valor riscado \u00e9 o pre\u00e7o recomendado de mercado<\/p>\n<p>Dimens\u00f5es: L 100 \/ P 36 \/ A 86<\/p>\n<p>Escolha a combina\u00e7\u00e3o de acabamentos que pretende.<\/p>\n<p>Disponibilidade em aproximadamente 30 dias.<\/p>\n<p>&nbsp;<\/p>\n","protected":false},"featured_media":13165,"comment_status":"open","ping_status":"closed","template":"","meta":{"_monsterinsights_skip_tracking":false,"_monsterinsights_sitenote_active":false,"_monsterinsights_sitenote_note":"","_monsterinsights_sitenote_category":0},"product_cat":[122],"product_tag":[804,803,802],"class_list":{"0":"post-13153","1":"product","2":"type-product","3":"status-publish","4":"has-post-thumbnail","6":"product_cat-sapateiras","7":"product_tag-sapataeira","8":"product_tag-sapateira-2-portas","9":"product_tag-sapateira-2-portas-aqua","11":"first","12":"onbackorder","13":"sale","14":"taxable","15":"shipping-taxable","16":"purchasable","17":"product-type-variable"},"aioseo_notices":[],"_links":{"self":[{"href":"https:\/\/moveisantunes.com\/index.php?rest_route=\/wp\/v2\/product\/13153","targetHints":{"allow":["GET"]}}],"collection":[{"href":"https:\/\/moveisantunes.com\/index.php?rest_route=\/wp\/v2\/product"}],"about":[{"href":"https:\/\/moveisantunes.com\/index.php?rest_route=\/wp\/v2\/types\/product"}],"replies":[{"embeddable":true,"href":"https:\/\/moveisantunes.com\/index.php?rest_route=%2Fwp%2Fv2%2Fcomments&post=13153"}],"version-history":[{"count":1,"href":"https:\/\/moveisantunes.com\/index.php?rest_route=\/wp\/v2\/product\/13153\/revisions"}],"predecessor-version":[{"id":13154,"href":"https:\/\/moveisantunes.com\/index.php?rest_route=\/wp\/v2\/product\/13153\/revisions\/13154"}],"wp:featuredmedia":[{"embeddable":true,"href":"https:\/\/moveisantunes.com\/index.php?rest_route=\/wp\/v2\/media\/13165"}],"wp:attachment":[{"href":"https:\/\/moveisantunes.com\/index.php?rest_route=%2Fwp%2Fv2%2Fmedia&parent=13153"}],"wp:term":[{"taxonomy":"product_cat","embeddable":true,"href":"https:\/\/moveisantunes.com\/index.php?rest_route=%2Fwp%2Fv2%2Fproduct_cat&post=13153"},{"taxonomy":"product_tag","embeddable":true,"href":"https:\/\/moveisantunes.com\/index.php?rest_route=%2Fwp%2Fv2%2Fproduct_tag&post=13153"}],"curies":[{"name":"wp","href":"https:\/\/api.w.org\/{rel}","templated":true}]}}