{"id":13167,"date":"2024-10-01T08:17:29","date_gmt":"2024-10-01T08:17:29","guid":{"rendered":"https:\/\/moveisantunes.com\/?post_type=product&#038;p=13167"},"modified":"2025-03-26T10:26:03","modified_gmt":"2025-03-26T10:26:03","slug":"colchao-maxisac","status":"publish","type":"product","link":"https:\/\/moveisantunes.com\/?product=colchao-maxisac","title":{"rendered":"Colch\u00e3o Maxisac"},"content":{"rendered":"<h2 class=\"c-kzxGrr\">Detalhes do Produto<\/h2>\n<div class=\"c-fkoqBN\">\n<div id=\"description_kk_product\" data-created-id=\"10929\">\n<p>O\u00a0<strong>Colch\u00e3o Mindol Maxisac\u00a0<\/strong>\u00a0\u00e9 um colch\u00e3o de molas ensacadas com dois lados diferentes para usar.<\/p>\n<p>O bloco de molas ensacadas independentes proporciona o m\u00e1ximo conforto e adaptabilidade ao trabalhar cada mola de forma individual e sem afetar as molas adjacentes, criando uma independ\u00eancia total de movimentos de cada utilizador. Isto significa a utiliza\u00e7\u00e3o do colch\u00e3o por casais com uma diferen\u00e7a significativa de peso e volume, sem que sintam os movimentos de cada um.<\/p>\n<p>Este colch\u00e3o \u00e9 ainda composto por uma camada de fibras sint\u00e9ticas que regulam a humidade e criam condi\u00e7\u00f5es ideais para um sono saud\u00e1vel e higi\u00e9nico, moldando-se ao peso do seu corpo e proporcionando um suporte e conforto excelentes.<\/p>\n<p>Tecido malha Stretch extra suave e caracterizado pela sua propriedade termorreguladora que oferece controle sobre a temperatura corporal.\u00a0Colch\u00e3o revers\u00edvel com 2 faces iguais para maior longevidade. 4 pegas em tecido nas laterais.<\/p>\n<\/div>\n<\/div>\n","protected":false},"excerpt":{"rendered":"<p>O pre\u00e7o riscado \u00e9 o pre\u00e7o recomendado de mercado.<\/p>\n<div class=\"elementor-element elementor-element-49020b2b elementor-widget elementor-widget-jet-single-excerpt\" data-id=\"49020b2b\" data-element_type=\"widget\" data-widget_type=\"jet-single-excerpt.default\">\n<div class=\"elementor-widget-container\">\n<div class=\"elementor-jet-single-excerpt jet-woo-builder\">\n<div class=\"woocommerce-product-details__short-description\">\n<p>Colch\u00e3o de\u00a0<strong>mola ensacada<\/strong>, 29cm de altura, com acolchoado de espuma. Ideal para casais que procuram independ\u00eancia de movimentos e que dormem em v\u00e1rias posi\u00e7\u00f5es de descanso.<\/p>\n<\/div>\n<\/div>\n<\/div>\n<\/div>\n<div class=\"elementor-element elementor-element-9a71869 elementor-widget elementor-widget-text-editor\" data-id=\"9a71869\" data-element_type=\"widget\" data-settings=\"{&quot;enabled_visibility&quot;:&quot;yes&quot;,&quot;dce_visibility_selected&quot;:&quot;yes&quot;}\" data-widget_type=\"text-editor.default\">\n<div class=\"elementor-widget-container\">\n<p>\u2714\ufe0f Firmeza M\u00e9dia Alta<\/p>\n<\/div>\n<\/div>\n<div class=\"elementor-element elementor-element-fce886a elementor-widget elementor-widget-text-editor\" data-id=\"fce886a\" data-element_type=\"widget\" data-settings=\"{&quot;enabled_visibility&quot;:&quot;yes&quot;,&quot;dce_visibility_selected&quot;:&quot;yes&quot;}\" data-widget_type=\"text-editor.default\">\n<div class=\"elementor-widget-container\">\n<p>\u2714\ufe0f Conforto Elevado<\/p>\n<\/div>\n<\/div>\n<div class=\"elementor-element elementor-element-7e9e9a6 elementor-widget elementor-widget-text-editor\" data-id=\"7e9e9a6\" data-element_type=\"widget\" data-settings=\"{&quot;enabled_visibility&quot;:&quot;yes&quot;,&quot;dce_visibility_selected&quot;:&quot;yes&quot;}\" data-widget_type=\"text-editor.default\">\n<div class=\"elementor-widget-container\">\n<p>\u2714\ufe0f Fresco e respir\u00e1vel<\/p>\n<\/div>\n<\/div>\n<div class=\"elementor-element elementor-element-5ea38d5 elementor-widget elementor-widget-text-editor\" data-id=\"5ea38d5\" data-element_type=\"widget\" data-settings=\"{&quot;enabled_visibility&quot;:&quot;yes&quot;,&quot;dce_visibility_selected&quot;:&quot;yes&quot;}\" data-widget_type=\"text-editor.default\">\n<div class=\"elementor-widget-container\">\n<p>\u2714\ufe0f Dupla Face<\/p>\n<\/div>\n<\/div>\n<p>Prazo de disponibilidade entre 1 a 10 dias \u00fateis. Fabricamos outras medidas por encomenda<\/p>\n","protected":false},"featured_media":13180,"comment_status":"open","ping_status":"closed","template":"","meta":{"_monsterinsights_skip_tracking":false,"_monsterinsights_sitenote_active":false,"_monsterinsights_sitenote_note":"","_monsterinsights_sitenote_category":0},"product_cat":[129],"product_tag":[437,144,798,805],"class_list":{"0":"post-13167","1":"product","2":"type-product","3":"status-publish","4":"has-post-thumbnail","6":"product_cat-colchoes-e-almofadas","7":"product_tag-mindoflex","8":"product_tag-mindol","9":"product_tag-colchao","10":"product_tag-colchao-maxisac","12":"first","13":"onbackorder","14":"sale","15":"taxable","16":"shipping-taxable","17":"purchasable","18":"product-type-variable"},"aioseo_notices":[],"_links":{"self":[{"href":"https:\/\/moveisantunes.com\/index.php?rest_route=\/wp\/v2\/product\/13167","targetHints":{"allow":["GET"]}}],"collection":[{"href":"https:\/\/moveisantunes.com\/index.php?rest_route=\/wp\/v2\/product"}],"about":[{"href":"https:\/\/moveisantunes.com\/index.php?rest_route=\/wp\/v2\/types\/product"}],"replies":[{"embeddable":true,"href":"https:\/\/moveisantunes.com\/index.php?rest_route=%2Fwp%2Fv2%2Fcomments&post=13167"}],"version-history":[{"count":1,"href":"https:\/\/moveisantunes.com\/index.php?rest_route=\/wp\/v2\/product\/13167\/revisions"}],"predecessor-version":[{"id":13181,"href":"https:\/\/moveisantunes.com\/index.php?rest_route=\/wp\/v2\/product\/13167\/revisions\/13181"}],"wp:featuredmedia":[{"embeddable":true,"href":"https:\/\/moveisantunes.com\/index.php?rest_route=\/wp\/v2\/media\/13180"}],"wp:attachment":[{"href":"https:\/\/moveisantunes.com\/index.php?rest_route=%2Fwp%2Fv2%2Fmedia&parent=13167"}],"wp:term":[{"taxonomy":"product_cat","embeddable":true,"href":"https:\/\/moveisantunes.com\/index.php?rest_route=%2Fwp%2Fv2%2Fproduct_cat&post=13167"},{"taxonomy":"product_tag","embeddable":true,"href":"https:\/\/moveisantunes.com\/index.php?rest_route=%2Fwp%2Fv2%2Fproduct_tag&post=13167"}],"curies":[{"name":"wp","href":"https:\/\/api.w.org\/{rel}","templated":true}]}}