{"id":14091,"date":"2025-03-28T15:14:08","date_gmt":"2025-03-28T15:14:08","guid":{"rendered":"https:\/\/moveisantunes.com\/?post_type=product&#038;p=14091"},"modified":"2025-03-28T15:18:27","modified_gmt":"2025-03-28T15:18:27","slug":"sofa-majm440","status":"publish","type":"product","link":"https:\/\/moveisantunes.com\/?product=sofa-majm440","title":{"rendered":"Sof\u00e1 MAJM440"},"content":{"rendered":"<p>Sof\u00e1 MAJM440<\/p>\n<p>Dimens\u00f5es:<br \/>\nSof\u00e1: L 63 \/ P 89 \/215 (aberto) \/ A 86<\/p>\n<p>Fabricamos em v\u00e1rios tipos de tecido e cores diferentes. Podemos fabricar por medida.<\/p>\n<p>&nbsp;<\/p>\n","protected":false},"excerpt":{"rendered":"<p>Sof\u00e1 MAJM440 Dimens\u00f5es: Sof\u00e1: L 63 \/ P 89 \/215 (aberto) \/ A 86 Fabricamos em v\u00e1rios tipos de tecido<\/p>\n","protected":false},"featured_media":14092,"comment_status":"open","ping_status":"closed","template":"","meta":{"_monsterinsights_skip_tracking":false,"_monsterinsights_sitenote_active":false,"_monsterinsights_sitenote_note":"","_monsterinsights_sitenote_category":0},"product_cat":[130],"product_tag":[],"class_list":{"0":"post-14091","1":"product","2":"type-product","3":"status-publish","4":"has-post-thumbnail","6":"product_cat-sofas1647012387","8":"first","9":"onbackorder","10":"sale","11":"taxable","12":"shipping-taxable","13":"purchasable","14":"product-type-simple"},"aioseo_notices":[],"_links":{"self":[{"href":"https:\/\/moveisantunes.com\/index.php?rest_route=\/wp\/v2\/product\/14091","targetHints":{"allow":["GET"]}}],"collection":[{"href":"https:\/\/moveisantunes.com\/index.php?rest_route=\/wp\/v2\/product"}],"about":[{"href":"https:\/\/moveisantunes.com\/index.php?rest_route=\/wp\/v2\/types\/product"}],"replies":[{"embeddable":true,"href":"https:\/\/moveisantunes.com\/index.php?rest_route=%2Fwp%2Fv2%2Fcomments&post=14091"}],"version-history":[{"count":1,"href":"https:\/\/moveisantunes.com\/index.php?rest_route=\/wp\/v2\/product\/14091\/revisions"}],"predecessor-version":[{"id":14093,"href":"https:\/\/moveisantunes.com\/index.php?rest_route=\/wp\/v2\/product\/14091\/revisions\/14093"}],"wp:featuredmedia":[{"embeddable":true,"href":"https:\/\/moveisantunes.com\/index.php?rest_route=\/wp\/v2\/media\/14092"}],"wp:attachment":[{"href":"https:\/\/moveisantunes.com\/index.php?rest_route=%2Fwp%2Fv2%2Fmedia&parent=14091"}],"wp:term":[{"taxonomy":"product_cat","embeddable":true,"href":"https:\/\/moveisantunes.com\/index.php?rest_route=%2Fwp%2Fv2%2Fproduct_cat&post=14091"},{"taxonomy":"product_tag","embeddable":true,"href":"https:\/\/moveisantunes.com\/index.php?rest_route=%2Fwp%2Fv2%2Fproduct_tag&post=14091"}],"curies":[{"name":"wp","href":"https:\/\/api.w.org\/{rel}","templated":true}]}}