{"id":14104,"date":"2025-03-28T15:48:24","date_gmt":"2025-03-28T15:48:24","guid":{"rendered":"https:\/\/moveisantunes.com\/?post_type=product&#038;p=14104"},"modified":"2025-04-11T08:22:24","modified_gmt":"2025-04-11T08:22:24","slug":"sofa-majm404","status":"publish","type":"product","link":"https:\/\/moveisantunes.com\/?product=sofa-majm404","title":{"rendered":"Sof\u00e1 MAJM404"},"content":{"rendered":"<p>Sof\u00e1 MAJM404<\/p>\n<p>Dimens\u00f5es:<br \/>\nSof\u00e1 3L : L 206 \/ P 90 \/ A 80<\/p>\n<p>Dispon\u00edvel tamb\u00e9m sof\u00e1 de 2 lugares ou cadeir\u00e3o de 1 lugar.<br \/>\nFabricamos em v\u00e1rios tipos de tecido e cores diferentes. Podemos fabricar por medida.<\/p>\n<p>&nbsp;<\/p>\n","protected":false},"excerpt":{"rendered":"<p>Sof\u00e1 MAJM404 Dimens\u00f5es: Sof\u00e1 3L : L 206 \/ P 90 \/ A 80 Dispon\u00edvel tamb\u00e9m sof\u00e1 de 2 lugares<\/p>\n","protected":false},"featured_media":14105,"comment_status":"open","ping_status":"closed","template":"","meta":{"_monsterinsights_skip_tracking":false,"_monsterinsights_sitenote_active":false,"_monsterinsights_sitenote_note":"","_monsterinsights_sitenote_category":0},"product_cat":[130],"product_tag":[],"class_list":{"0":"post-14104","1":"product","2":"type-product","3":"status-publish","4":"has-post-thumbnail","6":"product_cat-sofas1647012387","8":"first","9":"onbackorder","10":"sale","11":"taxable","12":"shipping-taxable","13":"purchasable","14":"product-type-simple"},"aioseo_notices":[],"_links":{"self":[{"href":"https:\/\/moveisantunes.com\/index.php?rest_route=\/wp\/v2\/product\/14104","targetHints":{"allow":["GET"]}}],"collection":[{"href":"https:\/\/moveisantunes.com\/index.php?rest_route=\/wp\/v2\/product"}],"about":[{"href":"https:\/\/moveisantunes.com\/index.php?rest_route=\/wp\/v2\/types\/product"}],"replies":[{"embeddable":true,"href":"https:\/\/moveisantunes.com\/index.php?rest_route=%2Fwp%2Fv2%2Fcomments&post=14104"}],"version-history":[{"count":1,"href":"https:\/\/moveisantunes.com\/index.php?rest_route=\/wp\/v2\/product\/14104\/revisions"}],"predecessor-version":[{"id":14106,"href":"https:\/\/moveisantunes.com\/index.php?rest_route=\/wp\/v2\/product\/14104\/revisions\/14106"}],"wp:featuredmedia":[{"embeddable":true,"href":"https:\/\/moveisantunes.com\/index.php?rest_route=\/wp\/v2\/media\/14105"}],"wp:attachment":[{"href":"https:\/\/moveisantunes.com\/index.php?rest_route=%2Fwp%2Fv2%2Fmedia&parent=14104"}],"wp:term":[{"taxonomy":"product_cat","embeddable":true,"href":"https:\/\/moveisantunes.com\/index.php?rest_route=%2Fwp%2Fv2%2Fproduct_cat&post=14104"},{"taxonomy":"product_tag","embeddable":true,"href":"https:\/\/moveisantunes.com\/index.php?rest_route=%2Fwp%2Fv2%2Fproduct_tag&post=14104"}],"curies":[{"name":"wp","href":"https:\/\/api.w.org\/{rel}","templated":true}]}}