{"id":14138,"date":"2025-04-05T10:51:28","date_gmt":"2025-04-05T10:51:28","guid":{"rendered":"https:\/\/moveisantunes.com\/?post_type=product&#038;p=14138"},"modified":"2025-04-11T08:20:29","modified_gmt":"2025-04-11T08:20:29","slug":"sofa-majm384","status":"publish","type":"product","link":"https:\/\/moveisantunes.com\/?product=sofa-majm384","title":{"rendered":"Sof\u00e1 MAJM384"},"content":{"rendered":"<p>Sof\u00e1 MAJM384<\/p>\n<p>Dimens\u00f5es:<br \/>\nSof\u00e1 2L : L 157 \/ P 90 \/ A 90<\/p>\n<p>Dispon\u00edvel tamb\u00e9m sof\u00e1 de 3 lugares ou cadeir\u00e3o de 1 lugar.<br \/>\nFabricamos em v\u00e1rios tipos de tecido e cores diferentes. Podemos fabricar por medida.<\/p>\n<p>&nbsp;<\/p>\n","protected":false},"excerpt":{"rendered":"<p>Sof\u00e1 MAJM384 Dimens\u00f5es: Sof\u00e1 2L : L 157 \/ P 90 \/ A 90 Dispon\u00edvel tamb\u00e9m sof\u00e1 de 3 lugares<\/p>\n","protected":false},"featured_media":14139,"comment_status":"open","ping_status":"closed","template":"","meta":{"_monsterinsights_skip_tracking":false,"_monsterinsights_sitenote_active":false,"_monsterinsights_sitenote_note":"","_monsterinsights_sitenote_category":0},"product_cat":[130],"product_tag":[],"class_list":{"0":"post-14138","1":"product","2":"type-product","3":"status-publish","4":"has-post-thumbnail","6":"product_cat-sofas1647012387","8":"first","9":"onbackorder","10":"sale","11":"taxable","12":"shipping-taxable","13":"purchasable","14":"product-type-simple"},"aioseo_notices":[],"_links":{"self":[{"href":"https:\/\/moveisantunes.com\/index.php?rest_route=\/wp\/v2\/product\/14138","targetHints":{"allow":["GET"]}}],"collection":[{"href":"https:\/\/moveisantunes.com\/index.php?rest_route=\/wp\/v2\/product"}],"about":[{"href":"https:\/\/moveisantunes.com\/index.php?rest_route=\/wp\/v2\/types\/product"}],"replies":[{"embeddable":true,"href":"https:\/\/moveisantunes.com\/index.php?rest_route=%2Fwp%2Fv2%2Fcomments&post=14138"}],"version-history":[{"count":1,"href":"https:\/\/moveisantunes.com\/index.php?rest_route=\/wp\/v2\/product\/14138\/revisions"}],"predecessor-version":[{"id":14140,"href":"https:\/\/moveisantunes.com\/index.php?rest_route=\/wp\/v2\/product\/14138\/revisions\/14140"}],"wp:featuredmedia":[{"embeddable":true,"href":"https:\/\/moveisantunes.com\/index.php?rest_route=\/wp\/v2\/media\/14139"}],"wp:attachment":[{"href":"https:\/\/moveisantunes.com\/index.php?rest_route=%2Fwp%2Fv2%2Fmedia&parent=14138"}],"wp:term":[{"taxonomy":"product_cat","embeddable":true,"href":"https:\/\/moveisantunes.com\/index.php?rest_route=%2Fwp%2Fv2%2Fproduct_cat&post=14138"},{"taxonomy":"product_tag","embeddable":true,"href":"https:\/\/moveisantunes.com\/index.php?rest_route=%2Fwp%2Fv2%2Fproduct_tag&post=14138"}],"curies":[{"name":"wp","href":"https:\/\/api.w.org\/{rel}","templated":true}]}}