{"id":14172,"date":"2025-04-09T14:20:08","date_gmt":"2025-04-09T14:20:08","guid":{"rendered":"https:\/\/moveisantunes.com\/?post_type=product&#038;p=14172"},"modified":"2025-04-11T08:19:33","modified_gmt":"2025-04-11T08:19:33","slug":"sofa-canto-majm393","status":"publish","type":"product","link":"https:\/\/moveisantunes.com\/?product=sofa-canto-majm393","title":{"rendered":"Sof\u00e1 canto MAJM393"},"content":{"rendered":"<p>Sof\u00e1 canto MAJM393<\/p>\n<p>Dimens\u00f5es:<br \/>\nSof\u00e1 canto : L 330\/270 \/ P 106 \/ A 100<\/p>\n<p>Fabricamos em v\u00e1rios tipos de tecido e cores diferentes. Podemos fabricar por medida.<\/p>\n<p>&nbsp;<\/p>\n","protected":false},"excerpt":{"rendered":"<p>Sof\u00e1 canto MAJM393 Dimens\u00f5es: Sof\u00e1 canto : L 330\/270 \/ P 106 \/ A 100 Fabricamos em v\u00e1rios tipos de<\/p>\n","protected":false},"featured_media":14173,"comment_status":"open","ping_status":"closed","template":"","meta":{"_monsterinsights_skip_tracking":false,"_monsterinsights_sitenote_active":false,"_monsterinsights_sitenote_note":"","_monsterinsights_sitenote_category":0},"product_cat":[130],"product_tag":[],"class_list":{"0":"post-14172","1":"product","2":"type-product","3":"status-publish","4":"has-post-thumbnail","6":"product_cat-sofas1647012387","8":"first","9":"onbackorder","10":"sale","11":"taxable","12":"shipping-taxable","13":"purchasable","14":"product-type-simple"},"aioseo_notices":[],"_links":{"self":[{"href":"https:\/\/moveisantunes.com\/index.php?rest_route=\/wp\/v2\/product\/14172","targetHints":{"allow":["GET"]}}],"collection":[{"href":"https:\/\/moveisantunes.com\/index.php?rest_route=\/wp\/v2\/product"}],"about":[{"href":"https:\/\/moveisantunes.com\/index.php?rest_route=\/wp\/v2\/types\/product"}],"replies":[{"embeddable":true,"href":"https:\/\/moveisantunes.com\/index.php?rest_route=%2Fwp%2Fv2%2Fcomments&post=14172"}],"version-history":[{"count":1,"href":"https:\/\/moveisantunes.com\/index.php?rest_route=\/wp\/v2\/product\/14172\/revisions"}],"predecessor-version":[{"id":14176,"href":"https:\/\/moveisantunes.com\/index.php?rest_route=\/wp\/v2\/product\/14172\/revisions\/14176"}],"wp:featuredmedia":[{"embeddable":true,"href":"https:\/\/moveisantunes.com\/index.php?rest_route=\/wp\/v2\/media\/14173"}],"wp:attachment":[{"href":"https:\/\/moveisantunes.com\/index.php?rest_route=%2Fwp%2Fv2%2Fmedia&parent=14172"}],"wp:term":[{"taxonomy":"product_cat","embeddable":true,"href":"https:\/\/moveisantunes.com\/index.php?rest_route=%2Fwp%2Fv2%2Fproduct_cat&post=14172"},{"taxonomy":"product_tag","embeddable":true,"href":"https:\/\/moveisantunes.com\/index.php?rest_route=%2Fwp%2Fv2%2Fproduct_tag&post=14172"}],"curies":[{"name":"wp","href":"https:\/\/api.w.org\/{rel}","templated":true}]}}