{"id":14177,"date":"2025-04-09T15:04:16","date_gmt":"2025-04-09T15:04:16","guid":{"rendered":"https:\/\/moveisantunes.com\/?post_type=product&#038;p=14177"},"modified":"2025-04-11T08:19:05","modified_gmt":"2025-04-11T08:19:05","slug":"sofa-canto-majm394","status":"publish","type":"product","link":"https:\/\/moveisantunes.com\/?product=sofa-canto-majm394","title":{"rendered":"Sof\u00e1 canto MAJM394"},"content":{"rendered":"<p>Sof\u00e1 canto MAJM394<\/p>\n<p>Dimens\u00f5es:<br \/>\nSof\u00e1 canto : L 240\/186 \/ P 95 \/ A 94<\/p>\n<p>Fabricamos em v\u00e1rios tipos de tecido e cores diferentes. Podemos fabricar por medida.<\/p>\n<p>&nbsp;<\/p>\n","protected":false},"excerpt":{"rendered":"<p>Sof\u00e1 canto MAJM394 Dimens\u00f5es: Sof\u00e1 canto : L 240\/186 \/ P 95 \/ A 94 Fabricamos em v\u00e1rios tipos de<\/p>\n","protected":false},"featured_media":14178,"comment_status":"open","ping_status":"closed","template":"","meta":{"_monsterinsights_skip_tracking":false,"_monsterinsights_sitenote_active":false,"_monsterinsights_sitenote_note":"","_monsterinsights_sitenote_category":0},"product_cat":[130],"product_tag":[],"class_list":{"0":"post-14177","1":"product","2":"type-product","3":"status-publish","4":"has-post-thumbnail","6":"product_cat-sofas1647012387","8":"first","9":"onbackorder","10":"sale","11":"taxable","12":"shipping-taxable","13":"purchasable","14":"product-type-simple"},"aioseo_notices":[],"_links":{"self":[{"href":"https:\/\/moveisantunes.com\/index.php?rest_route=\/wp\/v2\/product\/14177","targetHints":{"allow":["GET"]}}],"collection":[{"href":"https:\/\/moveisantunes.com\/index.php?rest_route=\/wp\/v2\/product"}],"about":[{"href":"https:\/\/moveisantunes.com\/index.php?rest_route=\/wp\/v2\/types\/product"}],"replies":[{"embeddable":true,"href":"https:\/\/moveisantunes.com\/index.php?rest_route=%2Fwp%2Fv2%2Fcomments&post=14177"}],"version-history":[{"count":1,"href":"https:\/\/moveisantunes.com\/index.php?rest_route=\/wp\/v2\/product\/14177\/revisions"}],"predecessor-version":[{"id":14179,"href":"https:\/\/moveisantunes.com\/index.php?rest_route=\/wp\/v2\/product\/14177\/revisions\/14179"}],"wp:featuredmedia":[{"embeddable":true,"href":"https:\/\/moveisantunes.com\/index.php?rest_route=\/wp\/v2\/media\/14178"}],"wp:attachment":[{"href":"https:\/\/moveisantunes.com\/index.php?rest_route=%2Fwp%2Fv2%2Fmedia&parent=14177"}],"wp:term":[{"taxonomy":"product_cat","embeddable":true,"href":"https:\/\/moveisantunes.com\/index.php?rest_route=%2Fwp%2Fv2%2Fproduct_cat&post=14177"},{"taxonomy":"product_tag","embeddable":true,"href":"https:\/\/moveisantunes.com\/index.php?rest_route=%2Fwp%2Fv2%2Fproduct_tag&post=14177"}],"curies":[{"name":"wp","href":"https:\/\/api.w.org\/{rel}","templated":true}]}}