{"id":14226,"date":"2025-04-11T08:53:44","date_gmt":"2025-04-11T08:53:44","guid":{"rendered":"https:\/\/moveisantunes.com\/?post_type=product&#038;p=14226"},"modified":"2025-04-11T08:56:16","modified_gmt":"2025-04-11T08:56:16","slug":"sofa-cama-majm431","status":"publish","type":"product","link":"https:\/\/moveisantunes.com\/?product=sofa-cama-majm431","title":{"rendered":"Sof\u00e1 cama MAJM431"},"content":{"rendered":"<p>Sof\u00e1 cama MAJM431<\/p>\n<p>Dimens\u00f5es:<br \/>\nSof\u00e1 cama 3L : L 184 \/ P 94\/131 \/ A 97<\/p>\n<p>Fabricamos em v\u00e1rios tipos de tecido e cores diferentes. Podemos fabricar por medida.<\/p>\n<p>&nbsp;<\/p>\n","protected":false},"excerpt":{"rendered":"<p>Sof\u00e1 cama MAJM431 Dimens\u00f5es: Sof\u00e1 cama 3L : L 184 \/ P 94\/131 \/ A 97 Fabricamos em v\u00e1rios tipos<\/p>\n","protected":false},"featured_media":14227,"comment_status":"open","ping_status":"closed","template":"","meta":{"_monsterinsights_skip_tracking":false,"_monsterinsights_sitenote_active":false,"_monsterinsights_sitenote_note":"","_monsterinsights_sitenote_category":0},"product_cat":[130],"product_tag":[],"class_list":{"0":"post-14226","1":"product","2":"type-product","3":"status-publish","4":"has-post-thumbnail","6":"product_cat-sofas1647012387","8":"first","9":"onbackorder","10":"sale","11":"taxable","12":"shipping-taxable","13":"purchasable","14":"product-type-simple"},"aioseo_notices":[],"_links":{"self":[{"href":"https:\/\/moveisantunes.com\/index.php?rest_route=\/wp\/v2\/product\/14226","targetHints":{"allow":["GET"]}}],"collection":[{"href":"https:\/\/moveisantunes.com\/index.php?rest_route=\/wp\/v2\/product"}],"about":[{"href":"https:\/\/moveisantunes.com\/index.php?rest_route=\/wp\/v2\/types\/product"}],"replies":[{"embeddable":true,"href":"https:\/\/moveisantunes.com\/index.php?rest_route=%2Fwp%2Fv2%2Fcomments&post=14226"}],"version-history":[{"count":1,"href":"https:\/\/moveisantunes.com\/index.php?rest_route=\/wp\/v2\/product\/14226\/revisions"}],"predecessor-version":[{"id":14229,"href":"https:\/\/moveisantunes.com\/index.php?rest_route=\/wp\/v2\/product\/14226\/revisions\/14229"}],"wp:featuredmedia":[{"embeddable":true,"href":"https:\/\/moveisantunes.com\/index.php?rest_route=\/wp\/v2\/media\/14227"}],"wp:attachment":[{"href":"https:\/\/moveisantunes.com\/index.php?rest_route=%2Fwp%2Fv2%2Fmedia&parent=14226"}],"wp:term":[{"taxonomy":"product_cat","embeddable":true,"href":"https:\/\/moveisantunes.com\/index.php?rest_route=%2Fwp%2Fv2%2Fproduct_cat&post=14226"},{"taxonomy":"product_tag","embeddable":true,"href":"https:\/\/moveisantunes.com\/index.php?rest_route=%2Fwp%2Fv2%2Fproduct_tag&post=14226"}],"curies":[{"name":"wp","href":"https:\/\/api.w.org\/{rel}","templated":true}]}}