{"id":14864,"date":"2025-10-01T12:45:37","date_gmt":"2025-10-01T12:45:37","guid":{"rendered":"https:\/\/moveisantunes.com\/?post_type=product&#038;p=14864"},"modified":"2025-10-01T12:45:37","modified_gmt":"2025-10-01T12:45:37","slug":"vitrine-aqua","status":"publish","type":"product","link":"https:\/\/moveisantunes.com\/?product=vitrine-aqua","title":{"rendered":"Vitrine Aqua"},"content":{"rendered":"<p>Vitrine Aqua, Vitrine AQ 02 e Vitrine AQ 03, s\u00e3o as op\u00e7\u00f5es com portas de vidro ou portas de madeira de design minimalista elegante, que combina a qualidade, design e pre\u00e7o. Composta por quatro portas e uma gaveta. Temos v\u00e1rios acabamentos dispon\u00edveis.<\/p>\n<p>Na foto com portas de madeira est\u00e1 presente o acabamento Carvalho Amazonas<br \/>\nNa foto com portas de vidro est\u00e1 presente o acabamento Nogueira Siroko.<\/p>\n","protected":false},"excerpt":{"rendered":"<p>O pre\u00e7o riscado \u00e9 o valores recomendado de mercado.<\/p>\n<p>Dimens\u00f5es: L 104, P 42, A 139.<\/p>\n<p>Na foto com portas de madeira est\u00e1 presente o acabamento Carvalho Amazonas<br \/>\nNa foto com portas de vidro est\u00e1 presente o acabamento Nogueira Siroko.<\/p>\n<p>Disponibilidade entre 4 a 6 semanas.<\/p>\n<p>Escolha as op\u00e7\u00e3o das portas e dos acabamentos que pretende.<\/p>\n<p>&nbsp;<\/p>\n","protected":false},"featured_media":14874,"comment_status":"open","ping_status":"closed","template":"","meta":{"_monsterinsights_skip_tracking":false,"_monsterinsights_sitenote_active":false,"_monsterinsights_sitenote_note":"","_monsterinsights_sitenote_category":0},"product_cat":[936],"product_tag":[],"class_list":{"0":"post-14864","1":"product","2":"type-product","3":"status-publish","4":"has-post-thumbnail","6":"product_cat-vitrine","8":"first","9":"onbackorder","10":"sale","11":"taxable","12":"shipping-taxable","13":"purchasable","14":"product-type-variable"},"aioseo_notices":[],"_links":{"self":[{"href":"https:\/\/moveisantunes.com\/index.php?rest_route=\/wp\/v2\/product\/14864","targetHints":{"allow":["GET"]}}],"collection":[{"href":"https:\/\/moveisantunes.com\/index.php?rest_route=\/wp\/v2\/product"}],"about":[{"href":"https:\/\/moveisantunes.com\/index.php?rest_route=\/wp\/v2\/types\/product"}],"replies":[{"embeddable":true,"href":"https:\/\/moveisantunes.com\/index.php?rest_route=%2Fwp%2Fv2%2Fcomments&post=14864"}],"version-history":[{"count":1,"href":"https:\/\/moveisantunes.com\/index.php?rest_route=\/wp\/v2\/product\/14864\/revisions"}],"predecessor-version":[{"id":14873,"href":"https:\/\/moveisantunes.com\/index.php?rest_route=\/wp\/v2\/product\/14864\/revisions\/14873"}],"wp:featuredmedia":[{"embeddable":true,"href":"https:\/\/moveisantunes.com\/index.php?rest_route=\/wp\/v2\/media\/14874"}],"wp:attachment":[{"href":"https:\/\/moveisantunes.com\/index.php?rest_route=%2Fwp%2Fv2%2Fmedia&parent=14864"}],"wp:term":[{"taxonomy":"product_cat","embeddable":true,"href":"https:\/\/moveisantunes.com\/index.php?rest_route=%2Fwp%2Fv2%2Fproduct_cat&post=14864"},{"taxonomy":"product_tag","embeddable":true,"href":"https:\/\/moveisantunes.com\/index.php?rest_route=%2Fwp%2Fv2%2Fproduct_tag&post=14864"}],"curies":[{"name":"wp","href":"https:\/\/api.w.org\/{rel}","templated":true}]}}