{"id":14901,"date":"2025-11-11T12:13:18","date_gmt":"2025-11-11T12:13:18","guid":{"rendered":"https:\/\/moveisantunes.com\/?post_type=product&#038;p=14901"},"modified":"2025-11-11T12:14:12","modified_gmt":"2025-11-11T12:14:12","slug":"sala-estar-aq-03","status":"publish","type":"product","link":"https:\/\/moveisantunes.com\/?product=sala-estar-aq-03","title":{"rendered":"Sala Estar AQ 03"},"content":{"rendered":"<p>Estante Sala Estar AQ 03.\u00a0 Uma estante para sala de estar de design moderno e elegante, fabricado com acabamento em melamina, composto por uma base de tv com tr\u00eas portas, uma base com bar baixo, duas prateleiras e um al\u00e7ado suspenso. Poder\u00e1 ainda adicionar ao conjunto a mesa de centro com gaveta. Poder\u00e1 configurar o seu conjunto com os v\u00e1rios acabamentos dispon\u00edveis.<br \/>\nPara outras informa\u00e7\u00f5es, ou d\u00favidas de entrega e montagem por favor, contacte-nos.<\/p>\n","protected":false},"excerpt":{"rendered":"<p>O pre\u00e7o riscado \u00e9 o valor recomendado de mercado.<\/p>\n<p>Dimens\u00f5es: L 308 \/ P 42<br \/>\nBase TV gavetas acabamento ripado: L 154 \/ P 42 \/ A 44<br \/>\nM\u00f3vel Bar Baixo acabamento ripado: L 154 \/ P 42 \/ A 83<br \/>\nPrateleira: L 104 \/ P 25 \/ A 4<br \/>\nAl\u00e7ado Porta : L 110 \/ P 35 \/ A 35<br \/>\nMesa Centro acabamento ripado: L 100 \/ P 60 \/ A 29<\/p>\n<p>Disponibilidade entre 4 a 6 semanas.<\/p>\n","protected":false},"featured_media":14911,"comment_status":"open","ping_status":"closed","template":"","meta":{"_monsterinsights_skip_tracking":false,"_monsterinsights_sitenote_active":false,"_monsterinsights_sitenote_note":"","_monsterinsights_sitenote_category":0},"product_cat":[120],"product_tag":[],"class_list":{"0":"post-14901","1":"product","2":"type-product","3":"status-publish","4":"has-post-thumbnail","6":"product_cat-salas-de-estar1647012367","8":"first","9":"onbackorder","10":"sale","11":"taxable","12":"shipping-taxable","13":"purchasable","14":"product-type-variable"},"aioseo_notices":[],"_links":{"self":[{"href":"https:\/\/moveisantunes.com\/index.php?rest_route=\/wp\/v2\/product\/14901","targetHints":{"allow":["GET"]}}],"collection":[{"href":"https:\/\/moveisantunes.com\/index.php?rest_route=\/wp\/v2\/product"}],"about":[{"href":"https:\/\/moveisantunes.com\/index.php?rest_route=\/wp\/v2\/types\/product"}],"replies":[{"embeddable":true,"href":"https:\/\/moveisantunes.com\/index.php?rest_route=%2Fwp%2Fv2%2Fcomments&post=14901"}],"version-history":[{"count":2,"href":"https:\/\/moveisantunes.com\/index.php?rest_route=\/wp\/v2\/product\/14901\/revisions"}],"predecessor-version":[{"id":14912,"href":"https:\/\/moveisantunes.com\/index.php?rest_route=\/wp\/v2\/product\/14901\/revisions\/14912"}],"wp:featuredmedia":[{"embeddable":true,"href":"https:\/\/moveisantunes.com\/index.php?rest_route=\/wp\/v2\/media\/14911"}],"wp:attachment":[{"href":"https:\/\/moveisantunes.com\/index.php?rest_route=%2Fwp%2Fv2%2Fmedia&parent=14901"}],"wp:term":[{"taxonomy":"product_cat","embeddable":true,"href":"https:\/\/moveisantunes.com\/index.php?rest_route=%2Fwp%2Fv2%2Fproduct_cat&post=14901"},{"taxonomy":"product_tag","embeddable":true,"href":"https:\/\/moveisantunes.com\/index.php?rest_route=%2Fwp%2Fv2%2Fproduct_tag&post=14901"}],"curies":[{"name":"wp","href":"https:\/\/api.w.org\/{rel}","templated":true}]}}