{"id":14949,"date":"2026-01-01T17:48:39","date_gmt":"2026-01-01T17:48:39","guid":{"rendered":"https:\/\/moveisantunes.com\/?post_type=product&#038;p=14949"},"modified":"2026-01-01T17:48:39","modified_gmt":"2026-01-01T17:48:39","slug":"movel-bar-baixo-aq-04","status":"publish","type":"product","link":"https:\/\/moveisantunes.com\/?product=movel-bar-baixo-aq-04","title":{"rendered":"M\u00f3vel Bar baixo AQ 04"},"content":{"rendered":"<p>M\u00f3vel Bar Baixo AQ 04 da linha Aqua, Um m\u00f3vel de bar baixo de design moderno e elegante ou um aparador mais pequeno para o apontamento certo na sua sala, composto por uma porta normal e duas portas basculantes, uma delas com vidro e p\u00e9s em metal. Pode ser personalizado com v\u00e1rios tipos de sabamentos dispon\u00edveis.<br \/>\nPara outras informa\u00e7\u00f5es, por favor, contacte-nos.<\/p>\n","protected":false},"excerpt":{"rendered":"<p>O pre\u00e7o riscado \u00e9 o pre\u00e7o recomendado de mercado.<\/p>\n<p>Dimens\u00f5es: L 1540 \/ P 42 \/ A 85<\/p>\n<p>Tempo m\u00e9dia de entrega entre 3 a 5 semanas.<\/p>\n","protected":false},"featured_media":14955,"comment_status":"open","ping_status":"closed","template":"","meta":{"_monsterinsights_skip_tracking":false,"_monsterinsights_sitenote_active":false,"_monsterinsights_sitenote_note":"","_monsterinsights_sitenote_category":0},"product_cat":[125,120],"product_tag":[],"class_list":{"0":"post-14949","1":"product","2":"type-product","3":"status-publish","4":"has-post-thumbnail","6":"product_cat-aparadores","7":"product_cat-salas-de-estar1647012367","9":"first","10":"instock","11":"sale","12":"taxable","13":"shipping-taxable","14":"purchasable","15":"product-type-variable"},"aioseo_notices":[],"_links":{"self":[{"href":"https:\/\/moveisantunes.com\/index.php?rest_route=\/wp\/v2\/product\/14949","targetHints":{"allow":["GET"]}}],"collection":[{"href":"https:\/\/moveisantunes.com\/index.php?rest_route=\/wp\/v2\/product"}],"about":[{"href":"https:\/\/moveisantunes.com\/index.php?rest_route=\/wp\/v2\/types\/product"}],"replies":[{"embeddable":true,"href":"https:\/\/moveisantunes.com\/index.php?rest_route=%2Fwp%2Fv2%2Fcomments&post=14949"}],"version-history":[{"count":1,"href":"https:\/\/moveisantunes.com\/index.php?rest_route=\/wp\/v2\/product\/14949\/revisions"}],"predecessor-version":[{"id":14959,"href":"https:\/\/moveisantunes.com\/index.php?rest_route=\/wp\/v2\/product\/14949\/revisions\/14959"}],"wp:featuredmedia":[{"embeddable":true,"href":"https:\/\/moveisantunes.com\/index.php?rest_route=\/wp\/v2\/media\/14955"}],"wp:attachment":[{"href":"https:\/\/moveisantunes.com\/index.php?rest_route=%2Fwp%2Fv2%2Fmedia&parent=14949"}],"wp:term":[{"taxonomy":"product_cat","embeddable":true,"href":"https:\/\/moveisantunes.com\/index.php?rest_route=%2Fwp%2Fv2%2Fproduct_cat&post=14949"},{"taxonomy":"product_tag","embeddable":true,"href":"https:\/\/moveisantunes.com\/index.php?rest_route=%2Fwp%2Fv2%2Fproduct_tag&post=14949"}],"curies":[{"name":"wp","href":"https:\/\/api.w.org\/{rel}","templated":true}]}}