{"id":15038,"date":"2026-03-03T10:24:59","date_gmt":"2026-03-03T10:24:59","guid":{"rendered":"https:\/\/moveisantunes.com\/?post_type=product&#038;p=15038"},"modified":"2026-03-03T10:24:59","modified_gmt":"2026-03-03T10:24:59","slug":"sala-estar-aq-05","status":"publish","type":"product","link":"https:\/\/moveisantunes.com\/?product=sala-estar-aq-05","title":{"rendered":"Sala Estar AQ 05"},"content":{"rendered":"<p>Estante Sala Estar AQ 05.\u00a0 Uma estante para sala de estar de design moderno e elegante, fabricado com acabamento em melamina, uma solu\u00e7\u00e3o que combina a qualidade, design e pre\u00e7o. Acabamento da foto apresentada composto por melamina carvalho glaciar com melamina p\u00e9rola suave e p\u00e9s met\u00e1licos brancos. Poder\u00e1 configurar o seu conjunto com os v\u00e1rios acabamentos dispon\u00edveis e com outros modulos ou disposotos de maneiras diferentes.<br \/>\nPara outras informa\u00e7\u00f5es, ou d\u00favidas de entrega e montagem por favor, contacte-nos.<\/p>\n","protected":false},"excerpt":{"rendered":"<p>O pre\u00e7o riscado \u00e9 o valor recomendado de mercado.<\/p>\n<p>Dimens\u00f5es: L 308 \/ P 42<br \/>\nBase baixa 2 gavet\u00f5es com Apoio TV: L 154 \/ P 42 \/ A 49 (na foto s\u00e3o apresentadas 2 unidades destas juntas)<br \/>\nColuna porta madeira : L 35 \/ P 35 \/ A 110<br \/>\nColuna porta vidro : L 35 \/ P 35 \/ A 110<\/p>\n<p>Mesa Centro tampo sobreposto AQ: L 100 \/ P 60 \/ A 36<\/p>\n<p>Disponibilidade entre 4 a 6 semanas.<\/p>\n<p>&nbsp;<\/p>\n","protected":false},"featured_media":15058,"comment_status":"open","ping_status":"closed","template":"","meta":{"_monsterinsights_skip_tracking":false,"_monsterinsights_sitenote_active":false,"_monsterinsights_sitenote_note":"","_monsterinsights_sitenote_category":0},"product_cat":[172,120,15],"product_tag":[],"class_list":{"0":"post-15038","1":"product","2":"type-product","3":"status-publish","4":"has-post-thumbnail","6":"product_cat-moveis-de-tv","7":"product_cat-salas-de-estar1647012367","8":"product_cat-sem-categoria","10":"first","11":"onbackorder","12":"sale","13":"taxable","14":"shipping-taxable","15":"purchasable","16":"product-type-variable"},"aioseo_notices":[],"_links":{"self":[{"href":"https:\/\/moveisantunes.com\/index.php?rest_route=\/wp\/v2\/product\/15038","targetHints":{"allow":["GET"]}}],"collection":[{"href":"https:\/\/moveisantunes.com\/index.php?rest_route=\/wp\/v2\/product"}],"about":[{"href":"https:\/\/moveisantunes.com\/index.php?rest_route=\/wp\/v2\/types\/product"}],"replies":[{"embeddable":true,"href":"https:\/\/moveisantunes.com\/index.php?rest_route=%2Fwp%2Fv2%2Fcomments&post=15038"}],"version-history":[{"count":2,"href":"https:\/\/moveisantunes.com\/index.php?rest_route=\/wp\/v2\/product\/15038\/revisions"}],"predecessor-version":[{"id":15040,"href":"https:\/\/moveisantunes.com\/index.php?rest_route=\/wp\/v2\/product\/15038\/revisions\/15040"}],"wp:featuredmedia":[{"embeddable":true,"href":"https:\/\/moveisantunes.com\/index.php?rest_route=\/wp\/v2\/media\/15058"}],"wp:attachment":[{"href":"https:\/\/moveisantunes.com\/index.php?rest_route=%2Fwp%2Fv2%2Fmedia&parent=15038"}],"wp:term":[{"taxonomy":"product_cat","embeddable":true,"href":"https:\/\/moveisantunes.com\/index.php?rest_route=%2Fwp%2Fv2%2Fproduct_cat&post=15038"},{"taxonomy":"product_tag","embeddable":true,"href":"https:\/\/moveisantunes.com\/index.php?rest_route=%2Fwp%2Fv2%2Fproduct_tag&post=15038"}],"curies":[{"name":"wp","href":"https:\/\/api.w.org\/{rel}","templated":true}]}}