{"id":15061,"date":"2026-05-12T09:48:34","date_gmt":"2026-05-12T09:48:34","guid":{"rendered":"https:\/\/moveisantunes.com\/?post_type=product&#038;p=15061"},"modified":"2026-05-12T09:48:34","modified_gmt":"2026-05-12T09:48:34","slug":"sala-de-estar-aq-06","status":"publish","type":"product","link":"https:\/\/moveisantunes.com\/?product=sala-de-estar-aq-06","title":{"rendered":"Sala de Estar AQ 06"},"content":{"rendered":"<p>Estante de Sala de Estar Aqua 06. Uma estante para sala de estar de design moderno e elegante, composto por um m\u00f3vel de TV com 2 portas e 1 gaveta e um painel para TV. Fabricado com acabamento em melamina, uma solu\u00e7\u00e3o que combina a qualidade, design e pre\u00e7o. Acabamento da foto apresentada composto por melamina Nogueira Siroko e p\u00e9s met\u00e1licos pretos. Pode ainda adicionar a mesa de centro. Poder\u00e1 personalizar o seu conjunto com os diversos acabamentos dispon\u00edveis.<br \/>\nPara outras informa\u00e7\u00f5es, ou d\u00favidas de entrega e montagem por favor, contacte-nos.<\/p>\n","protected":false},"excerpt":{"rendered":"<p>O pre\u00e7o riscado \u00e9 o valor recomendado de mercado.<\/p>\n<p>Dimens\u00f5es: L 174 \/ P 42<br \/>\nBase TV 2 portas e 1 gaveta: L 154 \/ P 42 \/ A 49<br \/>\nPainel TV: L 174 \/ P 4 \/ A 110<\/p>\n<p>Mesa Centro tampo sobreposto AQ: L 100 \/ P 60 \/ A 36<\/p>\n<p>Disponibilidade entre 4 a 6 semanas.<\/p>\n","protected":false},"featured_media":15077,"comment_status":"open","ping_status":"closed","template":"","meta":{"_monsterinsights_skip_tracking":false,"_monsterinsights_sitenote_active":false,"_monsterinsights_sitenote_note":"","_monsterinsights_sitenote_category":0},"product_cat":[172,120,15],"product_tag":[],"class_list":{"0":"post-15061","1":"product","2":"type-product","3":"status-publish","4":"has-post-thumbnail","6":"product_cat-moveis-de-tv","7":"product_cat-salas-de-estar1647012367","8":"product_cat-sem-categoria","10":"first","11":"onbackorder","12":"sale","13":"taxable","14":"shipping-taxable","15":"purchasable","16":"product-type-variable"},"aioseo_notices":[],"_links":{"self":[{"href":"https:\/\/moveisantunes.com\/index.php?rest_route=\/wp\/v2\/product\/15061","targetHints":{"allow":["GET"]}}],"collection":[{"href":"https:\/\/moveisantunes.com\/index.php?rest_route=\/wp\/v2\/product"}],"about":[{"href":"https:\/\/moveisantunes.com\/index.php?rest_route=\/wp\/v2\/types\/product"}],"replies":[{"embeddable":true,"href":"https:\/\/moveisantunes.com\/index.php?rest_route=%2Fwp%2Fv2%2Fcomments&post=15061"}],"version-history":[{"count":3,"href":"https:\/\/moveisantunes.com\/index.php?rest_route=\/wp\/v2\/product\/15061\/revisions"}],"predecessor-version":[{"id":15064,"href":"https:\/\/moveisantunes.com\/index.php?rest_route=\/wp\/v2\/product\/15061\/revisions\/15064"}],"wp:featuredmedia":[{"embeddable":true,"href":"https:\/\/moveisantunes.com\/index.php?rest_route=\/wp\/v2\/media\/15077"}],"wp:attachment":[{"href":"https:\/\/moveisantunes.com\/index.php?rest_route=%2Fwp%2Fv2%2Fmedia&parent=15061"}],"wp:term":[{"taxonomy":"product_cat","embeddable":true,"href":"https:\/\/moveisantunes.com\/index.php?rest_route=%2Fwp%2Fv2%2Fproduct_cat&post=15061"},{"taxonomy":"product_tag","embeddable":true,"href":"https:\/\/moveisantunes.com\/index.php?rest_route=%2Fwp%2Fv2%2Fproduct_tag&post=15061"}],"curies":[{"name":"wp","href":"https:\/\/api.w.org\/{rel}","templated":true}]}}