{"id":8657,"date":"2018-05-18T18:05:50","date_gmt":"2018-05-18T18:05:50","guid":{"rendered":"https:\/\/moveisantunes.com\/?product=estrado-standard"},"modified":"2025-05-06T11:06:59","modified_gmt":"2025-05-06T11:06:59","slug":"estrado-standard","status":"publish","type":"product","link":"https:\/\/moveisantunes.com\/?product=estrado-standard","title":{"rendered":"Estrado Standard"},"content":{"rendered":"<p>Estrado Standard, sin\u00f3nimo de tradi\u00e7\u00e3o e qualidade, fruto de conforto e robustez. \u00c0 estrutura met\u00e1lica em tubo de a\u00e7o (35*25*1mm) \u00e9 aplicado um tratamento antioxidante e pintada com tinta epoxi-poliestar. Ripas em madeira de eucalipto coladas em fina camadas e pel\u00edcula anti-derrapante \u00e0 superf\u00edcie, com canais de circula\u00e7\u00e3o de ar for\u00e7ado. Tem a op\u00e7\u00e3o de colocar uns p\u00e9s para o tornar numa cama independente.<\/p>\n<p>Dimens\u00f5es v\u00e1rias poss\u00edveis.<\/p>\n<p>Seleccione a medida pretendida, o valor varia consoante a medida.<\/p>\n<p>O valor dos p\u00e9s para estrado \u00e9 calculado \u00e0 parte.<\/p>\n<p>&nbsp;<\/p>\n<p>&nbsp;<\/p>\n","protected":false},"excerpt":{"rendered":"<p>Estrado Standard, sin\u00f3nimo de tradi\u00e7\u00e3o e qualidade, fruto de conforto e robustez. \u00c0 estrutura met\u00e1lica em tubo de a\u00e7o (35*25*1mm)<\/p>\n","protected":false},"featured_media":8593,"comment_status":"open","ping_status":"closed","template":"","meta":{"_monsterinsights_skip_tracking":false,"_monsterinsights_sitenote_active":false,"_monsterinsights_sitenote_note":"","_monsterinsights_sitenote_category":0},"product_cat":[128],"product_tag":[145,144,143],"class_list":{"0":"post-8657","1":"product","2":"type-product","3":"status-publish","4":"has-post-thumbnail","6":"product_cat-estrados-e-somier","7":"product_tag-estrados","8":"product_tag-mindol","9":"product_tag-estrado-standard","11":"first","12":"instock","13":"taxable","14":"shipping-taxable","15":"purchasable","16":"product-type-variable"},"aioseo_notices":[],"_links":{"self":[{"href":"https:\/\/moveisantunes.com\/index.php?rest_route=\/wp\/v2\/product\/8657","targetHints":{"allow":["GET"]}}],"collection":[{"href":"https:\/\/moveisantunes.com\/index.php?rest_route=\/wp\/v2\/product"}],"about":[{"href":"https:\/\/moveisantunes.com\/index.php?rest_route=\/wp\/v2\/types\/product"}],"replies":[{"embeddable":true,"href":"https:\/\/moveisantunes.com\/index.php?rest_route=%2Fwp%2Fv2%2Fcomments&post=8657"}],"version-history":[{"count":1,"href":"https:\/\/moveisantunes.com\/index.php?rest_route=\/wp\/v2\/product\/8657\/revisions"}],"predecessor-version":[{"id":10708,"href":"https:\/\/moveisantunes.com\/index.php?rest_route=\/wp\/v2\/product\/8657\/revisions\/10708"}],"wp:featuredmedia":[{"embeddable":true,"href":"https:\/\/moveisantunes.com\/index.php?rest_route=\/wp\/v2\/media\/8593"}],"wp:attachment":[{"href":"https:\/\/moveisantunes.com\/index.php?rest_route=%2Fwp%2Fv2%2Fmedia&parent=8657"}],"wp:term":[{"taxonomy":"product_cat","embeddable":true,"href":"https:\/\/moveisantunes.com\/index.php?rest_route=%2Fwp%2Fv2%2Fproduct_cat&post=8657"},{"taxonomy":"product_tag","embeddable":true,"href":"https:\/\/moveisantunes.com\/index.php?rest_route=%2Fwp%2Fv2%2Fproduct_tag&post=8657"}],"curies":[{"name":"wp","href":"https:\/\/api.w.org\/{rel}","templated":true}]}}