{"id":8706,"date":"2018-06-15T16:32:07","date_gmt":"2018-06-15T16:32:07","guid":{"rendered":"https:\/\/moveisantunes.com\/?product=quarto-cr02"},"modified":"2022-05-02T10:38:30","modified_gmt":"2022-05-02T10:38:30","slug":"quarto-cr02","status":"publish","type":"product","link":"https:\/\/moveisantunes.com\/?product=quarto-cr02","title":{"rendered":"Quarto CR02"},"content":{"rendered":"<p>Quarto CR02<\/p>\n<p>Dimens\u00f5es:<br \/>Cama: L 155 \/ P 207 \/ A 98 (para colch\u00e3o 195*140 temos dispon\u00edvel tamb\u00e9m de 150 e 160)&nbsp; <br \/>Mesa cabeceira 2 gavetas: L 55 \/ P 36 \/ A 46<br \/>C\u00f3moda 3 gavetas: L 105 \/ P 50 \/ A 80<br \/>Espelho: L 93 \/ A 60<\/p>\n","protected":false},"excerpt":{"rendered":"<p>Quarto CR02 Dimens\u00f5es:Cama: L 155 \/ P 207 \/ A 98 (para colch\u00e3o 195*140 temos dispon\u00edvel tamb\u00e9m de 150 e<\/p>\n","protected":false},"featured_media":8707,"comment_status":"open","ping_status":"closed","template":"","meta":{"_monsterinsights_skip_tracking":false,"_monsterinsights_sitenote_active":false,"_monsterinsights_sitenote_note":"","_monsterinsights_sitenote_category":0},"product_cat":[117],"product_tag":[179],"class_list":{"0":"post-8706","1":"product","2":"type-product","3":"status-publish","4":"has-post-thumbnail","6":"product_cat-quartos-casal1647012361","7":"product_tag-quarto-cr02","9":"first","10":"instock","11":"taxable","12":"shipping-taxable","13":"product-type-simple"},"aioseo_notices":[],"_links":{"self":[{"href":"https:\/\/moveisantunes.com\/index.php?rest_route=\/wp\/v2\/product\/8706","targetHints":{"allow":["GET"]}}],"collection":[{"href":"https:\/\/moveisantunes.com\/index.php?rest_route=\/wp\/v2\/product"}],"about":[{"href":"https:\/\/moveisantunes.com\/index.php?rest_route=\/wp\/v2\/types\/product"}],"replies":[{"embeddable":true,"href":"https:\/\/moveisantunes.com\/index.php?rest_route=%2Fwp%2Fv2%2Fcomments&post=8706"}],"version-history":[{"count":1,"href":"https:\/\/moveisantunes.com\/index.php?rest_route=\/wp\/v2\/product\/8706\/revisions"}],"predecessor-version":[{"id":10465,"href":"https:\/\/moveisantunes.com\/index.php?rest_route=\/wp\/v2\/product\/8706\/revisions\/10465"}],"wp:featuredmedia":[{"embeddable":true,"href":"https:\/\/moveisantunes.com\/index.php?rest_route=\/wp\/v2\/media\/8707"}],"wp:attachment":[{"href":"https:\/\/moveisantunes.com\/index.php?rest_route=%2Fwp%2Fv2%2Fmedia&parent=8706"}],"wp:term":[{"taxonomy":"product_cat","embeddable":true,"href":"https:\/\/moveisantunes.com\/index.php?rest_route=%2Fwp%2Fv2%2Fproduct_cat&post=8706"},{"taxonomy":"product_tag","embeddable":true,"href":"https:\/\/moveisantunes.com\/index.php?rest_route=%2Fwp%2Fv2%2Fproduct_tag&post=8706"}],"curies":[{"name":"wp","href":"https:\/\/api.w.org\/{rel}","templated":true}]}}