{"id":8820,"date":"2018-10-02T11:51:43","date_gmt":"2018-10-02T11:51:43","guid":{"rendered":"https:\/\/moveisantunes.com\/?product=colchao-evolution-2000"},"modified":"2021-08-16T10:13:13","modified_gmt":"2021-08-16T10:13:13","slug":"colchao-evolution-2000","status":"publish","type":"product","link":"https:\/\/moveisantunes.com\/?product=colchao-evolution-2000","title":{"rendered":"Colch\u00e3o Evolution 2000"},"content":{"rendered":"<p>Colch\u00e3o Evolution 2000,<\/p>\n<p> Caracter\u00edsticas:<br \/>Tecido &#8211; Tecido de malha strecht face1 e tecido airflow preto face2<br \/>Face1 &#8211; Placa de viscoel\u00e1stica, fibras hipoalerg\u00e9nicas e placa eliocel<br \/>Face2 &#8211; Placa de eliocel, fibras hipoalerg\u00e9nicas e placa de eliocel<br \/>N\u00facleo &#8211; Bloo eliocell<br \/>Firmeza m\u00e9dia<\/p>\n<p>Dimens\u00f5es v\u00e1rias poss\u00edveis.<\/p>\n<p>Seleccione a medida pretendida, o valor varia consoante a medida. <\/p>\n<p><\/p>\n<p>Nota: Grafeno, a incorpora\u00e7\u00e3o do grafeno ao colch\u00e3o, converte a zona de contacto num espa\u00e7o hipercondutivo capaz de processar altas doses de fluxo t\u00e9rmico, permitindo um descanso sem acumula\u00e7\u00e3o de temperatura..<\/p>\n<p>Nota: Airflow, O tecido respir\u00e1vel. Sistema que permite o m\u00e1ximo de ventila\u00e7\u00e3o do interior do colch\u00e3o. Elimina 100% das humidades absorvidas pelo colch\u00e3o, permitindo um sono relaxante e saud\u00e1vel.<\/p>\n<p><\/p>\n<p><\/p>\n","protected":false},"excerpt":{"rendered":"<p>Colch\u00e3o Evolution 2000, Caracter\u00edsticas:Tecido &#8211; Tecido de malha strecht face1 e tecido airflow preto face2Face1 &#8211; Placa de viscoel\u00e1stica, fibras<\/p>\n","protected":false},"featured_media":8821,"comment_status":"open","ping_status":"closed","template":"","meta":{"_monsterinsights_skip_tracking":false,"_monsterinsights_sitenote_active":false,"_monsterinsights_sitenote_note":"","_monsterinsights_sitenote_category":0},"product_cat":[129],"product_tag":[145,144,198],"class_list":{"0":"post-8820","1":"product","2":"type-product","3":"status-publish","4":"has-post-thumbnail","6":"product_cat-colchoes-e-almofadas","7":"product_tag-estrados","8":"product_tag-mindol","9":"product_tag-colchao-thermogel","11":"first","12":"instock","13":"taxable","14":"shipping-taxable","15":"purchasable","16":"product-type-variable"},"aioseo_notices":[],"_links":{"self":[{"href":"https:\/\/moveisantunes.com\/index.php?rest_route=\/wp\/v2\/product\/8820","targetHints":{"allow":["GET"]}}],"collection":[{"href":"https:\/\/moveisantunes.com\/index.php?rest_route=\/wp\/v2\/product"}],"about":[{"href":"https:\/\/moveisantunes.com\/index.php?rest_route=\/wp\/v2\/types\/product"}],"replies":[{"embeddable":true,"href":"https:\/\/moveisantunes.com\/index.php?rest_route=%2Fwp%2Fv2%2Fcomments&post=8820"}],"version-history":[{"count":0,"href":"https:\/\/moveisantunes.com\/index.php?rest_route=\/wp\/v2\/product\/8820\/revisions"}],"wp:featuredmedia":[{"embeddable":true,"href":"https:\/\/moveisantunes.com\/index.php?rest_route=\/wp\/v2\/media\/8821"}],"wp:attachment":[{"href":"https:\/\/moveisantunes.com\/index.php?rest_route=%2Fwp%2Fv2%2Fmedia&parent=8820"}],"wp:term":[{"taxonomy":"product_cat","embeddable":true,"href":"https:\/\/moveisantunes.com\/index.php?rest_route=%2Fwp%2Fv2%2Fproduct_cat&post=8820"},{"taxonomy":"product_tag","embeddable":true,"href":"https:\/\/moveisantunes.com\/index.php?rest_route=%2Fwp%2Fv2%2Fproduct_tag&post=8820"}],"curies":[{"name":"wp","href":"https:\/\/api.w.org\/{rel}","templated":true}]}}