{"id":8926,"date":"2019-06-06T18:00:10","date_gmt":"2019-06-06T18:00:10","guid":{"rendered":"https:\/\/moveisantunes.com\/?product=quarto-medidas-1"},"modified":"2022-05-02T10:42:34","modified_gmt":"2022-05-02T10:42:34","slug":"quarto-medidas-1","status":"publish","type":"product","link":"https:\/\/moveisantunes.com\/?product=quarto-medidas-1","title":{"rendered":"Quarto medidas 1"},"content":{"rendered":"<p>Neste caso a cliente pediu uma solu\u00e7\u00e3o para um quarto vers\u00e1til com secret\u00e1ria que n\u00e3o roubasse espa\u00e7o uma vez que o quarto tinha umas dimens\u00f5es pouco convencionais, foi apresentada um quarto em Faia com acabamento cerejeira e puxadore brancos e um m\u00f3vel escrit\u00f3rio com secret\u00e1ria independente e retr\u00e1ctil.<\/p>\n<p>Fabricamos em todas as medidas que os clientes necessitam.<\/p>\n<p>Mostramos aqui os desenhos t\u00e9cnicos apresentados \u00e0 cliente e depois o resultado final.<\/p>\n<p>Design de interiores by, Jorge Antunes. (Todos os direitos reservados)<\/p>\n<p><\/p>\n","protected":false},"excerpt":{"rendered":"<p>Neste caso a cliente pediu uma solu\u00e7\u00e3o para um quarto vers\u00e1til com secret\u00e1ria que n\u00e3o roubasse espa\u00e7o uma vez que<\/p>\n","protected":false},"featured_media":8927,"comment_status":"open","ping_status":"closed","template":"","meta":{"_monsterinsights_skip_tracking":false,"_monsterinsights_sitenote_active":false,"_monsterinsights_sitenote_note":"","_monsterinsights_sitenote_category":0},"product_cat":[167],"product_tag":[261],"class_list":{"0":"post-8926","1":"product","2":"type-product","3":"status-publish","4":"has-post-thumbnail","6":"product_cat-trabalhosmedidas","7":"product_tag-quarto-medidas-1","9":"first","10":"instock","11":"product-type-simple"},"aioseo_notices":[],"_links":{"self":[{"href":"https:\/\/moveisantunes.com\/index.php?rest_route=\/wp\/v2\/product\/8926","targetHints":{"allow":["GET"]}}],"collection":[{"href":"https:\/\/moveisantunes.com\/index.php?rest_route=\/wp\/v2\/product"}],"about":[{"href":"https:\/\/moveisantunes.com\/index.php?rest_route=\/wp\/v2\/types\/product"}],"replies":[{"embeddable":true,"href":"https:\/\/moveisantunes.com\/index.php?rest_route=%2Fwp%2Fv2%2Fcomments&post=8926"}],"version-history":[{"count":1,"href":"https:\/\/moveisantunes.com\/index.php?rest_route=\/wp\/v2\/product\/8926\/revisions"}],"predecessor-version":[{"id":10485,"href":"https:\/\/moveisantunes.com\/index.php?rest_route=\/wp\/v2\/product\/8926\/revisions\/10485"}],"wp:featuredmedia":[{"embeddable":true,"href":"https:\/\/moveisantunes.com\/index.php?rest_route=\/wp\/v2\/media\/8927"}],"wp:attachment":[{"href":"https:\/\/moveisantunes.com\/index.php?rest_route=%2Fwp%2Fv2%2Fmedia&parent=8926"}],"wp:term":[{"taxonomy":"product_cat","embeddable":true,"href":"https:\/\/moveisantunes.com\/index.php?rest_route=%2Fwp%2Fv2%2Fproduct_cat&post=8926"},{"taxonomy":"product_tag","embeddable":true,"href":"https:\/\/moveisantunes.com\/index.php?rest_route=%2Fwp%2Fv2%2Fproduct_tag&post=8926"}],"curies":[{"name":"wp","href":"https:\/\/api.w.org\/{rel}","templated":true}]}}