{"id":8972,"date":"2019-08-29T12:44:52","date_gmt":"2019-08-29T12:44:52","guid":{"rendered":"https:\/\/moveisantunes.com\/?product=colchao-bio-latex"},"modified":"2021-08-16T10:12:41","modified_gmt":"2021-08-16T10:12:41","slug":"colchao-bio-latex","status":"publish","type":"product","link":"https:\/\/moveisantunes.com\/?product=colchao-bio-latex","title":{"rendered":"Colch\u00e3o Bio L\u00e1tex"},"content":{"rendered":"<p>Colch\u00e3o Bio L\u00e1tex<\/p>\n<p>Colch\u00e3o em l\u00e1tex natural e com capa amov\u00edvel.<\/p>\n<p> Caracter\u00edsticas:<span class=\"tlid-translation translation\" lang=\"en\"><span title=\"\"><br \/>Tecido &#8211; Capa amov\u00edvel de malha strecht<br \/>N\u00facleo &#8211; Bloco de l\u00e1tex<br \/>Firmeza suave<\/span><\/span><\/p>\n<p><span class=\"tlid-translation translation\" lang=\"en\"><span title=\"\">Altura +- 18cm<\/p>\n<p>Dimens\u00f5es v\u00e1rias poss\u00edveis.<br \/>Seleccione a medida pretendida, o valor varia consoante a medida.<\/p>\n<p><\/span><\/span><span class=\"tlid-translation translation\" lang=\"en\"><span title=\"\"><\/span><\/span><span class=\"tlid-translation-gender-indicator translation-gender-indicator\"><\/span><span class=\"tlid-trans-verified-button trans-verified-button\" role=\"button\" style=\"display: none;\"><\/span><\/p>\n<p><\/p>\n","protected":false},"excerpt":{"rendered":"<p>Colch\u00e3o Bio L\u00e1tex Colch\u00e3o em l\u00e1tex natural e com capa amov\u00edvel. Caracter\u00edsticas:Tecido &#8211; Capa amov\u00edvel de malha strechtN\u00facleo &#8211; Bloco<\/p>\n","protected":false},"featured_media":8880,"comment_status":"open","ping_status":"closed","template":"","meta":{"_monsterinsights_skip_tracking":false,"_monsterinsights_sitenote_active":false,"_monsterinsights_sitenote_note":"","_monsterinsights_sitenote_category":0},"product_cat":[129],"product_tag":[145,144,271],"class_list":{"0":"post-8972","1":"product","2":"type-product","3":"status-publish","4":"has-post-thumbnail","6":"product_cat-colchoes-e-almofadas","7":"product_tag-estrados","8":"product_tag-mindol","9":"product_tag-colchao-bio-latex","11":"first","12":"instock","13":"taxable","14":"shipping-taxable","15":"purchasable","16":"product-type-variable"},"aioseo_notices":[],"_links":{"self":[{"href":"https:\/\/moveisantunes.com\/index.php?rest_route=\/wp\/v2\/product\/8972","targetHints":{"allow":["GET"]}}],"collection":[{"href":"https:\/\/moveisantunes.com\/index.php?rest_route=\/wp\/v2\/product"}],"about":[{"href":"https:\/\/moveisantunes.com\/index.php?rest_route=\/wp\/v2\/types\/product"}],"replies":[{"embeddable":true,"href":"https:\/\/moveisantunes.com\/index.php?rest_route=%2Fwp%2Fv2%2Fcomments&post=8972"}],"version-history":[{"count":0,"href":"https:\/\/moveisantunes.com\/index.php?rest_route=\/wp\/v2\/product\/8972\/revisions"}],"wp:featuredmedia":[{"embeddable":true,"href":"https:\/\/moveisantunes.com\/index.php?rest_route=\/wp\/v2\/media\/8880"}],"wp:attachment":[{"href":"https:\/\/moveisantunes.com\/index.php?rest_route=%2Fwp%2Fv2%2Fmedia&parent=8972"}],"wp:term":[{"taxonomy":"product_cat","embeddable":true,"href":"https:\/\/moveisantunes.com\/index.php?rest_route=%2Fwp%2Fv2%2Fproduct_cat&post=8972"},{"taxonomy":"product_tag","embeddable":true,"href":"https:\/\/moveisantunes.com\/index.php?rest_route=%2Fwp%2Fv2%2Fproduct_tag&post=8972"}],"curies":[{"name":"wp","href":"https:\/\/api.w.org\/{rel}","templated":true}]}}