{"id":8988,"date":"2019-09-04T18:33:34","date_gmt":"2019-09-04T18:33:34","guid":{"rendered":"https:\/\/moveisantunes.com\/?product=colchao-high-sense"},"modified":"2023-03-16T14:09:07","modified_gmt":"2023-03-16T14:09:07","slug":"colchao-high-sense","status":"publish","type":"product","link":"https:\/\/moveisantunes.com\/?product=colchao-high-sense","title":{"rendered":"Colch\u00e3o High Sense"},"content":{"rendered":"<p>Colch\u00e3o High Sense<\/p>\n<p>Colch\u00e3o com viscoel\u00e1stica, com bloco de eliocel perfilado e com capa amov\u00edvel.<\/p>\n<p>Caracter\u00edsticas:<\/p>\n<p><strong>Tecido &#8211;<\/strong>\u00a0Tecido malha strecht.<\/p>\n<p><strong>Faces<\/strong><\/p>\n<ul style=\"margin-left: 40px;\">\n<li>Fibras hipoalerg\u00e9nicas<\/li>\n<li>Capa de malha interior<\/li>\n<li>Placa de viscoel\u00e1stica<\/li>\n<li>Fecho \u00e9clair<\/li>\n<\/ul>\n<p><strong>N\u00facleo\u00a0<\/strong><\/p>\n<ul style=\"margin-left: 40px;\">\n<li>Bloco de eliocel perfilado<\/li>\n<\/ul>\n<p>\u200b<strong>Firmeza soft<\/strong><\/p>\n<p><span class=\"tlid-translation translation\" lang=\"en\"><span title=\"\">Altura +- 21cm<\/span><\/span><\/p>\n<p>Dimens\u00f5es v\u00e1rias poss\u00edveis.<br \/>\nSeleccione a medida pretendida, o valor varia consoante a medida.<\/p>\n<p>&nbsp;<\/p>\n<p>&nbsp;<\/p>\n","protected":false},"excerpt":{"rendered":"<p>O pre\u00e7o riscado \u00e9 o pre\u00e7o de venda recomendado de mercado.<\/p>\n","protected":false},"featured_media":8989,"comment_status":"open","ping_status":"closed","template":"","meta":{"_monsterinsights_skip_tracking":false,"_monsterinsights_sitenote_active":false,"_monsterinsights_sitenote_note":"","_monsterinsights_sitenote_category":0},"product_cat":[129],"product_tag":[145,144,274],"class_list":{"0":"post-8988","1":"product","2":"type-product","3":"status-publish","4":"has-post-thumbnail","6":"product_cat-colchoes-e-almofadas","7":"product_tag-estrados","8":"product_tag-mindol","9":"product_tag-colchao-high-sense","11":"first","12":"instock","13":"sale","14":"taxable","15":"shipping-taxable","16":"purchasable","17":"product-type-variable"},"aioseo_notices":[],"_links":{"self":[{"href":"https:\/\/moveisantunes.com\/index.php?rest_route=\/wp\/v2\/product\/8988","targetHints":{"allow":["GET"]}}],"collection":[{"href":"https:\/\/moveisantunes.com\/index.php?rest_route=\/wp\/v2\/product"}],"about":[{"href":"https:\/\/moveisantunes.com\/index.php?rest_route=\/wp\/v2\/types\/product"}],"replies":[{"embeddable":true,"href":"https:\/\/moveisantunes.com\/index.php?rest_route=%2Fwp%2Fv2%2Fcomments&post=8988"}],"version-history":[{"count":2,"href":"https:\/\/moveisantunes.com\/index.php?rest_route=\/wp\/v2\/product\/8988\/revisions"}],"predecessor-version":[{"id":10944,"href":"https:\/\/moveisantunes.com\/index.php?rest_route=\/wp\/v2\/product\/8988\/revisions\/10944"}],"wp:featuredmedia":[{"embeddable":true,"href":"https:\/\/moveisantunes.com\/index.php?rest_route=\/wp\/v2\/media\/8989"}],"wp:attachment":[{"href":"https:\/\/moveisantunes.com\/index.php?rest_route=%2Fwp%2Fv2%2Fmedia&parent=8988"}],"wp:term":[{"taxonomy":"product_cat","embeddable":true,"href":"https:\/\/moveisantunes.com\/index.php?rest_route=%2Fwp%2Fv2%2Fproduct_cat&post=8988"},{"taxonomy":"product_tag","embeddable":true,"href":"https:\/\/moveisantunes.com\/index.php?rest_route=%2Fwp%2Fv2%2Fproduct_tag&post=8988"}],"curies":[{"name":"wp","href":"https:\/\/api.w.org\/{rel}","templated":true}]}}